{"id":36260,"date":"2026-04-02T20:58:19","date_gmt":"2026-04-02T17:58:19","guid":{"rendered":"http:\/\/new.ceasuri.md\/shop\/uncategorized\/fossil-commuter-me3159\/"},"modified":"2026-04-20T00:24:56","modified_gmt":"2026-04-19T21:24:56","slug":"fossil-commuter-me3159","status":"publish","type":"product","link":"https:\/\/ceasuri.md\/ru\/shop\/branduri\/fossil\/fossil-commuter-me3159\/","title":{"rendered":"\u0427\u0430\u0441\u044b FOSSIL COMMUTER ME3159"},"content":{"rendered":"<p>Cadranul deschis v\u0103 permite s\u0103 v\u0103 bucura\u021bi de func\u021bionarea impecabil\u0103 a mi\u0219c\u0103rii ceasului.<\/p>\n<p>Ceas scheletat.<\/p>\n<p>Fundul carcasei transparent.<\/p>\n<p>Curea din piele.<\/p>","protected":false},"excerpt":{"rendered":"<p>Cadranul deschis v\u0103 permite s\u0103 v\u0103 bucura\u021bi de func\u021bionarea impecabil\u0103 a mi\u0219c\u0103rii ceasului. Ceas scheletat. Fundul carcasei transparent. Curea din piele.<\/p>","protected":false},"featured_media":36261,"comment_status":"closed","ping_status":"open","template":"","meta":{"_acf_changed":false},"product_brand":[],"product_cat":[20,396],"product_tag":[],"class_list":{"0":"post-36260","1":"product","2":"type-product","3":"status-publish","4":"has-post-thumbnail","6":"product_cat-ceasuri-barbati","7":"product_cat-fossil","8":"pa_brand-fossil","9":"pa_braslet-piele","10":"pa_corpus-42-mm","11":"pa_forma-rotund","12":"pa_funcii-semischelet","13":"pa_garatia-24-luni","14":"pa_korpus-argintiu","15":"pa_material-otel-inoxidabil-periat","16":"pa_mehanizm-mecanic","17":"pa_mehanizm-mecanism-automatic","18":"pa_remeshok-maro","19":"pa_steklo-cristal-mineral","20":"pa_strana-sua","21":"pa_voda-5-atm","23":"first","24":"instock","25":"purchasable","26":"product-type-simple"},"acf":[],"_links":{"self":[{"href":"https:\/\/ceasuri.md\/ru\/wp-json\/wp\/v2\/product\/36260","targetHints":{"allow":["GET"]}}],"collection":[{"href":"https:\/\/ceasuri.md\/ru\/wp-json\/wp\/v2\/product"}],"about":[{"href":"https:\/\/ceasuri.md\/ru\/wp-json\/wp\/v2\/types\/product"}],"replies":[{"embeddable":true,"href":"https:\/\/ceasuri.md\/ru\/wp-json\/wp\/v2\/comments?post=36260"}],"wp:featuredmedia":[{"embeddable":true,"href":"https:\/\/ceasuri.md\/ru\/wp-json\/wp\/v2\/media\/36261"}],"wp:attachment":[{"href":"https:\/\/ceasuri.md\/ru\/wp-json\/wp\/v2\/media?parent=36260"}],"wp:term":[{"taxonomy":"product_brand","embeddable":true,"href":"https:\/\/ceasuri.md\/ru\/wp-json\/wp\/v2\/product_brand?post=36260"},{"taxonomy":"product_cat","embeddable":true,"href":"https:\/\/ceasuri.md\/ru\/wp-json\/wp\/v2\/product_cat?post=36260"},{"taxonomy":"product_tag","embeddable":true,"href":"https:\/\/ceasuri.md\/ru\/wp-json\/wp\/v2\/product_tag?post=36260"}],"curies":[{"name":"wp","href":"https:\/\/api.w.org\/{rel}","templated":true}]}}