{"id":36233,"date":"2026-04-02T20:57:29","date_gmt":"2026-04-02T17:57:29","guid":{"rendered":"http:\/\/new.ceasuri.md\/shop\/uncategorized\/fossil-neutra-chrono-fs5627\/"},"modified":"2026-04-17T13:25:48","modified_gmt":"2026-04-17T10:25:48","slug":"fossil-neutra-chrono-fs5627","status":"publish","type":"product","link":"https:\/\/ceasuri.md\/ru\/shop\/branduri\/fossil\/fossil-neutra-chrono-fs5627\/","title":{"rendered":"Ceas FOSSIL NEUTRA CHRONO FS5627"},"content":{"rendered":"<p>Un ceas cronograf elegant, cu o carcas\u0103 argintie, care va fi pe placul celor mai preten\u021bio\u0219i b\u0103rba\u021bi.<\/p>\n<p>Ceas cronograf cu cronometru.<\/p>\n<p>Cadran cu liniu\u021be \u0219i cifre romane.<\/p>\n<p>Format de timp de 12 \u0219i 24 de ore.<\/p>\n<p>Fereastr\u0103 pentru dat\u0103.<\/p>\n<p>Curea cu cataram\u0103 clasic\u0103.<\/p>","protected":false},"excerpt":{"rendered":"<p>Un ceas cronograf elegant, cu o carcas\u0103 argintie, care va fi pe placul celor mai preten\u021bio\u0219i b\u0103rba\u021bi. Ceas cronograf cu cronometru. Cadran cu liniu\u021be \u0219i cifre romane. Format de timp de 12 \u0219i 24 de ore. Fereastr\u0103 pentru dat\u0103. Curea cu cataram\u0103 clasic\u0103.<\/p>","protected":false},"featured_media":36234,"comment_status":"closed","ping_status":"open","template":"","meta":{"_acf_changed":false},"product_brand":[],"product_cat":[20,396],"product_tag":[],"class_list":{"0":"post-36233","1":"product","2":"type-product","3":"status-publish","4":"has-post-thumbnail","6":"product_cat-ceasuri-barbati","7":"product_cat-fossil","8":"pa_brand-fossil","9":"pa_braslet-piele","10":"pa_corpus-44-mm","11":"pa_forma-rotund","12":"pa_funcii-cronograf","13":"pa_funcii-data","14":"pa_garatia-24-luni","15":"pa_korpus-argintiu","16":"pa_korpus-negru","17":"pa_kvarc-quartz","18":"pa_material-otel-inoxidabil","19":"pa_mehanizm-quartz","20":"pa_remeshok-maro","21":"pa_steklo-cristal-mineral","22":"pa_strana-sua","23":"pa_voda-5-atm","25":"first","26":"instock","27":"purchasable","28":"product-type-simple"},"acf":[],"_links":{"self":[{"href":"https:\/\/ceasuri.md\/ru\/wp-json\/wp\/v2\/product\/36233","targetHints":{"allow":["GET"]}}],"collection":[{"href":"https:\/\/ceasuri.md\/ru\/wp-json\/wp\/v2\/product"}],"about":[{"href":"https:\/\/ceasuri.md\/ru\/wp-json\/wp\/v2\/types\/product"}],"replies":[{"embeddable":true,"href":"https:\/\/ceasuri.md\/ru\/wp-json\/wp\/v2\/comments?post=36233"}],"wp:featuredmedia":[{"embeddable":true,"href":"https:\/\/ceasuri.md\/ru\/wp-json\/wp\/v2\/media\/36234"}],"wp:attachment":[{"href":"https:\/\/ceasuri.md\/ru\/wp-json\/wp\/v2\/media?parent=36233"}],"wp:term":[{"taxonomy":"product_brand","embeddable":true,"href":"https:\/\/ceasuri.md\/ru\/wp-json\/wp\/v2\/product_brand?post=36233"},{"taxonomy":"product_cat","embeddable":true,"href":"https:\/\/ceasuri.md\/ru\/wp-json\/wp\/v2\/product_cat?post=36233"},{"taxonomy":"product_tag","embeddable":true,"href":"https:\/\/ceasuri.md\/ru\/wp-json\/wp\/v2\/product_tag?post=36233"}],"curies":[{"name":"wp","href":"https:\/\/api.w.org\/{rel}","templated":true}]}}