{"id":36217,"date":"2026-04-02T20:57:29","date_gmt":"2026-04-02T17:57:29","guid":{"rendered":"http:\/\/new.ceasuri.md\/shop\/uncategorized\/fossil-forrester-fs5589\/"},"modified":"2026-04-21T12:43:21","modified_gmt":"2026-04-21T09:43:21","slug":"fossil-forrester-fs5589","status":"publish","type":"product","link":"https:\/\/ceasuri.md\/ru\/shop\/branduri\/fossil\/fossil-forrester-fs5589\/","title":{"rendered":"Ceas FOSSIL FORRESTER FS5589"},"content":{"rendered":"<p>Un ceas practic, cu carcas\u0103 rotund\u0103 \u0219i curea din piele, ideal pentru stilul de via\u021b\u0103 modern de ast\u0103zi.<\/p>\n<p>Ceas cu cuar\u021b cu fereastr\u0103 pentru dat\u0103 pe cadran.<\/p>\n<p>Carcas\u0103 din o\u021bel.<\/p>","protected":false},"excerpt":{"rendered":"<p>Un ceas practic, cu carcas\u0103 rotund\u0103 \u0219i curea din piele, ideal pentru stilul de via\u021b\u0103 modern de ast\u0103zi. Ceas cu cuar\u021b cu fereastr\u0103 pentru dat\u0103 pe cadran. Carcas\u0103 din o\u021bel.<\/p>","protected":false},"featured_media":36218,"comment_status":"closed","ping_status":"open","template":"","meta":{"_acf_changed":false},"product_brand":[],"product_cat":[20,396],"product_tag":[],"class_list":{"0":"post-36217","1":"product","2":"type-product","3":"status-publish","4":"has-post-thumbnail","6":"product_cat-ceasuri-barbati","7":"product_cat-fossil","8":"pa_brand-fossil","9":"pa_braslet-piele","10":"pa_corpus-42-mm","11":"pa_forma-rotund","12":"pa_funcii-data","13":"pa_garatia-24-luni","14":"pa_korpus-argintiu","15":"pa_kvarc-quartz","16":"pa_material-otel-inoxidabil","17":"pa_mehanizm-quartz","18":"pa_remeshok-maro","19":"pa_steklo-cristal-mineral","20":"pa_strana-sua","21":"pa_voda-5-atm","23":"first","24":"outofstock","25":"purchasable","26":"product-type-simple"},"acf":[],"_links":{"self":[{"href":"https:\/\/ceasuri.md\/ru\/wp-json\/wp\/v2\/product\/36217","targetHints":{"allow":["GET"]}}],"collection":[{"href":"https:\/\/ceasuri.md\/ru\/wp-json\/wp\/v2\/product"}],"about":[{"href":"https:\/\/ceasuri.md\/ru\/wp-json\/wp\/v2\/types\/product"}],"replies":[{"embeddable":true,"href":"https:\/\/ceasuri.md\/ru\/wp-json\/wp\/v2\/comments?post=36217"}],"wp:featuredmedia":[{"embeddable":true,"href":"https:\/\/ceasuri.md\/ru\/wp-json\/wp\/v2\/media\/36218"}],"wp:attachment":[{"href":"https:\/\/ceasuri.md\/ru\/wp-json\/wp\/v2\/media?parent=36217"}],"wp:term":[{"taxonomy":"product_brand","embeddable":true,"href":"https:\/\/ceasuri.md\/ru\/wp-json\/wp\/v2\/product_brand?post=36217"},{"taxonomy":"product_cat","embeddable":true,"href":"https:\/\/ceasuri.md\/ru\/wp-json\/wp\/v2\/product_cat?post=36217"},{"taxonomy":"product_tag","embeddable":true,"href":"https:\/\/ceasuri.md\/ru\/wp-json\/wp\/v2\/product_tag?post=36217"}],"curies":[{"name":"wp","href":"https:\/\/api.w.org\/{rel}","templated":true}]}}