{"id":36213,"date":"2026-04-02T20:57:29","date_gmt":"2026-04-02T17:57:29","guid":{"rendered":"http:\/\/new.ceasuri.md\/shop\/uncategorized\/fossil-neutra-chrono-fs5582\/"},"modified":"2026-04-20T00:23:55","modified_gmt":"2026-04-19T21:23:55","slug":"fossil-neutra-chrono-fs5582","status":"publish","type":"product","link":"https:\/\/ceasuri.md\/ru\/shop\/branduri\/fossil\/fossil-neutra-chrono-fs5582\/","title":{"rendered":"Ceas FOSSIL NEUTRA CHRONO FS5582"},"content":{"rendered":"<p>Ceas Fossil pentru b\u0103rba\u021bi cu cadran gri cu m\u00e2ini argintii, luneta fix\u0103 din o\u021bel inoxidabil \u0219i o carcas\u0103 argintie din o\u021bel inoxidabil cu o curea din piele maro.<\/p>\n<p>Mi\u0219care cu cuar\u021b cu afi\u0219aj analogic.<\/p>\n<p>Forma rotund\u0103 a carcasei cu un diametru de 44 mm.<\/p>\n<p>Fundul carcasei masiv.<\/p>\n<p>Func\u021bii: Cronograf, or\u0103, minut, secund\u0103.<\/p>\n<p>Rezisten\u021b\u0103 la ap\u0103 p\u00e2n\u0103 la 50 de metri.<\/p>","protected":false},"excerpt":{"rendered":"<p>Ceas Fossil pentru b\u0103rba\u021bi cu cadran gri cu m\u00e2ini argintii, luneta fix\u0103 din o\u021bel inoxidabil \u0219i o carcas\u0103 argintie din o\u021bel inoxidabil cu o curea din piele maro. Mi\u0219care cu cuar\u021b cu afi\u0219aj analogic. Forma rotund\u0103 a carcasei cu un diametru de 44 mm. Fundul carcasei masiv. Func\u021bii: Cronograf, or\u0103, minut, secund\u0103. Rezisten\u021b\u0103 la ap\u0103 [&hellip;]<\/p>\n","protected":false},"featured_media":36214,"comment_status":"closed","ping_status":"open","template":"","meta":{"_acf_changed":false},"product_brand":[],"product_cat":[20,396],"product_tag":[],"class_list":{"0":"post-36213","1":"product","2":"type-product","3":"status-publish","4":"has-post-thumbnail","6":"product_cat-ceasuri-barbati","7":"product_cat-fossil","8":"pa_brand-fossil","9":"pa_braslet-piele","10":"pa_corpus-44-mm","11":"pa_decor-cristale-swarowski","12":"pa_forma-rotund","13":"pa_funcii-cronograf","14":"pa_garatia-24-luni","15":"pa_korpus-gri","16":"pa_kvarc-quartz","17":"pa_material-otel-inoxidabil-periat","18":"pa_mehanizm-quartz","19":"pa_remeshok-maro","20":"pa_steklo-cristal-mineral","21":"pa_strana-sua","22":"pa_voda-5-atm","24":"first","25":"instock","26":"purchasable","27":"product-type-simple"},"acf":[],"_links":{"self":[{"href":"https:\/\/ceasuri.md\/ru\/wp-json\/wp\/v2\/product\/36213","targetHints":{"allow":["GET"]}}],"collection":[{"href":"https:\/\/ceasuri.md\/ru\/wp-json\/wp\/v2\/product"}],"about":[{"href":"https:\/\/ceasuri.md\/ru\/wp-json\/wp\/v2\/types\/product"}],"replies":[{"embeddable":true,"href":"https:\/\/ceasuri.md\/ru\/wp-json\/wp\/v2\/comments?post=36213"}],"wp:featuredmedia":[{"embeddable":true,"href":"https:\/\/ceasuri.md\/ru\/wp-json\/wp\/v2\/media\/36214"}],"wp:attachment":[{"href":"https:\/\/ceasuri.md\/ru\/wp-json\/wp\/v2\/media?parent=36213"}],"wp:term":[{"taxonomy":"product_brand","embeddable":true,"href":"https:\/\/ceasuri.md\/ru\/wp-json\/wp\/v2\/product_brand?post=36213"},{"taxonomy":"product_cat","embeddable":true,"href":"https:\/\/ceasuri.md\/ru\/wp-json\/wp\/v2\/product_cat?post=36213"},{"taxonomy":"product_tag","embeddable":true,"href":"https:\/\/ceasuri.md\/ru\/wp-json\/wp\/v2\/product_tag?post=36213"}],"curies":[{"name":"wp","href":"https:\/\/api.w.org\/{rel}","templated":true}]}}