{"id":36158,"date":"2026-04-02T20:56:36","date_gmt":"2026-04-02T17:56:36","guid":{"rendered":"http:\/\/new.ceasuri.md\/shop\/uncategorized\/fossil-goodwin-fs5501\/"},"modified":"2026-04-15T16:48:28","modified_gmt":"2026-04-15T13:48:28","slug":"fossil-goodwin-fs5501","status":"publish","type":"product","link":"https:\/\/ceasuri.md\/ru\/shop\/branduri\/fossil\/fossil-goodwin-fs5501\/","title":{"rendered":"Ceas FOSSIL GOODWIN FS5501"},"content":{"rendered":"<p>Ceas cronograf cu carcas\u0103 rotund\u0103 din o\u021bel negru placat cu negru.<\/p>\n<p>Cadran negru, scal\u0103 tahimetric\u0103.<\/p>\n<p>L\u0103\u021bimea curelei 22 mm, circumferin\u021ba 200 +\/- 5 mm, \u00eenchidere cu cataram\u0103.<\/p>","protected":false},"excerpt":{"rendered":"<p>Ceas cronograf cu carcas\u0103 rotund\u0103 din o\u021bel negru placat cu negru. Cadran negru, scal\u0103 tahimetric\u0103. L\u0103\u021bimea curelei 22 mm, circumferin\u021ba 200 +\/- 5 mm, \u00eenchidere cu cataram\u0103.<\/p>","protected":false},"featured_media":36159,"comment_status":"closed","ping_status":"open","template":"","meta":{"_acf_changed":false},"product_brand":[],"product_cat":[20,396],"product_tag":[],"class_list":{"0":"post-36158","1":"product","2":"type-product","3":"status-publish","4":"has-post-thumbnail","6":"product_cat-ceasuri-barbati","7":"product_cat-fossil","8":"pa_brand-fossil","9":"pa_braslet-piele","10":"pa_corpus-44-mm","11":"pa_forma-rotund","12":"pa_funcii-cronograf","13":"pa_funcii-data","14":"pa_funcii-tahimetru","15":"pa_garatia-24-luni","16":"pa_korpus-negru","17":"pa_kvarc-quartz","18":"pa_material-otel-inoxidabil-periat","19":"pa_mehanizm-quartz","20":"pa_remeshok-maro","21":"pa_steklo-cristal-mineral","22":"pa_strana-sua","23":"pa_voda-5-atm","25":"first","26":"instock","27":"purchasable","28":"product-type-simple"},"acf":[],"_links":{"self":[{"href":"https:\/\/ceasuri.md\/ru\/wp-json\/wp\/v2\/product\/36158","targetHints":{"allow":["GET"]}}],"collection":[{"href":"https:\/\/ceasuri.md\/ru\/wp-json\/wp\/v2\/product"}],"about":[{"href":"https:\/\/ceasuri.md\/ru\/wp-json\/wp\/v2\/types\/product"}],"replies":[{"embeddable":true,"href":"https:\/\/ceasuri.md\/ru\/wp-json\/wp\/v2\/comments?post=36158"}],"wp:featuredmedia":[{"embeddable":true,"href":"https:\/\/ceasuri.md\/ru\/wp-json\/wp\/v2\/media\/36159"}],"wp:attachment":[{"href":"https:\/\/ceasuri.md\/ru\/wp-json\/wp\/v2\/media?parent=36158"}],"wp:term":[{"taxonomy":"product_brand","embeddable":true,"href":"https:\/\/ceasuri.md\/ru\/wp-json\/wp\/v2\/product_brand?post=36158"},{"taxonomy":"product_cat","embeddable":true,"href":"https:\/\/ceasuri.md\/ru\/wp-json\/wp\/v2\/product_cat?post=36158"},{"taxonomy":"product_tag","embeddable":true,"href":"https:\/\/ceasuri.md\/ru\/wp-json\/wp\/v2\/product_tag?post=36158"}],"curies":[{"name":"wp","href":"https:\/\/api.w.org\/{rel}","templated":true}]}}