{"id":36119,"date":"2026-04-02T20:56:36","date_gmt":"2026-04-02T17:56:36","guid":{"rendered":"http:\/\/new.ceasuri.md\/shop\/uncategorized\/fossil-prismatic-galaxy-es4731\/"},"modified":"2026-04-15T16:48:22","modified_gmt":"2026-04-15T13:48:22","slug":"fossil-prismatic-galaxy-es4731","status":"publish","type":"product","link":"https:\/\/ceasuri.md\/ru\/shop\/branduri\/fossil\/fossil-prismatic-galaxy-es4731\/","title":{"rendered":"Ceas FOSSIL PRISMATIC GALAXY ES4731"},"content":{"rendered":"<p>Designul vibrant al cadranului creeaz\u0103 un accesoriu impecabil, care nu v\u0103 va l\u0103sa neobservat de ceilal\u021bi.<\/p>\n<p>Ultra-sub\u021bire. Carcas\u0103 clasic\u0103 rotund\u0103 cu cristal mineral fa\u021betat.<\/p>\n<p>Curea din piele cu cataram\u0103 clasic\u0103 \u0219i op\u021biune de schimbare rapid\u0103.<\/p>","protected":false},"excerpt":{"rendered":"<p>Designul vibrant al cadranului creeaz\u0103 un accesoriu impecabil, care nu v\u0103 va l\u0103sa neobservat de ceilal\u021bi. Ultra-sub\u021bire. Carcas\u0103 clasic\u0103 rotund\u0103 cu cristal mineral fa\u021betat. Curea din piele cu cataram\u0103 clasic\u0103 \u0219i op\u021biune de schimbare rapid\u0103.<\/p>","protected":false},"featured_media":36120,"comment_status":"closed","ping_status":"open","template":"","meta":{"_acf_changed":false},"product_brand":[],"product_cat":[25,396],"product_tag":[],"class_list":{"0":"post-36119","1":"product","2":"type-product","3":"status-publish","4":"has-post-thumbnail","6":"product_cat-ceasuri-dama","7":"product_cat-fossil","8":"pa_brand-fossil","9":"pa_braslet-piele","10":"pa_corpus-33-mm","11":"pa_forma-rotund","12":"pa_garatia-24-luni","13":"pa_korpus-roz-gold","14":"pa_kvarc-quartz","15":"pa_material-otel-inoxidabil","16":"pa_mehanizm-quartz","17":"pa_remeshok-rosu","18":"pa_steklo-cristal-mineral","19":"pa_strana-sua","20":"pa_voda-5-atm","22":"first","23":"instock","24":"purchasable","25":"product-type-simple"},"acf":[],"_links":{"self":[{"href":"https:\/\/ceasuri.md\/ru\/wp-json\/wp\/v2\/product\/36119","targetHints":{"allow":["GET"]}}],"collection":[{"href":"https:\/\/ceasuri.md\/ru\/wp-json\/wp\/v2\/product"}],"about":[{"href":"https:\/\/ceasuri.md\/ru\/wp-json\/wp\/v2\/types\/product"}],"replies":[{"embeddable":true,"href":"https:\/\/ceasuri.md\/ru\/wp-json\/wp\/v2\/comments?post=36119"}],"wp:featuredmedia":[{"embeddable":true,"href":"https:\/\/ceasuri.md\/ru\/wp-json\/wp\/v2\/media\/36120"}],"wp:attachment":[{"href":"https:\/\/ceasuri.md\/ru\/wp-json\/wp\/v2\/media?parent=36119"}],"wp:term":[{"taxonomy":"product_brand","embeddable":true,"href":"https:\/\/ceasuri.md\/ru\/wp-json\/wp\/v2\/product_brand?post=36119"},{"taxonomy":"product_cat","embeddable":true,"href":"https:\/\/ceasuri.md\/ru\/wp-json\/wp\/v2\/product_cat?post=36119"},{"taxonomy":"product_tag","embeddable":true,"href":"https:\/\/ceasuri.md\/ru\/wp-json\/wp\/v2\/product_tag?post=36119"}],"curies":[{"name":"wp","href":"https:\/\/api.w.org\/{rel}","templated":true}]}}