{"id":36068,"date":"2026-04-02T20:55:35","date_gmt":"2026-04-02T17:55:35","guid":{"rendered":"http:\/\/new.ceasuri.md\/shop\/uncategorized\/fossil-mini-scarlette-es4593\/"},"modified":"2026-04-16T20:59:16","modified_gmt":"2026-04-16T17:59:16","slug":"fossil-mini-scarlette-es4593","status":"publish","type":"product","link":"https:\/\/ceasuri.md\/ru\/shop\/branduri\/fossil\/fossil-mini-scarlette-es4593\/","title":{"rendered":"Ceas FOSSIL ES4593 Scarlette"},"content":{"rendered":"<p>Designul original al acestui ceas viu colorat va reflecta natura ambi\u021bioas\u0103 a fetei \u00eencrez\u0103toare de ast\u0103zi.<\/p>\n<p>Fereastr\u0103 pentru dat\u0103 cu lup\u0103.<\/p>\n<p>Cadranul este realizat prin tehnologia Sunray.<\/p>\n<p>Carcas\u0103 rotund\u0103 cu curea din piele.<\/p>","protected":false},"excerpt":{"rendered":"<p>Designul original al acestui ceas viu colorat va reflecta natura ambi\u021bioas\u0103 a fetei \u00eencrez\u0103toare de ast\u0103zi. Fereastr\u0103 pentru dat\u0103 cu lup\u0103. Cadranul este realizat prin tehnologia Sunray. Carcas\u0103 rotund\u0103 cu curea din piele.<\/p>","protected":false},"featured_media":36069,"comment_status":"closed","ping_status":"open","template":"","meta":{"_acf_changed":false},"product_brand":[],"product_cat":[25,396],"product_tag":[],"class_list":{"0":"post-36068","1":"product","2":"type-product","3":"status-publish","4":"has-post-thumbnail","6":"product_cat-ceasuri-dama","7":"product_cat-fossil","8":"pa_brand-fossil","9":"pa_braslet-piele","10":"pa_corpus-32-mm","11":"pa_decor-cristale-swarowski","12":"pa_forma-rotund","13":"pa_funcii-data","14":"pa_garatia-24-luni","15":"pa_korpus-auriu","16":"pa_kvarc-quartz","17":"pa_material-otel-inoxidabil","18":"pa_mehanizm-quartz","19":"pa_remeshok-tricolor","20":"pa_steklo-cristal-mineral","21":"pa_strana-sua","22":"pa_voda-5-atm","24":"first","25":"instock","26":"purchasable","27":"product-type-simple"},"acf":[],"_links":{"self":[{"href":"https:\/\/ceasuri.md\/ru\/wp-json\/wp\/v2\/product\/36068","targetHints":{"allow":["GET"]}}],"collection":[{"href":"https:\/\/ceasuri.md\/ru\/wp-json\/wp\/v2\/product"}],"about":[{"href":"https:\/\/ceasuri.md\/ru\/wp-json\/wp\/v2\/types\/product"}],"replies":[{"embeddable":true,"href":"https:\/\/ceasuri.md\/ru\/wp-json\/wp\/v2\/comments?post=36068"}],"wp:featuredmedia":[{"embeddable":true,"href":"https:\/\/ceasuri.md\/ru\/wp-json\/wp\/v2\/media\/36069"}],"wp:attachment":[{"href":"https:\/\/ceasuri.md\/ru\/wp-json\/wp\/v2\/media?parent=36068"}],"wp:term":[{"taxonomy":"product_brand","embeddable":true,"href":"https:\/\/ceasuri.md\/ru\/wp-json\/wp\/v2\/product_brand?post=36068"},{"taxonomy":"product_cat","embeddable":true,"href":"https:\/\/ceasuri.md\/ru\/wp-json\/wp\/v2\/product_cat?post=36068"},{"taxonomy":"product_tag","embeddable":true,"href":"https:\/\/ceasuri.md\/ru\/wp-json\/wp\/v2\/product_tag?post=36068"}],"curies":[{"name":"wp","href":"https:\/\/api.w.org\/{rel}","templated":true}]}}