{"id":36058,"date":"2026-04-02T20:55:35","date_gmt":"2026-04-02T17:55:35","guid":{"rendered":"http:\/\/new.ceasuri.md\/shop\/uncategorized\/fossil-madeline-es4537\/"},"modified":"2026-04-16T20:59:16","modified_gmt":"2026-04-16T17:59:16","slug":"fossil-madeline-es4537","status":"publish","type":"product","link":"https:\/\/ceasuri.md\/ru\/shop\/branduri\/fossil\/fossil-madeline-es4537\/","title":{"rendered":"Ceas FOSSIL ES4537 Machine"},"content":{"rendered":"<p>Combina\u021bia perfect\u0103 de feminitate seduc\u0103toare, elegan\u021b\u0103 \u0219i func\u021bionalitate.<\/p>\n<p>Acest ceas este completarea perfect\u0103 a look-ului t\u0103u.<\/p>\n<p>Ceas Madeline cu trei m\u00e2ini pe o curea din piele natural\u0103.<\/p>\n<p>Ultra-sub\u021bire.<\/p>","protected":false},"excerpt":{"rendered":"<p>Combina\u021bia perfect\u0103 de feminitate seduc\u0103toare, elegan\u021b\u0103 \u0219i func\u021bionalitate. Acest ceas este completarea perfect\u0103 a look-ului t\u0103u. Ceas Madeline cu trei m\u00e2ini pe o curea din piele natural\u0103. Ultra-sub\u021bire.<\/p>","protected":false},"featured_media":36059,"comment_status":"closed","ping_status":"open","template":"","meta":{"_acf_changed":false},"product_brand":[],"product_cat":[25,396],"product_tag":[],"class_list":{"0":"post-36058","1":"product","2":"type-product","3":"status-publish","4":"has-post-thumbnail","6":"product_cat-ceasuri-dama","7":"product_cat-fossil","8":"pa_brand-fossil","9":"pa_braslet-piele","10":"pa_corpus-38-mm","11":"pa_decor-cristale-swarowski","12":"pa_forma-rotund","13":"pa_garatia-24-luni","14":"pa_korpus-roz-gold","15":"pa_kvarc-quartz","16":"pa_material-otel-inoxidabil","17":"pa_mehanizm-quartz","18":"pa_remeshok-roz","19":"pa_steklo-cristal-mineral","20":"pa_strana-sua","21":"pa_voda-5-atm","23":"first","24":"instock","25":"purchasable","26":"product-type-simple"},"acf":[],"_links":{"self":[{"href":"https:\/\/ceasuri.md\/ru\/wp-json\/wp\/v2\/product\/36058","targetHints":{"allow":["GET"]}}],"collection":[{"href":"https:\/\/ceasuri.md\/ru\/wp-json\/wp\/v2\/product"}],"about":[{"href":"https:\/\/ceasuri.md\/ru\/wp-json\/wp\/v2\/types\/product"}],"replies":[{"embeddable":true,"href":"https:\/\/ceasuri.md\/ru\/wp-json\/wp\/v2\/comments?post=36058"}],"wp:featuredmedia":[{"embeddable":true,"href":"https:\/\/ceasuri.md\/ru\/wp-json\/wp\/v2\/media\/36059"}],"wp:attachment":[{"href":"https:\/\/ceasuri.md\/ru\/wp-json\/wp\/v2\/media?parent=36058"}],"wp:term":[{"taxonomy":"product_brand","embeddable":true,"href":"https:\/\/ceasuri.md\/ru\/wp-json\/wp\/v2\/product_brand?post=36058"},{"taxonomy":"product_cat","embeddable":true,"href":"https:\/\/ceasuri.md\/ru\/wp-json\/wp\/v2\/product_cat?post=36058"},{"taxonomy":"product_tag","embeddable":true,"href":"https:\/\/ceasuri.md\/ru\/wp-json\/wp\/v2\/product_tag?post=36058"}],"curies":[{"name":"wp","href":"https:\/\/api.w.org\/{rel}","templated":true}]}}