{"id":35963,"date":"2026-04-02T20:54:32","date_gmt":"2026-04-02T17:54:32","guid":{"rendered":"http:\/\/new.ceasuri.md\/shop\/uncategorized\/junghans-attache-chronograph-027-4551-00\/"},"modified":"2026-04-19T15:15:24","modified_gmt":"2026-04-19T12:15:24","slug":"junghans-attache-chronograph-027-4551-00","status":"publish","type":"product","link":"https:\/\/ceasuri.md\/ru\/shop\/branduri\/junghans\/junghans-attache-chronograph-027-4551-00\/","title":{"rendered":"\u0427\u0430\u0441\u044b JUNGHANS ATTACHE CHRONOGRAPH 027\/4551.00"},"content":{"rendered":"<p>Fabrica de ceasuri Gebrueder Junghans (Junghans, Germania) a fost fondat\u0103 \u00een 1861 de Erhard Junghans \u00een ora\u0219ul Schramber din \u201eP\u0103durea Neagr\u0103\u201d (sudul Germaniei). Marca Junghans a devenit rapid sinonim\u0103 cu manopera excelent\u0103.<\/p>\n<p>Primul ceas cu sigla Junghans a fost proiectat \u0219i fabricat \u00een 1866. De atunci, Junghans a fost autosuficient\u0103 \u00een toate domeniile, de la mi\u0219care la designul carcasei.<\/p>\n<p>Compania Junghans de\u021bine pozi\u021bii de lider pe pia\u021ba ceasurilor: primul ceas de m\u00e2n\u0103 german, primul cronograf de m\u00e2n\u0103 german, primul ceas cu cuar\u021b german.<\/p>\n<p>\u00cen 1877, prima marc\u0103 a fabricii &#8211; \u201eEagle with Banner\u201d &#8211; este \u00eenregistrat\u0103 ca marc\u0103 comercial\u0103. \u00cen 1890, marca Jughans a fost dezvoltat\u0103 &#8211; o stea cu opt v\u00e2rfuri a fost ad\u0103ugat\u0103 la simbolul m\u0103rcii. Iar trei ani mai t\u00e2rziu, pentru prima dat\u0103 \u00een lume, se trece pragul de un milion de ceasuri \u0219i este vorba despre un ceas Junghans. \u00cen 1903, Junghans devine cea mai mare fabric\u0103 de ceasuri, cu filiale \u00een \u00eentreaga lume.<\/p>\n<p>Numele Junghans a devenit un simbol al calit\u0103\u021bii \u0219i fiabilit\u0103\u021bii muncii germane.<\/p>","protected":false},"excerpt":{"rendered":"<p>Fabrica de ceasuri Gebrueder Junghans (Junghans, Germania) a fost fondat\u0103 \u00een 1861 de Erhard Junghans \u00een ora\u0219ul Schramber din \u201eP\u0103durea Neagr\u0103\u201d (sudul Germaniei). Marca Junghans a devenit rapid sinonim\u0103 cu manopera excelent\u0103. Primul ceas cu sigla Junghans a fost proiectat \u0219i fabricat \u00een 1866. De atunci, Junghans a fost autosuficient\u0103 \u00een toate domeniile, de la [&hellip;]<\/p>\n","protected":false},"featured_media":35964,"comment_status":"closed","ping_status":"open","template":"","meta":{"_acf_changed":false},"product_brand":[],"product_cat":[20,106,641,205],"product_tag":[595,691,693,695,692],"class_list":{"0":"post-35963","1":"product","2":"type-product","3":"status-publish","4":"has-post-thumbnail","6":"product_cat-ceasuri-barbati","7":"product_cat-ceasuri-premium","8":"product_cat-junghans","9":"product_cat-limited-edition","10":"product_tag-cronograf","11":"product_tag-691","12":"product_tag-693","13":"product_tag-695","14":"product_tag-692","15":"pa_brand-junghans","16":"pa_braslet-piele","17":"pa_corpus-42-mm","18":"pa_forma-rotund","19":"pa_funcii-cronograf","20":"pa_funcii-data","21":"pa_funcii-limited-edition","22":"pa_funcii-ziua-saptamanii","23":"pa_garatia-24-luni","24":"pa_korpus-argintiu","25":"pa_material-otel-inoxidabil","26":"pa_mehanizm-mecanic","27":"pa_mehanizm-mecanism-automatic","28":"pa_remeshok-maro","29":"pa_steklo-cristal-safir","30":"pa_strana-germania","31":"pa_voda-3-atm","33":"first","34":"instock","35":"purchasable","36":"product-type-simple"},"acf":[],"_links":{"self":[{"href":"https:\/\/ceasuri.md\/ru\/wp-json\/wp\/v2\/product\/35963","targetHints":{"allow":["GET"]}}],"collection":[{"href":"https:\/\/ceasuri.md\/ru\/wp-json\/wp\/v2\/product"}],"about":[{"href":"https:\/\/ceasuri.md\/ru\/wp-json\/wp\/v2\/types\/product"}],"replies":[{"embeddable":true,"href":"https:\/\/ceasuri.md\/ru\/wp-json\/wp\/v2\/comments?post=35963"}],"wp:featuredmedia":[{"embeddable":true,"href":"https:\/\/ceasuri.md\/ru\/wp-json\/wp\/v2\/media\/35964"}],"wp:attachment":[{"href":"https:\/\/ceasuri.md\/ru\/wp-json\/wp\/v2\/media?parent=35963"}],"wp:term":[{"taxonomy":"product_brand","embeddable":true,"href":"https:\/\/ceasuri.md\/ru\/wp-json\/wp\/v2\/product_brand?post=35963"},{"taxonomy":"product_cat","embeddable":true,"href":"https:\/\/ceasuri.md\/ru\/wp-json\/wp\/v2\/product_cat?post=35963"},{"taxonomy":"product_tag","embeddable":true,"href":"https:\/\/ceasuri.md\/ru\/wp-json\/wp\/v2\/product_tag?post=35963"}],"curies":[{"name":"wp","href":"https:\/\/api.w.org\/{rel}","templated":true}]}}