{"id":35957,"date":"2022-11-30T17:41:40","date_gmt":"2022-11-30T15:41:40","guid":{"rendered":"http:\/\/new.ceasuri.md\/shop\/uncategorized\/dkny-the-modernist-ny2843\/"},"modified":"2026-05-01T15:21:18","modified_gmt":"2026-05-01T12:21:18","slug":"dkny-the-modernist-ny2843","status":"publish","type":"product","link":"https:\/\/ceasuri.md\/ru\/shop\/branduri\/dkny\/dkny-the-modernist-ny2843\/","title":{"rendered":"\u0427\u0430\u0441\u044b DKNY THE MODERNIST NY2843"},"content":{"rendered":"<p>Ceasul elegant de culoare burgundia \u00eenchis\u0103 va fi un accent str\u0103lucitor pentru aspectul t\u0103u elegant.<br \/>\nLogo-ul DKNY este imprimat pe cristal.<br \/>\nCeas modernist analogic cu cuar\u021b, cu carcas\u0103 rotund\u0103 din o\u021bel.<br \/>\nMarcajele sunt sub form\u0103 de puncte.<br \/>\nCurea din piele natural\u0103.<\/p>","protected":false},"excerpt":{"rendered":"<p>Ceasul elegant de culoare burgundia \u00eenchis\u0103 va fi un accent str\u0103lucitor pentru aspectul t\u0103u elegant. Logo-ul DKNY este imprimat pe cristal. Ceas modernist analogic cu cuar\u021b, cu carcas\u0103 rotund\u0103 din o\u021bel. Marcajele sunt sub form\u0103 de puncte. Curea din piele natural\u0103.<\/p>","protected":false},"featured_media":35958,"comment_status":"closed","ping_status":"open","template":"","meta":{"_acf_changed":false},"product_brand":[],"product_cat":[25,578,26],"product_tag":[],"class_list":{"0":"post-35957","1":"product","2":"type-product","3":"status-publish","4":"has-post-thumbnail","6":"product_cat-ceasuri-dama","7":"product_cat-dkny","8":"product_cat-sale-ceas-de-dama","9":"pa_brand-dkny","10":"pa_braslet-piele","11":"pa_corpus-32-mm","12":"pa_forma-rotund","13":"pa_garatia-6-luni","14":"pa_korpus-argintiu","15":"pa_kvarc-quartz","16":"pa_material-otel-inoxidabil","17":"pa_mehanizm-quartz","18":"pa_remeshok-rosu","19":"pa_steklo-cristal-mineral","20":"pa_strana-sua","21":"pa_voda-3-atm","23":"first","24":"instock","25":"sale","26":"purchasable","27":"product-type-simple"},"acf":[],"_links":{"self":[{"href":"https:\/\/ceasuri.md\/ru\/wp-json\/wp\/v2\/product\/35957","targetHints":{"allow":["GET"]}}],"collection":[{"href":"https:\/\/ceasuri.md\/ru\/wp-json\/wp\/v2\/product"}],"about":[{"href":"https:\/\/ceasuri.md\/ru\/wp-json\/wp\/v2\/types\/product"}],"replies":[{"embeddable":true,"href":"https:\/\/ceasuri.md\/ru\/wp-json\/wp\/v2\/comments?post=35957"}],"wp:featuredmedia":[{"embeddable":true,"href":"https:\/\/ceasuri.md\/ru\/wp-json\/wp\/v2\/media\/35958"}],"wp:attachment":[{"href":"https:\/\/ceasuri.md\/ru\/wp-json\/wp\/v2\/media?parent=35957"}],"wp:term":[{"taxonomy":"product_brand","embeddable":true,"href":"https:\/\/ceasuri.md\/ru\/wp-json\/wp\/v2\/product_brand?post=35957"},{"taxonomy":"product_cat","embeddable":true,"href":"https:\/\/ceasuri.md\/ru\/wp-json\/wp\/v2\/product_cat?post=35957"},{"taxonomy":"product_tag","embeddable":true,"href":"https:\/\/ceasuri.md\/ru\/wp-json\/wp\/v2\/product_tag?post=35957"}],"curies":[{"name":"wp","href":"https:\/\/api.w.org\/{rel}","templated":true}]}}