{"id":35952,"date":"2026-04-02T20:54:32","date_gmt":"2026-04-02T17:54:32","guid":{"rendered":"http:\/\/new.ceasuri.md\/shop\/uncategorized\/dkny-the-modernist-ny2842\/"},"modified":"2026-04-20T00:18:09","modified_gmt":"2026-04-19T21:18:09","slug":"dkny-the-modernist-ny2842","status":"publish","type":"product","link":"https:\/\/ceasuri.md\/ru\/shop\/branduri\/dkny\/dkny-the-modernist-ny2842\/","title":{"rendered":"\u0427\u0430\u0441\u044b DKNY THE MODERNIST NY2842"},"content":{"rendered":"<p>Un ceas elegant, cu un logo DKNY spectaculos pe sticl\u0103, pentru a v\u0103 completa armonios look-ul de zi cu zi.<br \/>\nCadranul este realizat prin tehnologia Sunray.<br \/>\nIndicatoarele sunt realizate sub form\u0103 de puncte.<br \/>\nCarcas\u0103 rotund\u0103 din o\u021bel.<br \/>\nCurea din piele natural\u0103 cu cataram\u0103 clasic\u0103.<\/p>","protected":false},"excerpt":{"rendered":"<p>Un ceas elegant, cu un logo DKNY spectaculos pe sticl\u0103, pentru a v\u0103 completa armonios look-ul de zi cu zi. Cadranul este realizat prin tehnologia Sunray. Indicatoarele sunt realizate sub form\u0103 de puncte. Carcas\u0103 rotund\u0103 din o\u021bel. Curea din piele natural\u0103 cu cataram\u0103 clasic\u0103.<\/p>","protected":false},"featured_media":35953,"comment_status":"closed","ping_status":"open","template":"","meta":{"_acf_changed":false},"product_brand":[],"product_cat":[25,578,26],"product_tag":[],"class_list":{"0":"post-35952","1":"product","2":"type-product","3":"status-publish","4":"has-post-thumbnail","6":"product_cat-ceasuri-dama","7":"product_cat-dkny","8":"product_cat-sale-ceas-de-dama","9":"pa_brand-dkny","10":"pa_braslet-piele","11":"pa_corpus-32-mm","12":"pa_forma-rotund","13":"pa_garatia-6-luni","14":"pa_korpus-roz-gold","15":"pa_kvarc-quartz","16":"pa_material-otel-inoxidabil","17":"pa_mehanizm-quartz","18":"pa_remeshok-negru","19":"pa_steklo-cristal-mineral","20":"pa_strana-sua","21":"pa_voda-3-atm","23":"first","24":"instock","25":"sale","26":"purchasable","27":"product-type-simple"},"acf":[],"_links":{"self":[{"href":"https:\/\/ceasuri.md\/ru\/wp-json\/wp\/v2\/product\/35952","targetHints":{"allow":["GET"]}}],"collection":[{"href":"https:\/\/ceasuri.md\/ru\/wp-json\/wp\/v2\/product"}],"about":[{"href":"https:\/\/ceasuri.md\/ru\/wp-json\/wp\/v2\/types\/product"}],"replies":[{"embeddable":true,"href":"https:\/\/ceasuri.md\/ru\/wp-json\/wp\/v2\/comments?post=35952"}],"wp:featuredmedia":[{"embeddable":true,"href":"https:\/\/ceasuri.md\/ru\/wp-json\/wp\/v2\/media\/35953"}],"wp:attachment":[{"href":"https:\/\/ceasuri.md\/ru\/wp-json\/wp\/v2\/media?parent=35952"}],"wp:term":[{"taxonomy":"product_brand","embeddable":true,"href":"https:\/\/ceasuri.md\/ru\/wp-json\/wp\/v2\/product_brand?post=35952"},{"taxonomy":"product_cat","embeddable":true,"href":"https:\/\/ceasuri.md\/ru\/wp-json\/wp\/v2\/product_cat?post=35952"},{"taxonomy":"product_tag","embeddable":true,"href":"https:\/\/ceasuri.md\/ru\/wp-json\/wp\/v2\/product_tag?post=35952"}],"curies":[{"name":"wp","href":"https:\/\/api.w.org\/{rel}","templated":true}]}}