{"id":35947,"date":"2026-04-02T20:54:32","date_gmt":"2026-04-02T17:54:32","guid":{"rendered":"http:\/\/new.ceasuri.md\/shop\/uncategorized\/dkny-the-modernist-ny2841\/"},"modified":"2026-04-20T00:18:09","modified_gmt":"2026-04-19T21:18:09","slug":"dkny-the-modernist-ny2841","status":"publish","type":"product","link":"https:\/\/ceasuri.md\/ru\/shop\/branduri\/dkny\/dkny-the-modernist-ny2841\/","title":{"rendered":"\u0427\u0430\u0441\u044b DKNY THE MODERNIST NY2841"},"content":{"rendered":"<p>Designul uimitor al acestui ceas va face din el o pies\u0103 care va ie\u0219i \u00een eviden\u021b\u0103 \u00een look-ul t\u0103u \u00eendr\u0103zne\u021b.<br \/>\nO br\u0103\u021bar\u0103 spectaculoas\u0103 din o\u021bel str\u0103lucitor.<br \/>\nCeas modernist analogic cu cuar\u021b, cu o carcas\u0103 rotund\u0103 din o\u021bel.<br \/>\nIndicatoare \u00een form\u0103 de puncte.<br \/>\nCadran \u00een dou\u0103 culori.<br \/>\nBr\u0103\u021bar\u0103 milanez\u0103.<\/p>","protected":false},"excerpt":{"rendered":"<p>Designul uimitor al acestui ceas va face din el o pies\u0103 care va ie\u0219i \u00een eviden\u021b\u0103 \u00een look-ul t\u0103u \u00eendr\u0103zne\u021b. O br\u0103\u021bar\u0103 spectaculoas\u0103 din o\u021bel str\u0103lucitor. Ceas modernist analogic cu cuar\u021b, cu o carcas\u0103 rotund\u0103 din o\u021bel. Indicatoare \u00een form\u0103 de puncte. Cadran \u00een dou\u0103 culori. Br\u0103\u021bar\u0103 milanez\u0103.<\/p>","protected":false},"featured_media":35948,"comment_status":"closed","ping_status":"open","template":"","meta":{"_acf_changed":false},"product_brand":[],"product_cat":[25,578,26],"product_tag":[],"class_list":{"0":"post-35947","1":"product","2":"type-product","3":"status-publish","4":"has-post-thumbnail","6":"product_cat-ceasuri-dama","7":"product_cat-dkny","8":"product_cat-sale-ceas-de-dama","9":"pa_brand-dkny","10":"pa_braslet-otel-inoxidabil","11":"pa_corpus-32-mm","12":"pa_forma-rotund","13":"pa_garatia-6-luni","14":"pa_korpus-negru","15":"pa_kvarc-quartz","16":"pa_material-otel-inoxidabil","17":"pa_mehanizm-quartz","18":"pa_remeshok-violet","19":"pa_steklo-cristal-mineral","20":"pa_strana-sua","21":"pa_voda-3-atm","23":"first","24":"instock","25":"sale","26":"purchasable","27":"product-type-simple"},"acf":[],"_links":{"self":[{"href":"https:\/\/ceasuri.md\/ru\/wp-json\/wp\/v2\/product\/35947","targetHints":{"allow":["GET"]}}],"collection":[{"href":"https:\/\/ceasuri.md\/ru\/wp-json\/wp\/v2\/product"}],"about":[{"href":"https:\/\/ceasuri.md\/ru\/wp-json\/wp\/v2\/types\/product"}],"replies":[{"embeddable":true,"href":"https:\/\/ceasuri.md\/ru\/wp-json\/wp\/v2\/comments?post=35947"}],"wp:featuredmedia":[{"embeddable":true,"href":"https:\/\/ceasuri.md\/ru\/wp-json\/wp\/v2\/media\/35948"}],"wp:attachment":[{"href":"https:\/\/ceasuri.md\/ru\/wp-json\/wp\/v2\/media?parent=35947"}],"wp:term":[{"taxonomy":"product_brand","embeddable":true,"href":"https:\/\/ceasuri.md\/ru\/wp-json\/wp\/v2\/product_brand?post=35947"},{"taxonomy":"product_cat","embeddable":true,"href":"https:\/\/ceasuri.md\/ru\/wp-json\/wp\/v2\/product_cat?post=35947"},{"taxonomy":"product_tag","embeddable":true,"href":"https:\/\/ceasuri.md\/ru\/wp-json\/wp\/v2\/product_tag?post=35947"}],"curies":[{"name":"wp","href":"https:\/\/api.w.org\/{rel}","templated":true}]}}