{"id":35941,"date":"2022-11-30T17:41:39","date_gmt":"2022-11-30T15:41:39","guid":{"rendered":"http:\/\/new.ceasuri.md\/shop\/uncategorized\/dkny-the-modernist-ny2840\/"},"modified":"2026-05-01T15:21:08","modified_gmt":"2026-05-01T12:21:08","slug":"dkny-the-modernist-ny2840","status":"publish","type":"product","link":"https:\/\/ceasuri.md\/ru\/shop\/branduri\/dkny\/dkny-the-modernist-ny2840\/","title":{"rendered":"\u0427\u0430\u0441\u044b DKNY THE MODERNIST NY2840"},"content":{"rendered":"<p>Un ceas \u00eengrijit, laconic, cu un cadran albastru \u00eenchis, potrivit pentru uzul zilnic.<br \/>\nCeas modernist analogic cu cuar\u021b, cu carcas\u0103 rotund\u0103.<br \/>\nMarcajele sunt sub form\u0103 de puncte pe cadranul albastru.<br \/>\nBr\u0103\u021bar\u0103 milanez\u0103.<\/p>","protected":false},"excerpt":{"rendered":"<p>Un ceas \u00eengrijit, laconic, cu un cadran albastru \u00eenchis, potrivit pentru uzul zilnic. Ceas modernist analogic cu cuar\u021b, cu carcas\u0103 rotund\u0103. Marcajele sunt sub form\u0103 de puncte pe cadranul albastru. Br\u0103\u021bar\u0103 milanez\u0103.<\/p>","protected":false},"featured_media":35942,"comment_status":"closed","ping_status":"open","template":"","meta":{"_acf_changed":false},"product_brand":[],"product_cat":[25,578,26],"product_tag":[],"class_list":{"0":"post-35941","1":"product","2":"type-product","3":"status-publish","4":"has-post-thumbnail","6":"product_cat-ceasuri-dama","7":"product_cat-dkny","8":"product_cat-sale-ceas-de-dama","9":"pa_brand-dkny","10":"pa_braslet-otel-inoxidabil","11":"pa_corpus-32-mm","12":"pa_forma-rotund","13":"pa_garatia-6-luni","14":"pa_korpus-argintiu","15":"pa_kvarc-quartz","16":"pa_material-otel-inoxidabil","17":"pa_mehanizm-quartz","18":"pa_remeshok-argintiu","19":"pa_steklo-cristal-mineral","20":"pa_strana-sua","21":"pa_voda-3-atm","23":"first","24":"instock","25":"sale","26":"purchasable","27":"product-type-simple"},"acf":[],"_links":{"self":[{"href":"https:\/\/ceasuri.md\/ru\/wp-json\/wp\/v2\/product\/35941","targetHints":{"allow":["GET"]}}],"collection":[{"href":"https:\/\/ceasuri.md\/ru\/wp-json\/wp\/v2\/product"}],"about":[{"href":"https:\/\/ceasuri.md\/ru\/wp-json\/wp\/v2\/types\/product"}],"replies":[{"embeddable":true,"href":"https:\/\/ceasuri.md\/ru\/wp-json\/wp\/v2\/comments?post=35941"}],"wp:featuredmedia":[{"embeddable":true,"href":"https:\/\/ceasuri.md\/ru\/wp-json\/wp\/v2\/media\/35942"}],"wp:attachment":[{"href":"https:\/\/ceasuri.md\/ru\/wp-json\/wp\/v2\/media?parent=35941"}],"wp:term":[{"taxonomy":"product_brand","embeddable":true,"href":"https:\/\/ceasuri.md\/ru\/wp-json\/wp\/v2\/product_brand?post=35941"},{"taxonomy":"product_cat","embeddable":true,"href":"https:\/\/ceasuri.md\/ru\/wp-json\/wp\/v2\/product_cat?post=35941"},{"taxonomy":"product_tag","embeddable":true,"href":"https:\/\/ceasuri.md\/ru\/wp-json\/wp\/v2\/product_tag?post=35941"}],"curies":[{"name":"wp","href":"https:\/\/api.w.org\/{rel}","templated":true}]}}