{"id":35910,"date":"2021-11-30T22:31:00","date_gmt":"2021-11-30T20:31:00","guid":{"rendered":"http:\/\/new.ceasuri.md\/shop\/uncategorized\/anne-klein-diamond-ak-3258bkgb\/"},"modified":"2026-05-01T15:20:54","modified_gmt":"2026-05-01T12:20:54","slug":"anne-klein-diamond-ak-3258bkgb","status":"publish","type":"product","link":"https:\/\/ceasuri.md\/ru\/shop\/branduri\/anne-klein\/anne-klein-diamond-ak-3258bkgb\/","title":{"rendered":"\u0427\u0430\u0441\u044b ANNE KLEIN DIAMOND AK\/3258BKGB"},"content":{"rendered":"<p>Ceasurile de m\u00e2n\u0103 Anne Klein sunt un accesoriu must-have pentru femeia modern\u0103, o bijuterie elegant\u0103.<\/p>\n<p>Printre numeroasele colec\u021bii exist\u0103 modele pentru toate gusturile: pentru purtarea zilnic\u0103 \u0219i stilul sportiv, precum \u0219i pentru ie\u0219irile de sear\u0103, realizate din o\u021bel periat \u0219i ceramic\u0103 colorat\u0103, cu cadrane din perle naturale \u0219i pietre de la cristale Swarovski la diamante.<\/p>\n<p>Iar \u00een interiorul carcaselor se afl\u0103 mi\u0219c\u0103ri cu cuar\u021b Miyota sau Ronda de \u00eenalt\u0103 calitate.<\/p>","protected":false},"excerpt":{"rendered":"<p>Ceasurile de m\u00e2n\u0103 Anne Klein sunt un accesoriu must-have pentru femeia modern\u0103, o bijuterie elegant\u0103. Printre numeroasele colec\u021bii exist\u0103 modele pentru toate gusturile: pentru purtarea zilnic\u0103 \u0219i stilul sportiv, precum \u0219i pentru ie\u0219irile de sear\u0103, realizate din o\u021bel periat \u0219i ceramic\u0103 colorat\u0103, cu cadrane din perle naturale \u0219i pietre de la cristale Swarovski la diamante. [&hellip;]<\/p>\n","protected":false},"featured_media":35911,"comment_status":"closed","ping_status":"open","template":"","meta":{"_acf_changed":false},"product_brand":[],"product_cat":[573,25],"product_tag":[],"class_list":{"0":"post-35910","1":"product","2":"type-product","3":"status-publish","4":"has-post-thumbnail","6":"product_cat-anne-klein","7":"product_cat-ceasuri-dama","8":"pa_brand-anne-klein","9":"pa_braslet-otel-inoxidabil","10":"pa_corpus-32-mm","11":"pa_decor-diamante","12":"pa_forma-rotund","13":"pa_garatia-24-luni","14":"pa_korpus-auriu","15":"pa_korpus-negru","16":"pa_kvarc-quartz","17":"pa_material-alama","18":"pa_mehanizm-quartz","19":"pa_remeshok-auriu","20":"pa_steklo-cristal-mineral","21":"pa_strana-sua","22":"pa_voda-3-atm","24":"first","25":"instock","26":"purchasable","27":"product-type-simple"},"acf":[],"_links":{"self":[{"href":"https:\/\/ceasuri.md\/ru\/wp-json\/wp\/v2\/product\/35910","targetHints":{"allow":["GET"]}}],"collection":[{"href":"https:\/\/ceasuri.md\/ru\/wp-json\/wp\/v2\/product"}],"about":[{"href":"https:\/\/ceasuri.md\/ru\/wp-json\/wp\/v2\/types\/product"}],"replies":[{"embeddable":true,"href":"https:\/\/ceasuri.md\/ru\/wp-json\/wp\/v2\/comments?post=35910"}],"wp:featuredmedia":[{"embeddable":true,"href":"https:\/\/ceasuri.md\/ru\/wp-json\/wp\/v2\/media\/35911"}],"wp:attachment":[{"href":"https:\/\/ceasuri.md\/ru\/wp-json\/wp\/v2\/media?parent=35910"}],"wp:term":[{"taxonomy":"product_brand","embeddable":true,"href":"https:\/\/ceasuri.md\/ru\/wp-json\/wp\/v2\/product_brand?post=35910"},{"taxonomy":"product_cat","embeddable":true,"href":"https:\/\/ceasuri.md\/ru\/wp-json\/wp\/v2\/product_cat?post=35910"},{"taxonomy":"product_tag","embeddable":true,"href":"https:\/\/ceasuri.md\/ru\/wp-json\/wp\/v2\/product_tag?post=35910"}],"curies":[{"name":"wp","href":"https:\/\/api.w.org\/{rel}","templated":true}]}}