{"id":35879,"date":"2026-04-02T20:53:54","date_gmt":"2026-04-02T17:53:54","guid":{"rendered":"http:\/\/new.ceasuri.md\/shop\/uncategorized\/anne-klein-box-set-ak-3082gpst\/"},"modified":"2026-04-20T00:03:52","modified_gmt":"2026-04-19T21:03:52","slug":"anne-klein-box-set-ak-3082gpst","status":"publish","type":"product","link":"https:\/\/ceasuri.md\/ru\/shop\/branduri\/anne-klein\/anne-klein-box-set-ak-3082gpst\/","title":{"rendered":"\u0427\u0430\u0441\u044b ANNE KLEIN BOX SET AK\/3082GPST"},"content":{"rendered":"<p>Cadran din nuc\u0103 de perle cu m\u00e2ini \u0219i indicatoare orare aurii; br\u0103\u021bar\u0103 \u00een X placat\u0103 cu aur cu 24 de cristale premium transparente; \u00eenchidere bijuterie \u0219i extensie.<\/p>\n<p>Include trei br\u0103\u021b\u0103ri placate cu aur decorate cu cristale premium.<\/p>\n<p>Mi\u0219care japonez\u0103 cu cuar\u021b.<\/p>\n<p>Diametrul carcasei: 22 mm.<\/p>\n<p>Rezistent la ap\u0103 p\u00e2n\u0103 la 30 de metri: \u00een general rezistent la stropire sau scufundare scurt\u0103 \u00een ap\u0103, dar nu este potrivit pentru \u00eenot sau baie.<\/p>","protected":false},"excerpt":{"rendered":"<p>Cadran din nuc\u0103 de perle cu m\u00e2ini \u0219i indicatoare orare aurii; br\u0103\u021bar\u0103 \u00een X placat\u0103 cu aur cu 24 de cristale premium transparente; \u00eenchidere bijuterie \u0219i extensie. Include trei br\u0103\u021b\u0103ri placate cu aur decorate cu cristale premium. Mi\u0219care japonez\u0103 cu cuar\u021b. Diametrul carcasei: 22 mm. Rezistent la ap\u0103 p\u00e2n\u0103 la 30 de metri: \u00een general [&hellip;]<\/p>\n","protected":false},"featured_media":35880,"comment_status":"closed","ping_status":"open","template":"","meta":{"_acf_changed":false},"product_brand":[],"product_cat":[573,25],"product_tag":[696,694],"class_list":{"0":"post-35879","1":"product","2":"type-product","3":"status-publish","4":"has-post-thumbnail","6":"product_cat-anne-klein","7":"product_cat-ceasuri-dama","8":"product_tag-696","9":"product_tag-694","10":"pa_brand-anne-klein","11":"pa_braslet-otel-inoxidabil","12":"pa_corpus-22-mm","13":"pa_decor-cristale-swarowski","14":"pa_forma-rotund","15":"pa_funcii-set-cadou","16":"pa_garatia-24-luni","17":"pa_korpus-auriu","18":"pa_kvarc-quartz","19":"pa_material-alama","20":"pa_mehanizm-quartz","21":"pa_remeshok-auriu","22":"pa_steklo-cristal-mineral","23":"pa_strana-sua","24":"pa_voda-3-atm","26":"first","27":"instock","28":"purchasable","29":"product-type-simple"},"acf":[],"_links":{"self":[{"href":"https:\/\/ceasuri.md\/ru\/wp-json\/wp\/v2\/product\/35879","targetHints":{"allow":["GET"]}}],"collection":[{"href":"https:\/\/ceasuri.md\/ru\/wp-json\/wp\/v2\/product"}],"about":[{"href":"https:\/\/ceasuri.md\/ru\/wp-json\/wp\/v2\/types\/product"}],"replies":[{"embeddable":true,"href":"https:\/\/ceasuri.md\/ru\/wp-json\/wp\/v2\/comments?post=35879"}],"wp:featuredmedia":[{"embeddable":true,"href":"https:\/\/ceasuri.md\/ru\/wp-json\/wp\/v2\/media\/35880"}],"wp:attachment":[{"href":"https:\/\/ceasuri.md\/ru\/wp-json\/wp\/v2\/media?parent=35879"}],"wp:term":[{"taxonomy":"product_brand","embeddable":true,"href":"https:\/\/ceasuri.md\/ru\/wp-json\/wp\/v2\/product_brand?post=35879"},{"taxonomy":"product_cat","embeddable":true,"href":"https:\/\/ceasuri.md\/ru\/wp-json\/wp\/v2\/product_cat?post=35879"},{"taxonomy":"product_tag","embeddable":true,"href":"https:\/\/ceasuri.md\/ru\/wp-json\/wp\/v2\/product_tag?post=35879"}],"curies":[{"name":"wp","href":"https:\/\/api.w.org\/{rel}","templated":true}]}}