{"id":35856,"date":"2026-04-02T20:53:54","date_gmt":"2026-04-02T17:53:54","guid":{"rendered":"http:\/\/new.ceasuri.md\/shop\/uncategorized\/anne-klein-box-set-ak-2716rnst\/"},"modified":"2026-04-20T00:03:48","modified_gmt":"2026-04-19T21:03:48","slug":"anne-klein-box-set-ak-2716rnst","status":"publish","type":"product","link":"https:\/\/ceasuri.md\/ru\/shop\/branduri\/anne-klein\/anne-klein-box-set-ak-2716rnst\/","title":{"rendered":"\u0427\u0430\u0441\u044b ANNE KLEIN BOX SET AK\/2716RNST"},"content":{"rendered":"<p>Decorarea sau re\u00eemprosp\u0103tarea aspectului acestui ceas este u\u0219oar\u0103 cu trei br\u0103\u021b\u0103ri care pot fi combinate \u0219i asortate. Fiecare ofer\u0103 o interpretare diferit\u0103 a motivului \u00een albastru marin, culoare aur roz \u0219i cristale Swarovski.<\/p>\n<p>Curea din aur roz \u0219i email albastru marin cu \u00eenchidere bijuterie \u0219i extensie simpl\u0103.<\/p>\n<p>Cadran analogic albastru \u00eenchis cu doisprezece indici din cristale Swarovski, trei m\u00e2ini \u0219i logo-ul Anne Klein \u00een partea de sus.<\/p>","protected":false},"excerpt":{"rendered":"<p>Decorarea sau re\u00eemprosp\u0103tarea aspectului acestui ceas este u\u0219oar\u0103 cu trei br\u0103\u021b\u0103ri care pot fi combinate \u0219i asortate. Fiecare ofer\u0103 o interpretare diferit\u0103 a motivului \u00een albastru marin, culoare aur roz \u0219i cristale Swarovski. Curea din aur roz \u0219i email albastru marin cu \u00eenchidere bijuterie \u0219i extensie simpl\u0103. Cadran analogic albastru \u00eenchis cu doisprezece indici din [&hellip;]<\/p>\n","protected":false},"featured_media":35857,"comment_status":"closed","ping_status":"open","template":"","meta":{"_acf_changed":false},"product_brand":[],"product_cat":[573,25],"product_tag":[],"class_list":{"0":"post-35856","1":"product","2":"type-product","3":"status-publish","4":"has-post-thumbnail","6":"product_cat-anne-klein","7":"product_cat-ceasuri-dama","8":"pa_brand-anne-klein","9":"pa_braslet-otel-inoxidabil","10":"pa_corpus-26-mm","11":"pa_decor-cristale-swarowski","12":"pa_forma-rotund","13":"pa_funcii-set-cadou","14":"pa_garatia-24-luni","15":"pa_korpus-roz-gold","16":"pa_kvarc-quartz","17":"pa_material-alama","18":"pa_mehanizm-quartz","19":"pa_remeshok-bicolor","20":"pa_steklo-cristal-mineral","21":"pa_strana-sua","22":"pa_voda-3-atm","24":"first","25":"instock","26":"purchasable","27":"product-type-simple"},"acf":[],"_links":{"self":[{"href":"https:\/\/ceasuri.md\/ru\/wp-json\/wp\/v2\/product\/35856","targetHints":{"allow":["GET"]}}],"collection":[{"href":"https:\/\/ceasuri.md\/ru\/wp-json\/wp\/v2\/product"}],"about":[{"href":"https:\/\/ceasuri.md\/ru\/wp-json\/wp\/v2\/types\/product"}],"replies":[{"embeddable":true,"href":"https:\/\/ceasuri.md\/ru\/wp-json\/wp\/v2\/comments?post=35856"}],"wp:featuredmedia":[{"embeddable":true,"href":"https:\/\/ceasuri.md\/ru\/wp-json\/wp\/v2\/media\/35857"}],"wp:attachment":[{"href":"https:\/\/ceasuri.md\/ru\/wp-json\/wp\/v2\/media?parent=35856"}],"wp:term":[{"taxonomy":"product_brand","embeddable":true,"href":"https:\/\/ceasuri.md\/ru\/wp-json\/wp\/v2\/product_brand?post=35856"},{"taxonomy":"product_cat","embeddable":true,"href":"https:\/\/ceasuri.md\/ru\/wp-json\/wp\/v2\/product_cat?post=35856"},{"taxonomy":"product_tag","embeddable":true,"href":"https:\/\/ceasuri.md\/ru\/wp-json\/wp\/v2\/product_tag?post=35856"}],"curies":[{"name":"wp","href":"https:\/\/api.w.org\/{rel}","templated":true}]}}