{"id":35844,"date":"2021-11-30T22:31:00","date_gmt":"2021-11-30T20:31:00","guid":{"rendered":"http:\/\/new.ceasuri.md\/shop\/uncategorized\/anne-klein-diamond-ak-2512lpgb\/"},"modified":"2026-05-01T15:20:12","modified_gmt":"2026-05-01T12:20:12","slug":"anne-klein-diamond-ak-2512lpgb","status":"publish","type":"product","link":"https:\/\/ceasuri.md\/ru\/shop\/branduri\/anne-klein\/anne-klein-diamond-ak-2512lpgb\/","title":{"rendered":"\u0427\u0430\u0441\u044b ANNE KLEIN DIAMOND AK\/2512LPGB"},"content":{"rendered":"<p>Reflect\u00e2nd adev\u0103ratul stil american, brandul Anne Klein se remarc\u0103 prin sofisticare, elegan\u021b\u0103 \u0219i relevan\u021b\u0103 total\u0103 pentru stilul de via\u021b\u0103 al femeilor moderne \u0219i \u00eencrez\u0103toare.<\/p>\n<p>Ceasul pentru femei din o\u021bel inoxidabil este de culoare aurie, cu cadran rotund din nuc\u0103 de perle.<\/p>\n<p>Trei m\u00e2ini \u0219i indicatoarele orelor 3,6,9 sub form\u0103 de raze aurii. Diamant la ora 12.<\/p>\n<p>Logo-ul m\u0103rcii de culoare neagr\u0103 situat \u00een partea de sus a cadranului.<\/p>\n<p>Br\u0103\u021bar\u0103 de culoare aurie, placat\u0103 cu email roz marmur\u0103.<\/p>\n<p>\u00cenchiz\u0103toare bijuterie \u0219i extensie. Diametrul carcasei 34 mm.<\/p>","protected":false},"excerpt":{"rendered":"<p>Reflect\u00e2nd adev\u0103ratul stil american, brandul Anne Klein se remarc\u0103 prin sofisticare, elegan\u021b\u0103 \u0219i relevan\u021b\u0103 total\u0103 pentru stilul de via\u021b\u0103 al femeilor moderne \u0219i \u00eencrez\u0103toare. Ceasul pentru femei din o\u021bel inoxidabil este de culoare aurie, cu cadran rotund din nuc\u0103 de perle. Trei m\u00e2ini \u0219i indicatoarele orelor 3,6,9 sub form\u0103 de raze aurii. Diamant la ora [&hellip;]<\/p>\n","protected":false},"featured_media":35845,"comment_status":"closed","ping_status":"open","template":"","meta":{"_acf_changed":false},"product_brand":[],"product_cat":[573,25],"product_tag":[],"class_list":{"0":"post-35844","1":"product","2":"type-product","3":"status-publish","4":"has-post-thumbnail","6":"product_cat-anne-klein","7":"product_cat-ceasuri-dama","8":"pa_brand-anne-klein","9":"pa_braslet-otel-inoxidabil","10":"pa_corpus-34-mm","11":"pa_decor-diamante","12":"pa_forma-rotund","13":"pa_garatia-24-luni","14":"pa_korpus-auriu","15":"pa_kvarc-quartz","16":"pa_material-alama","17":"pa_mehanizm-quartz","18":"pa_remeshok-bicolor","19":"pa_steklo-cristal-mineral","20":"pa_strana-sua","21":"pa_voda-3-atm","23":"first","24":"instock","25":"purchasable","26":"product-type-simple"},"acf":[],"_links":{"self":[{"href":"https:\/\/ceasuri.md\/ru\/wp-json\/wp\/v2\/product\/35844","targetHints":{"allow":["GET"]}}],"collection":[{"href":"https:\/\/ceasuri.md\/ru\/wp-json\/wp\/v2\/product"}],"about":[{"href":"https:\/\/ceasuri.md\/ru\/wp-json\/wp\/v2\/types\/product"}],"replies":[{"embeddable":true,"href":"https:\/\/ceasuri.md\/ru\/wp-json\/wp\/v2\/comments?post=35844"}],"wp:featuredmedia":[{"embeddable":true,"href":"https:\/\/ceasuri.md\/ru\/wp-json\/wp\/v2\/media\/35845"}],"wp:attachment":[{"href":"https:\/\/ceasuri.md\/ru\/wp-json\/wp\/v2\/media?parent=35844"}],"wp:term":[{"taxonomy":"product_brand","embeddable":true,"href":"https:\/\/ceasuri.md\/ru\/wp-json\/wp\/v2\/product_brand?post=35844"},{"taxonomy":"product_cat","embeddable":true,"href":"https:\/\/ceasuri.md\/ru\/wp-json\/wp\/v2\/product_cat?post=35844"},{"taxonomy":"product_tag","embeddable":true,"href":"https:\/\/ceasuri.md\/ru\/wp-json\/wp\/v2\/product_tag?post=35844"}],"curies":[{"name":"wp","href":"https:\/\/api.w.org\/{rel}","templated":true}]}}