{"id":35827,"date":"2021-11-30T22:31:00","date_gmt":"2021-11-30T20:31:00","guid":{"rendered":"http:\/\/new.ceasuri.md\/shop\/uncategorized\/anne-klein-ceramic-ak-2388rgnv\/"},"modified":"2026-05-01T15:20:05","modified_gmt":"2026-05-01T12:20:05","slug":"anne-klein-ceramic-ak-2388rgnv","status":"publish","type":"product","link":"https:\/\/ceasuri.md\/ru\/shop\/branduri\/anne-klein\/anne-klein-ceramic-ak-2388rgnv\/","title":{"rendered":"\u0427\u0430\u0441\u044b ANNE KLEIN CERAMIC AK\/2388RGNV"},"content":{"rendered":"<p>Acest ceas de dam\u0103 va fi o pies\u0103 de bijuterie str\u0103lucitoare pentru naturalele \u00eendr\u0103zne\u021be \u0219i neconven\u021bionale.<\/p>\n<p>Cadranul \u0219i carcasa sunt decorate cu 59 de cristale.<\/p>\n<p>Br\u0103\u021bara din ceramic\u0103 este de culoare albastr\u0103.<\/p>\n<p>O \u00eencuietoare suplimentar\u0103 pentru bijuterii v\u0103 permite s\u0103 ajusta\u021bi dimensiunea br\u0103\u021b\u0103rii la \u00eencheietura dvs.<\/p>\n<p>Diametrul carcasei este de 30 mm.<\/p>","protected":false},"excerpt":{"rendered":"<p>Acest ceas de dam\u0103 va fi o pies\u0103 de bijuterie str\u0103lucitoare pentru naturalele \u00eendr\u0103zne\u021be \u0219i neconven\u021bionale. Cadranul \u0219i carcasa sunt decorate cu 59 de cristale. Br\u0103\u021bara din ceramic\u0103 este de culoare albastr\u0103. O \u00eencuietoare suplimentar\u0103 pentru bijuterii v\u0103 permite s\u0103 ajusta\u021bi dimensiunea br\u0103\u021b\u0103rii la \u00eencheietura dvs. Diametrul carcasei este de 30 mm.<\/p>","protected":false},"featured_media":35828,"comment_status":"closed","ping_status":"open","template":"","meta":{"_acf_changed":false},"product_brand":[],"product_cat":[573,25],"product_tag":[],"class_list":{"0":"post-35827","1":"product","2":"type-product","3":"status-publish","4":"has-post-thumbnail","6":"product_cat-anne-klein","7":"product_cat-ceasuri-dama","8":"pa_brand-anne-klein","9":"pa_braslet-ceramica","10":"pa_braslet-otel-inoxidabil","11":"pa_corpus-30-mm","12":"pa_decor-cristale-swarowski","13":"pa_forma-rotund","14":"pa_garatia-24-luni","15":"pa_korpus-roz-gold","16":"pa_kvarc-quartz","17":"pa_material-alama","18":"pa_mehanizm-quartz","19":"pa_remeshok-albastru-inchis","20":"pa_steklo-cristal-mineral","21":"pa_strana-sua","22":"pa_voda-3-atm","24":"first","25":"instock","26":"purchasable","27":"product-type-simple"},"acf":[],"_links":{"self":[{"href":"https:\/\/ceasuri.md\/ru\/wp-json\/wp\/v2\/product\/35827","targetHints":{"allow":["GET"]}}],"collection":[{"href":"https:\/\/ceasuri.md\/ru\/wp-json\/wp\/v2\/product"}],"about":[{"href":"https:\/\/ceasuri.md\/ru\/wp-json\/wp\/v2\/types\/product"}],"replies":[{"embeddable":true,"href":"https:\/\/ceasuri.md\/ru\/wp-json\/wp\/v2\/comments?post=35827"}],"wp:featuredmedia":[{"embeddable":true,"href":"https:\/\/ceasuri.md\/ru\/wp-json\/wp\/v2\/media\/35828"}],"wp:attachment":[{"href":"https:\/\/ceasuri.md\/ru\/wp-json\/wp\/v2\/media?parent=35827"}],"wp:term":[{"taxonomy":"product_brand","embeddable":true,"href":"https:\/\/ceasuri.md\/ru\/wp-json\/wp\/v2\/product_brand?post=35827"},{"taxonomy":"product_cat","embeddable":true,"href":"https:\/\/ceasuri.md\/ru\/wp-json\/wp\/v2\/product_cat?post=35827"},{"taxonomy":"product_tag","embeddable":true,"href":"https:\/\/ceasuri.md\/ru\/wp-json\/wp\/v2\/product_tag?post=35827"}],"curies":[{"name":"wp","href":"https:\/\/api.w.org\/{rel}","templated":true}]}}