{"id":35823,"date":"2026-04-02T20:53:54","date_gmt":"2026-04-02T17:53:54","guid":{"rendered":"http:\/\/new.ceasuri.md\/shop\/uncategorized\/anne-klein-box-set-ak-2245rtst\/"},"modified":"2026-04-20T00:03:41","modified_gmt":"2026-04-19T21:03:41","slug":"anne-klein-box-set-ak-2245rtst","status":"publish","type":"product","link":"https:\/\/ceasuri.md\/ru\/shop\/branduri\/anne-klein\/anne-klein-box-set-ak-2245rtst\/","title":{"rendered":"\u0427\u0430\u0441\u044b ANNE KLEIN BOX SET AK\/2245RTST"},"content":{"rendered":"<p>\u021aes\u0103tura gra\u021bioas\u0103 a br\u0103\u021b\u0103rii v\u0103 va \u00eempodobi \u00eencheietura m\u00e2inii<\/p>\n<p>. <\/p>\n<p>Dou\u0103 br\u0103\u021b\u0103ri \u00eentr-un set adaug\u0103 farmec \u0219i elegan\u021b\u0103 acestui accesoriu.<\/p>\n<p>Cristalele Swarovski sunt folosite pentru decor.<\/p>\n<p>Diametrul carcasei este de 26 mm.<\/p>","protected":false},"excerpt":{"rendered":"<p>\u021aes\u0103tura gra\u021bioas\u0103 a br\u0103\u021b\u0103rii v\u0103 va \u00eempodobi \u00eencheietura m\u00e2inii . Dou\u0103 br\u0103\u021b\u0103ri \u00eentr-un set adaug\u0103 farmec \u0219i elegan\u021b\u0103 acestui accesoriu. Cristalele Swarovski sunt folosite pentru decor. Diametrul carcasei este de 26 mm.<\/p>","protected":false},"featured_media":35824,"comment_status":"closed","ping_status":"open","template":"","meta":{"_acf_changed":false},"product_brand":[],"product_cat":[573,25],"product_tag":[],"class_list":{"0":"post-35823","1":"product","2":"type-product","3":"status-publish","4":"has-post-thumbnail","6":"product_cat-anne-klein","7":"product_cat-ceasuri-dama","8":"pa_brand-anne-klein","9":"pa_braslet-otel-inoxidabil","10":"pa_corpus-26-mm","11":"pa_decor-cristale-swarowski","12":"pa_forma-rotund","13":"pa_funcii-set-cadou","14":"pa_garatia-24-luni","15":"pa_korpus-bicolor","16":"pa_kvarc-quartz","17":"pa_material-alama","18":"pa_mehanizm-quartz","19":"pa_remeshok-bicolor","20":"pa_steklo-cristal-mineral","21":"pa_strana-sua","22":"pa_voda-3-atm","24":"first","25":"instock","26":"purchasable","27":"product-type-simple"},"acf":[],"_links":{"self":[{"href":"https:\/\/ceasuri.md\/ru\/wp-json\/wp\/v2\/product\/35823","targetHints":{"allow":["GET"]}}],"collection":[{"href":"https:\/\/ceasuri.md\/ru\/wp-json\/wp\/v2\/product"}],"about":[{"href":"https:\/\/ceasuri.md\/ru\/wp-json\/wp\/v2\/types\/product"}],"replies":[{"embeddable":true,"href":"https:\/\/ceasuri.md\/ru\/wp-json\/wp\/v2\/comments?post=35823"}],"wp:featuredmedia":[{"embeddable":true,"href":"https:\/\/ceasuri.md\/ru\/wp-json\/wp\/v2\/media\/35824"}],"wp:attachment":[{"href":"https:\/\/ceasuri.md\/ru\/wp-json\/wp\/v2\/media?parent=35823"}],"wp:term":[{"taxonomy":"product_brand","embeddable":true,"href":"https:\/\/ceasuri.md\/ru\/wp-json\/wp\/v2\/product_brand?post=35823"},{"taxonomy":"product_cat","embeddable":true,"href":"https:\/\/ceasuri.md\/ru\/wp-json\/wp\/v2\/product_cat?post=35823"},{"taxonomy":"product_tag","embeddable":true,"href":"https:\/\/ceasuri.md\/ru\/wp-json\/wp\/v2\/product_tag?post=35823"}],"curies":[{"name":"wp","href":"https:\/\/api.w.org\/{rel}","templated":true}]}}