{"id":35819,"date":"2026-04-02T20:53:54","date_gmt":"2026-04-02T17:53:54","guid":{"rendered":"http:\/\/new.ceasuri.md\/shop\/uncategorized\/anne-klein-crystal-metals-ak-2216ivgb\/"},"modified":"2026-04-20T00:03:39","modified_gmt":"2026-04-19T21:03:39","slug":"anne-klein-crystal-metals-ak-2216ivgb","status":"publish","type":"product","link":"https:\/\/ceasuri.md\/ru\/shop\/branduri\/anne-klein\/anne-klein-crystal-metals-ak-2216ivgb\/","title":{"rendered":"\u0427\u0430\u0441\u044b ANNE KLEIN CRYSTAL METALS AK\/2216IVGB"},"content":{"rendered":"<p>Poezie \u00een mijlocul complica\u021biilor orologeriei, acest ceas analogic este sigur c\u0103 va face apel la gustul dvs.<\/p>\n<p>Acestea au o br\u0103\u021bar\u0103 metalic\u0103 care arat\u0103 destul de atractiv.<\/p>\n<p>Dispun\u00e2nd de un cadran rotund, acestea au, de asemenea, markeri de timp unici care le ridic\u0103 designul general.<\/p>\n<p>Br\u0103\u021bara \u0219i cadranul sunt \u00eempodobite cu cristale Swarovski.<\/p>\n<p>Carcasa ceasului are un diametru de 26 mm.<\/p>","protected":false},"excerpt":{"rendered":"<p>Poezie \u00een mijlocul complica\u021biilor orologeriei, acest ceas analogic este sigur c\u0103 va face apel la gustul dvs. Acestea au o br\u0103\u021bar\u0103 metalic\u0103 care arat\u0103 destul de atractiv. Dispun\u00e2nd de un cadran rotund, acestea au, de asemenea, markeri de timp unici care le ridic\u0103 designul general. Br\u0103\u021bara \u0219i cadranul sunt \u00eempodobite cu cristale Swarovski. Carcasa ceasului [&hellip;]<\/p>\n","protected":false},"featured_media":35820,"comment_status":"closed","ping_status":"open","template":"","meta":{"_acf_changed":false},"product_brand":[],"product_cat":[573,25],"product_tag":[],"class_list":{"0":"post-35819","1":"product","2":"type-product","3":"status-publish","4":"has-post-thumbnail","6":"product_cat-anne-klein","7":"product_cat-ceasuri-dama","8":"pa_brand-anne-klein","9":"pa_braslet-otel-inoxidabil","10":"pa_corpus-26-mm","11":"pa_decor-cristale-swarowski","12":"pa_forma-rotund","13":"pa_garatia-24-luni","14":"pa_korpus-auriu","15":"pa_kvarc-quartz","16":"pa_material-alama","17":"pa_mehanizm-quartz","18":"pa_remeshok-auriu","19":"pa_steklo-cristal-mineral","20":"pa_strana-sua","21":"pa_voda-3-atm","23":"first","24":"instock","25":"purchasable","26":"product-type-simple"},"acf":[],"_links":{"self":[{"href":"https:\/\/ceasuri.md\/ru\/wp-json\/wp\/v2\/product\/35819","targetHints":{"allow":["GET"]}}],"collection":[{"href":"https:\/\/ceasuri.md\/ru\/wp-json\/wp\/v2\/product"}],"about":[{"href":"https:\/\/ceasuri.md\/ru\/wp-json\/wp\/v2\/types\/product"}],"replies":[{"embeddable":true,"href":"https:\/\/ceasuri.md\/ru\/wp-json\/wp\/v2\/comments?post=35819"}],"wp:featuredmedia":[{"embeddable":true,"href":"https:\/\/ceasuri.md\/ru\/wp-json\/wp\/v2\/media\/35820"}],"wp:attachment":[{"href":"https:\/\/ceasuri.md\/ru\/wp-json\/wp\/v2\/media?parent=35819"}],"wp:term":[{"taxonomy":"product_brand","embeddable":true,"href":"https:\/\/ceasuri.md\/ru\/wp-json\/wp\/v2\/product_brand?post=35819"},{"taxonomy":"product_cat","embeddable":true,"href":"https:\/\/ceasuri.md\/ru\/wp-json\/wp\/v2\/product_cat?post=35819"},{"taxonomy":"product_tag","embeddable":true,"href":"https:\/\/ceasuri.md\/ru\/wp-json\/wp\/v2\/product_tag?post=35819"}],"curies":[{"name":"wp","href":"https:\/\/api.w.org\/{rel}","templated":true}]}}