{"id":35803,"date":"2021-11-30T22:31:00","date_gmt":"2021-11-30T20:31:00","guid":{"rendered":"http:\/\/new.ceasuri.md\/shop\/uncategorized\/anne-klein-metals-ak-2159svtt\/"},"modified":"2026-05-01T15:19:55","modified_gmt":"2026-05-01T12:19:55","slug":"anne-klein-metals-ak-2159svtt","status":"publish","type":"product","link":"https:\/\/ceasuri.md\/ru\/shop\/branduri\/anne-klein\/anne-klein-metals-ak-2159svtt\/","title":{"rendered":"\u0427\u0430\u0441\u044b ANNE KLEIN METALS AK\/2159SVTT"},"content":{"rendered":"<p>Reflect\u00e2nd adev\u0103ratul stil american, brandul Anne Klein se remarc\u0103 prin rafinament, elegan\u021b\u0103 \u0219i relevan\u021b\u0103 total\u0103 pentru stilul de via\u021b\u0103 al femeilor moderne \u0219i \u00eencrez\u0103toare.<\/p>\n<p>Ceasul de m\u00e2n\u0103 pentru femei este realizat din metal argintiu cu inser\u021bii aurii.<\/p>\n<p>Carcasa ceasului este de form\u0103 rotund\u0103. Cadran clasic rotund \u00een gri deschis cu trei m\u00e2ini sub\u021biri \u0219i indicatoare orare sub form\u0103 de cifre romane.<\/p>\n<p>Sticl\u0103 mineral\u0103. Diametrul carcasei 30 mm.<\/p>","protected":false},"excerpt":{"rendered":"<p>Reflect\u00e2nd adev\u0103ratul stil american, brandul Anne Klein se remarc\u0103 prin rafinament, elegan\u021b\u0103 \u0219i relevan\u021b\u0103 total\u0103 pentru stilul de via\u021b\u0103 al femeilor moderne \u0219i \u00eencrez\u0103toare. Ceasul de m\u00e2n\u0103 pentru femei este realizat din metal argintiu cu inser\u021bii aurii. Carcasa ceasului este de form\u0103 rotund\u0103. Cadran clasic rotund \u00een gri deschis cu trei m\u00e2ini sub\u021biri \u0219i indicatoare [&hellip;]<\/p>\n","protected":false},"featured_media":35804,"comment_status":"closed","ping_status":"open","template":"","meta":{"_acf_changed":false},"product_brand":[],"product_cat":[573,25],"product_tag":[],"class_list":{"0":"post-35803","1":"product","2":"type-product","3":"status-publish","4":"has-post-thumbnail","6":"product_cat-anne-klein","7":"product_cat-ceasuri-dama","8":"pa_brand-anne-klein","9":"pa_braslet-otel-inoxidabil","10":"pa_corpus-30-mm","11":"pa_forma-rotund","12":"pa_garatia-24-luni","13":"pa_korpus-auriu","14":"pa_kvarc-quartz","15":"pa_material-alama","16":"pa_mehanizm-quartz","17":"pa_remeshok-bicolor","18":"pa_steklo-cristal-mineral","19":"pa_strana-sua","20":"pa_voda-3-atm","22":"first","23":"instock","24":"purchasable","25":"product-type-simple"},"acf":[],"_links":{"self":[{"href":"https:\/\/ceasuri.md\/ru\/wp-json\/wp\/v2\/product\/35803","targetHints":{"allow":["GET"]}}],"collection":[{"href":"https:\/\/ceasuri.md\/ru\/wp-json\/wp\/v2\/product"}],"about":[{"href":"https:\/\/ceasuri.md\/ru\/wp-json\/wp\/v2\/types\/product"}],"replies":[{"embeddable":true,"href":"https:\/\/ceasuri.md\/ru\/wp-json\/wp\/v2\/comments?post=35803"}],"wp:featuredmedia":[{"embeddable":true,"href":"https:\/\/ceasuri.md\/ru\/wp-json\/wp\/v2\/media\/35804"}],"wp:attachment":[{"href":"https:\/\/ceasuri.md\/ru\/wp-json\/wp\/v2\/media?parent=35803"}],"wp:term":[{"taxonomy":"product_brand","embeddable":true,"href":"https:\/\/ceasuri.md\/ru\/wp-json\/wp\/v2\/product_brand?post=35803"},{"taxonomy":"product_cat","embeddable":true,"href":"https:\/\/ceasuri.md\/ru\/wp-json\/wp\/v2\/product_cat?post=35803"},{"taxonomy":"product_tag","embeddable":true,"href":"https:\/\/ceasuri.md\/ru\/wp-json\/wp\/v2\/product_tag?post=35803"}],"curies":[{"name":"wp","href":"https:\/\/api.w.org\/{rel}","templated":true}]}}