{"id":35772,"date":"2026-04-02T20:53:11","date_gmt":"2026-04-02T17:53:11","guid":{"rendered":"http:\/\/new.ceasuri.md\/shop\/uncategorized\/anne-klein-ceramic-ak-1610bkgb\/"},"modified":"2026-04-20T00:03:26","modified_gmt":"2026-04-19T21:03:26","slug":"anne-klein-ceramic-ak-1610bkgb","status":"publish","type":"product","link":"https:\/\/ceasuri.md\/ru\/shop\/branduri\/anne-klein\/anne-klein-ceramic-ak-1610bkgb\/","title":{"rendered":"Ceas ANNE KLEIN CERAMIC AK\/1610BKGB"},"content":{"rendered":"<p>Combina\u021bia de metal galben \u0219i ceramic\u0103 neagr\u0103 arat\u0103 \u00eentotdeauna scump\u0103 \u0219i elegant\u0103.<\/p>\n<p>Cadranul este prev\u0103zut cu un diamant.<\/p>\n<p>Carcasa ceasului are 30 mm \u00een diametru \u0219i 7,5 mm grosime.<\/p>\n<p>Br\u0103\u021bara poate fi ajustat\u0103 folosind verigi cu \u00eenchiz\u0103toare de bijuterii.<\/p>","protected":false},"excerpt":{"rendered":"<p>Combina\u021bia de metal galben \u0219i ceramic\u0103 neagr\u0103 arat\u0103 \u00eentotdeauna scump\u0103 \u0219i elegant\u0103. Cadranul este prev\u0103zut cu un diamant. Carcasa ceasului are 30 mm \u00een diametru \u0219i 7,5 mm grosime. Br\u0103\u021bara poate fi ajustat\u0103 folosind verigi cu \u00eenchiz\u0103toare de bijuterii.<\/p>","protected":false},"featured_media":35773,"comment_status":"closed","ping_status":"open","template":"","meta":{"_acf_changed":false},"product_brand":[],"product_cat":[573,25],"product_tag":[],"class_list":{"0":"post-35772","1":"product","2":"type-product","3":"status-publish","4":"has-post-thumbnail","6":"product_cat-anne-klein","7":"product_cat-ceasuri-dama","8":"pa_brand-anne-klein","9":"pa_braslet-ceramica","10":"pa_braslet-otel-inoxidabil","11":"pa_corpus-30mm","12":"pa_decor-diamante","13":"pa_forma-rotund","14":"pa_garatia-24-luni","15":"pa_korpus-auriu","16":"pa_kvarc-quartz","17":"pa_material-alama","18":"pa_mehanizm-quartz","19":"pa_remeshok-bicolor","20":"pa_steklo-cristal-mineral","21":"pa_strana-sua","22":"pa_voda-3-atm","24":"first","25":"instock","26":"purchasable","27":"product-type-simple"},"acf":[],"_links":{"self":[{"href":"https:\/\/ceasuri.md\/ru\/wp-json\/wp\/v2\/product\/35772","targetHints":{"allow":["GET"]}}],"collection":[{"href":"https:\/\/ceasuri.md\/ru\/wp-json\/wp\/v2\/product"}],"about":[{"href":"https:\/\/ceasuri.md\/ru\/wp-json\/wp\/v2\/types\/product"}],"replies":[{"embeddable":true,"href":"https:\/\/ceasuri.md\/ru\/wp-json\/wp\/v2\/comments?post=35772"}],"wp:featuredmedia":[{"embeddable":true,"href":"https:\/\/ceasuri.md\/ru\/wp-json\/wp\/v2\/media\/35773"}],"wp:attachment":[{"href":"https:\/\/ceasuri.md\/ru\/wp-json\/wp\/v2\/media?parent=35772"}],"wp:term":[{"taxonomy":"product_brand","embeddable":true,"href":"https:\/\/ceasuri.md\/ru\/wp-json\/wp\/v2\/product_brand?post=35772"},{"taxonomy":"product_cat","embeddable":true,"href":"https:\/\/ceasuri.md\/ru\/wp-json\/wp\/v2\/product_cat?post=35772"},{"taxonomy":"product_tag","embeddable":true,"href":"https:\/\/ceasuri.md\/ru\/wp-json\/wp\/v2\/product_tag?post=35772"}],"curies":[{"name":"wp","href":"https:\/\/api.w.org\/{rel}","templated":true}]}}