{"id":35761,"date":"2026-04-02T20:53:11","date_gmt":"2026-04-02T17:53:11","guid":{"rendered":"http:\/\/new.ceasuri.md\/shop\/uncategorized\/anne-klein-box-set-ak-1470gbst\/"},"modified":"2026-04-20T00:03:24","modified_gmt":"2026-04-19T21:03:24","slug":"anne-klein-box-set-ak-1470gbst","status":"publish","type":"product","link":"https:\/\/ceasuri.md\/ru\/shop\/branduri\/anne-klein\/anne-klein-box-set-ak-1470gbst\/","title":{"rendered":"\u0427\u0430\u0441\u044b ANNE KLEIN BOX SET AK\/1470GBST"},"content":{"rendered":"<p>Sofisticat \u0219i elegant. Acest ceas va pl\u0103cea oric\u0103rei fete.<\/p>\n<p>Setul include o br\u0103\u021bar\u0103 cu lan\u021b, o br\u0103\u021bar\u0103 \u00eencrustat\u0103 cu email \u0219i o br\u0103\u021bar\u0103 decorat\u0103 cu 36 de cristale Swarovski.<\/p>","protected":false},"excerpt":{"rendered":"<p>Sofisticat \u0219i elegant. Acest ceas va pl\u0103cea oric\u0103rei fete. Setul include o br\u0103\u021bar\u0103 cu lan\u021b, o br\u0103\u021bar\u0103 \u00eencrustat\u0103 cu email \u0219i o br\u0103\u021bar\u0103 decorat\u0103 cu 36 de cristale Swarovski.<\/p>","protected":false},"featured_media":35762,"comment_status":"closed","ping_status":"open","template":"","meta":{"_acf_changed":false},"product_brand":[],"product_cat":[573,25],"product_tag":[],"class_list":{"0":"post-35761","1":"product","2":"type-product","3":"status-publish","4":"has-post-thumbnail","6":"product_cat-anne-klein","7":"product_cat-ceasuri-dama","8":"pa_brand-anne-klein","9":"pa_braslet-otel-inoxidabil","10":"pa_corpus-32-mm","11":"pa_decor-cristale-swarowski","12":"pa_forma-rotund","13":"pa_funcii-set-cadou","14":"pa_garatia-24-luni","15":"pa_korpus-auriu","16":"pa_kvarc-quartz","17":"pa_material-alama","18":"pa_mehanizm-quartz","19":"pa_remeshok-auriu","20":"pa_steklo-cristal-mineral","21":"pa_strana-sua","22":"pa_voda-3-atm","24":"first","25":"instock","26":"purchasable","27":"product-type-simple"},"acf":[],"_links":{"self":[{"href":"https:\/\/ceasuri.md\/ru\/wp-json\/wp\/v2\/product\/35761","targetHints":{"allow":["GET"]}}],"collection":[{"href":"https:\/\/ceasuri.md\/ru\/wp-json\/wp\/v2\/product"}],"about":[{"href":"https:\/\/ceasuri.md\/ru\/wp-json\/wp\/v2\/types\/product"}],"replies":[{"embeddable":true,"href":"https:\/\/ceasuri.md\/ru\/wp-json\/wp\/v2\/comments?post=35761"}],"wp:featuredmedia":[{"embeddable":true,"href":"https:\/\/ceasuri.md\/ru\/wp-json\/wp\/v2\/media\/35762"}],"wp:attachment":[{"href":"https:\/\/ceasuri.md\/ru\/wp-json\/wp\/v2\/media?parent=35761"}],"wp:term":[{"taxonomy":"product_brand","embeddable":true,"href":"https:\/\/ceasuri.md\/ru\/wp-json\/wp\/v2\/product_brand?post=35761"},{"taxonomy":"product_cat","embeddable":true,"href":"https:\/\/ceasuri.md\/ru\/wp-json\/wp\/v2\/product_cat?post=35761"},{"taxonomy":"product_tag","embeddable":true,"href":"https:\/\/ceasuri.md\/ru\/wp-json\/wp\/v2\/product_tag?post=35761"}],"curies":[{"name":"wp","href":"https:\/\/api.w.org\/{rel}","templated":true}]}}