{"id":35745,"date":"2026-04-02T20:53:11","date_gmt":"2026-04-02T17:53:11","guid":{"rendered":"http:\/\/new.ceasuri.md\/shop\/uncategorized\/anne-klein-trend-ak-1412bmgb\/"},"modified":"2026-04-20T00:03:18","modified_gmt":"2026-04-19T21:03:18","slug":"anne-klein-trend-ak-1412bmgb","status":"publish","type":"product","link":"https:\/\/ceasuri.md\/ru\/shop\/branduri\/anne-klein\/anne-klein-trend-ak-1412bmgb\/","title":{"rendered":"\u0427\u0430\u0441\u044b ANNE KLEIN TREND AK\/1412BMGB"},"content":{"rendered":"<p>Ceasurile de m\u00e2n\u0103 Anne Klein sunt un accesoriu must-have pentru femeia modern\u0103, o bijuterie elegant\u0103.<\/p>\n<p>Printre numeroasele colec\u021bii exist\u0103 modele pentru toate gusturile: pentru purtarea zilnic\u0103 \u0219i stilul sportiv, precum \u0219i pentru ie\u0219irile de sear\u0103, realizate din o\u021bel periat \u0219i ceramic\u0103 colorat\u0103, cu cadrane realizate din perle naturale \u0219i pietre de la cristale Swarovski la diamante<\/p>\n<p>. <\/p>\n<p>\u00cen interiorul carcasei se afl\u0103 mi\u0219c\u0103ri cu cuar\u021b Miyota sau Ronda de \u00eenalt\u0103 calitate.<\/p>","protected":false},"excerpt":{"rendered":"<p>Ceasurile de m\u00e2n\u0103 Anne Klein sunt un accesoriu must-have pentru femeia modern\u0103, o bijuterie elegant\u0103. Printre numeroasele colec\u021bii exist\u0103 modele pentru toate gusturile: pentru purtarea zilnic\u0103 \u0219i stilul sportiv, precum \u0219i pentru ie\u0219irile de sear\u0103, realizate din o\u021bel periat \u0219i ceramic\u0103 colorat\u0103, cu cadrane realizate din perle naturale \u0219i pietre de la cristale Swarovski la [&hellip;]<\/p>\n","protected":false},"featured_media":35746,"comment_status":"closed","ping_status":"open","template":"","meta":{"_acf_changed":false},"product_brand":[],"product_cat":[573,25],"product_tag":[],"class_list":{"0":"post-35745","1":"product","2":"type-product","3":"status-publish","4":"has-post-thumbnail","6":"product_cat-anne-klein","7":"product_cat-ceasuri-dama","8":"pa_brand-anne-klein","9":"pa_braslet-otel-inoxidabil","10":"pa_braslet-plastic","11":"pa_corpus-37-mm","12":"pa_forma-rotund","13":"pa_garatia-24-luni","14":"pa_korpus-auriu","15":"pa_kvarc-quartz","16":"pa_material-alama","17":"pa_mehanizm-quartz","18":"pa_remeshok-bicolor","19":"pa_steklo-cristal-mineral","20":"pa_strana-sua","21":"pa_voda-3-atm","23":"first","24":"instock","25":"purchasable","26":"product-type-simple"},"acf":[],"_links":{"self":[{"href":"https:\/\/ceasuri.md\/ru\/wp-json\/wp\/v2\/product\/35745","targetHints":{"allow":["GET"]}}],"collection":[{"href":"https:\/\/ceasuri.md\/ru\/wp-json\/wp\/v2\/product"}],"about":[{"href":"https:\/\/ceasuri.md\/ru\/wp-json\/wp\/v2\/types\/product"}],"replies":[{"embeddable":true,"href":"https:\/\/ceasuri.md\/ru\/wp-json\/wp\/v2\/comments?post=35745"}],"wp:featuredmedia":[{"embeddable":true,"href":"https:\/\/ceasuri.md\/ru\/wp-json\/wp\/v2\/media\/35746"}],"wp:attachment":[{"href":"https:\/\/ceasuri.md\/ru\/wp-json\/wp\/v2\/media?parent=35745"}],"wp:term":[{"taxonomy":"product_brand","embeddable":true,"href":"https:\/\/ceasuri.md\/ru\/wp-json\/wp\/v2\/product_brand?post=35745"},{"taxonomy":"product_cat","embeddable":true,"href":"https:\/\/ceasuri.md\/ru\/wp-json\/wp\/v2\/product_cat?post=35745"},{"taxonomy":"product_tag","embeddable":true,"href":"https:\/\/ceasuri.md\/ru\/wp-json\/wp\/v2\/product_tag?post=35745"}],"curies":[{"name":"wp","href":"https:\/\/api.w.org\/{rel}","templated":true}]}}