{"id":35733,"date":"2026-04-02T20:53:11","date_gmt":"2026-04-02T17:53:11","guid":{"rendered":"http:\/\/new.ceasuri.md\/shop\/uncategorized\/anne-klein-trend-ak-1408crcr\/"},"modified":"2026-04-20T00:03:16","modified_gmt":"2026-04-19T21:03:16","slug":"anne-klein-trend-ak-1408crcr","status":"publish","type":"product","link":"https:\/\/ceasuri.md\/ru\/shop\/branduri\/anne-klein\/anne-klein-trend-ak-1408crcr\/","title":{"rendered":"\u0427\u0430\u0441\u044b ANNE KLEIN TREND AK\/1408CRCR"},"content":{"rendered":"<p>Ceas sofisticat \u0219i elegant pentru femei de la brandul american Anne Klein.<\/p>\n<p>Carcas\u0103 metalic\u0103 cu un strat PVD stabil \u00een culoarea aurie.<\/p>\n<p>Cadran bej decorat cu cristale Swarovski.<\/p>\n<p>Br\u0103\u021bar\u0103 din metal cu inser\u021bii din plastic de culoare bej, asortate cu cadranul.<\/p>\n<p>Diametrul carcasei 36 mm.<\/p>","protected":false},"excerpt":{"rendered":"<p>Ceas sofisticat \u0219i elegant pentru femei de la brandul american Anne Klein. Carcas\u0103 metalic\u0103 cu un strat PVD stabil \u00een culoarea aurie. Cadran bej decorat cu cristale Swarovski. Br\u0103\u021bar\u0103 din metal cu inser\u021bii din plastic de culoare bej, asortate cu cadranul. Diametrul carcasei 36 mm.<\/p>","protected":false},"featured_media":35734,"comment_status":"closed","ping_status":"open","template":"","meta":{"_acf_changed":false},"product_brand":[],"product_cat":[573,25],"product_tag":[],"class_list":{"0":"post-35733","1":"product","2":"type-product","3":"status-publish","4":"has-post-thumbnail","6":"product_cat-anne-klein","7":"product_cat-ceasuri-dama","8":"pa_brand-anne-klein","9":"pa_braslet-otel-inoxidabil","10":"pa_braslet-plastic","11":"pa_corpus-36-mm","12":"pa_decor-cristale-swarowski","13":"pa_forma-rotund","14":"pa_garatia-24-luni","15":"pa_korpus-auriu","16":"pa_kvarc-quartz","17":"pa_material-alama","18":"pa_mehanizm-quartz","19":"pa_remeshok-bej","20":"pa_steklo-cristal-mineral","21":"pa_strana-sua","22":"pa_voda-3-atm","24":"first","25":"instock","26":"purchasable","27":"product-type-simple"},"acf":[],"_links":{"self":[{"href":"https:\/\/ceasuri.md\/ru\/wp-json\/wp\/v2\/product\/35733","targetHints":{"allow":["GET"]}}],"collection":[{"href":"https:\/\/ceasuri.md\/ru\/wp-json\/wp\/v2\/product"}],"about":[{"href":"https:\/\/ceasuri.md\/ru\/wp-json\/wp\/v2\/types\/product"}],"replies":[{"embeddable":true,"href":"https:\/\/ceasuri.md\/ru\/wp-json\/wp\/v2\/comments?post=35733"}],"wp:featuredmedia":[{"embeddable":true,"href":"https:\/\/ceasuri.md\/ru\/wp-json\/wp\/v2\/media\/35734"}],"wp:attachment":[{"href":"https:\/\/ceasuri.md\/ru\/wp-json\/wp\/v2\/media?parent=35733"}],"wp:term":[{"taxonomy":"product_brand","embeddable":true,"href":"https:\/\/ceasuri.md\/ru\/wp-json\/wp\/v2\/product_brand?post=35733"},{"taxonomy":"product_cat","embeddable":true,"href":"https:\/\/ceasuri.md\/ru\/wp-json\/wp\/v2\/product_cat?post=35733"},{"taxonomy":"product_tag","embeddable":true,"href":"https:\/\/ceasuri.md\/ru\/wp-json\/wp\/v2\/product_tag?post=35733"}],"curies":[{"name":"wp","href":"https:\/\/api.w.org\/{rel}","templated":true}]}}