{"id":35695,"date":"2026-04-02T20:52:33","date_gmt":"2026-04-02T17:52:33","guid":{"rendered":"http:\/\/new.ceasuri.md\/shop\/uncategorized\/anne-klein-ceramic-ak-1018bkbk\/"},"modified":"2026-04-20T00:03:07","modified_gmt":"2026-04-19T21:03:07","slug":"anne-klein-ceramic-ak-1018bkbk","status":"publish","type":"product","link":"https:\/\/ceasuri.md\/ru\/shop\/branduri\/anne-klein\/anne-klein-ceramic-ak-1018bkbk\/","title":{"rendered":"\u0427\u0430\u0441\u044b ANNE KLEIN CERAMIC AK\/1018BKBK"},"content":{"rendered":"<p>Anne Klein este un ceas pentru femei incredibil de atractiv.<\/p>\n<p>Toate produsele acestui brand sunt de \u00eenalt\u0103 calitate, fabricate din materiale de \u00eenalt\u0103 tehnologie, datorit\u0103 c\u0103rora ceasul va dura mul\u021bi ani, pl\u0103c\u00e2nd frumuse\u021bea \u0219i precizia proprietarului s\u0103u.<\/p>","protected":false},"excerpt":{"rendered":"<p>Anne Klein este un ceas pentru femei incredibil de atractiv. Toate produsele acestui brand sunt de \u00eenalt\u0103 calitate, fabricate din materiale de \u00eenalt\u0103 tehnologie, datorit\u0103 c\u0103rora ceasul va dura mul\u021bi ani, pl\u0103c\u00e2nd frumuse\u021bea \u0219i precizia proprietarului s\u0103u.<\/p>","protected":false},"featured_media":35696,"comment_status":"closed","ping_status":"open","template":"","meta":{"_acf_changed":false},"product_brand":[],"product_cat":[573,25],"product_tag":[],"class_list":{"0":"post-35695","1":"product","2":"type-product","3":"status-publish","4":"has-post-thumbnail","6":"product_cat-anne-klein","7":"product_cat-ceasuri-dama","8":"pa_brand-anne-klein","9":"pa_braslet-otel-inoxidabil","10":"pa_corpus-33-mm","11":"pa_decor-diamante","12":"pa_forma-rotund","13":"pa_garatia-24-luni","14":"pa_korpus-auriu","15":"pa_kvarc-quartz","16":"pa_material-alama","17":"pa_mehanizm-quartz","18":"pa_remeshok-negru","19":"pa_steklo-cristal-mineral","20":"pa_strana-sua","21":"pa_voda-3-atm","23":"first","24":"instock","25":"purchasable","26":"product-type-simple"},"acf":[],"_links":{"self":[{"href":"https:\/\/ceasuri.md\/ru\/wp-json\/wp\/v2\/product\/35695","targetHints":{"allow":["GET"]}}],"collection":[{"href":"https:\/\/ceasuri.md\/ru\/wp-json\/wp\/v2\/product"}],"about":[{"href":"https:\/\/ceasuri.md\/ru\/wp-json\/wp\/v2\/types\/product"}],"replies":[{"embeddable":true,"href":"https:\/\/ceasuri.md\/ru\/wp-json\/wp\/v2\/comments?post=35695"}],"wp:featuredmedia":[{"embeddable":true,"href":"https:\/\/ceasuri.md\/ru\/wp-json\/wp\/v2\/media\/35696"}],"wp:attachment":[{"href":"https:\/\/ceasuri.md\/ru\/wp-json\/wp\/v2\/media?parent=35695"}],"wp:term":[{"taxonomy":"product_brand","embeddable":true,"href":"https:\/\/ceasuri.md\/ru\/wp-json\/wp\/v2\/product_brand?post=35695"},{"taxonomy":"product_cat","embeddable":true,"href":"https:\/\/ceasuri.md\/ru\/wp-json\/wp\/v2\/product_cat?post=35695"},{"taxonomy":"product_tag","embeddable":true,"href":"https:\/\/ceasuri.md\/ru\/wp-json\/wp\/v2\/product_tag?post=35695"}],"curies":[{"name":"wp","href":"https:\/\/api.w.org\/{rel}","templated":true}]}}