{"id":35573,"date":"2026-04-02T20:51:08","date_gmt":"2026-04-02T17:51:08","guid":{"rendered":"http:\/\/new.ceasuri.md\/shop\/uncategorized\/casio-g-shock-gmw-b5000d-1er\/"},"modified":"2026-04-07T03:37:03","modified_gmt":"2026-04-07T00:37:03","slug":"casio-g-shock-gmw-b5000d-1er","status":"publish","type":"product","link":"https:\/\/ceasuri.md\/ru\/shop\/branduri\/casio\/casio-g-shock-gmw-b5000d-1er\/","title":{"rendered":"Ceas CASIO G-SHOCK GMW-B5000D-1ER"},"content":{"rendered":"<p>Este modelul original G-Shock din 1983. Seria GMW-B5000 a mo\u0219tenit designul s\u0103u p\u0103trat caracteristic \u0219i a primit un tratament complet din metal, \u00eempreun\u0103 cu caracteristici \u00eembun\u0103t\u0103\u021bite, inclusiv conectarea la smartphone.<\/p>\n<p>Ceasul a primit o carcas\u0103 metalic\u0103 prin utilizarea unui material de amortizare din r\u0103\u0219in\u0103 fin\u0103 rezistent\u0103 la \u0219ocuri, inserat \u00eentre carcas\u0103 \u0219i luneta metalic\u0103 robust\u0103 din o\u021bel inoxidabil. Tehnologia de montare de \u00eenalt\u0103 densitate permite, de asemenea, ceasului s\u0103 \u00ee\u0219i men\u021bin\u0103 dimensiunea. Partea din spate a ceasului prezint\u0103 un spate solid cu \u00eenchidere cu \u0219urub \u0219i a fost tratat DLC pentru rezisten\u021b\u0103 la uzur\u0103. Banda metalic\u0103 a fost prelucrat\u0103 cu gropi\u021be, mo\u0219tenind designul Resin Band al originalului.<\/p>\n<p>Din punct de vedere func\u021bional, acest model este prev\u0103zut cu comunica\u021bii Bluetooth\u00ae \u0219i se poate conecta cu o aplica\u021bie dedicat\u0103 pentru a ob\u021bine informa\u021bii precise despre or\u0103. Ceasul este, de asemenea, dotat cu func\u021bii practice, inclusiv un sistem de corec\u021bie a timpului care utilizeaz\u0103 semnale de timp \u0219i frecven\u021b\u0103 standard (Multi-Band 6), o surs\u0103 de energie fiabil\u0103 sub forma tehnologiei Tough Solar, iluminare de fundal Full Auto LED de \u00eenalt\u0103 luminozitate, afi\u0219area orei mondiale \u0219i a zilei s\u0103pt\u0103m\u00e2nii \u00een \u0219ase limbi.<\/p>\n<p>Acesta este un model G-Shock care r\u0103m\u00e2ne fidel predecesorului s\u0103u, suferind \u00een acela\u0219i timp un rafinament suplimentar prin aplicarea unui design complet metalic.<\/p>","protected":false},"excerpt":{"rendered":"<p>Este modelul original G-Shock din 1983. Seria GMW-B5000 a mo\u0219tenit designul s\u0103u p\u0103trat caracteristic \u0219i a primit un tratament complet din metal, \u00eempreun\u0103 cu caracteristici \u00eembun\u0103t\u0103\u021bite, inclusiv conectarea la smartphone. Ceasul a primit o carcas\u0103 metalic\u0103 prin utilizarea unui material de amortizare din r\u0103\u0219in\u0103 fin\u0103 rezistent\u0103 la \u0219ocuri, inserat \u00eentre carcas\u0103 \u0219i luneta metalic\u0103 robust\u0103 [&hellip;]<\/p>\n","protected":false},"featured_media":35574,"comment_status":"closed","ping_status":"open","template":"","meta":{"_acf_changed":false},"product_brand":[],"product_cat":[27,20,419],"product_tag":[],"class_list":{"0":"post-35573","1":"product","2":"type-product","3":"status-publish","4":"has-post-thumbnail","6":"product_cat-casio","7":"product_cat-ceasuri-barbati","8":"product_cat-g-shock","9":"pa_brand-casio","10":"pa_brand-g-shock","11":"pa_braslet-otel-inoxidabil","12":"pa_corpus-43x49mm","13":"pa_forma-octogonala","14":"pa_funcii-alarma","15":"pa_funcii-bluetooth-smart","16":"pa_funcii-calendar","17":"pa_funcii-cronometru","18":"pa_funcii-iluminare","19":"pa_funcii-rezerva-de-energie","20":"pa_funcii-timp-mondial","21":"pa_garatia-24-luni","22":"pa_korpus-argintiu","23":"pa_material-otel-inoxidabil","24":"pa_mehanizm-baterie-solara","25":"pa_mehanizm-electronic","26":"pa_remeshok-argintiu","27":"pa_steklo-cristal-mineral","28":"pa_strana-japonia","29":"pa_voda-20-atm","31":"first","32":"instock","33":"purchasable","34":"product-type-simple"},"acf":[],"_links":{"self":[{"href":"https:\/\/ceasuri.md\/ru\/wp-json\/wp\/v2\/product\/35573","targetHints":{"allow":["GET"]}}],"collection":[{"href":"https:\/\/ceasuri.md\/ru\/wp-json\/wp\/v2\/product"}],"about":[{"href":"https:\/\/ceasuri.md\/ru\/wp-json\/wp\/v2\/types\/product"}],"replies":[{"embeddable":true,"href":"https:\/\/ceasuri.md\/ru\/wp-json\/wp\/v2\/comments?post=35573"}],"wp:featuredmedia":[{"embeddable":true,"href":"https:\/\/ceasuri.md\/ru\/wp-json\/wp\/v2\/media\/35574"}],"wp:attachment":[{"href":"https:\/\/ceasuri.md\/ru\/wp-json\/wp\/v2\/media?parent=35573"}],"wp:term":[{"taxonomy":"product_brand","embeddable":true,"href":"https:\/\/ceasuri.md\/ru\/wp-json\/wp\/v2\/product_brand?post=35573"},{"taxonomy":"product_cat","embeddable":true,"href":"https:\/\/ceasuri.md\/ru\/wp-json\/wp\/v2\/product_cat?post=35573"},{"taxonomy":"product_tag","embeddable":true,"href":"https:\/\/ceasuri.md\/ru\/wp-json\/wp\/v2\/product_tag?post=35573"}],"curies":[{"name":"wp","href":"https:\/\/api.w.org\/{rel}","templated":true}]}}