{"id":35568,"date":"2026-04-02T20:51:08","date_gmt":"2026-04-02T17:51:08","guid":{"rendered":"http:\/\/new.ceasuri.md\/shop\/uncategorized\/casio-edifice-efv-550p-1avuef\/"},"modified":"2026-04-20T00:07:21","modified_gmt":"2026-04-19T21:07:21","slug":"casio-edifice-efv-550p-1avuef","status":"publish","type":"product","link":"https:\/\/ceasuri.md\/ru\/shop\/branduri\/casio\/casio-edifice-efv-550p-1avuef\/","title":{"rendered":"\u0427\u0430\u0441\u044b CASIO EDIFICE EFV-550P-1AVUEF"},"content":{"rendered":"<p>Casio se g\u00e2nde\u0219te cu aten\u021bie la viitorul ceasurilor. Scopul este un ceas care s\u0103 fie solicitat \u00eentr-o varietate de aplica\u021bii \u0219i s\u0103 afi\u0219eze ora cu cea mai mare precizie.<\/p>\n<p>Atunci c\u00e2nd produce ceasuri, Casio acord\u0103 o aten\u021bie maxim\u0103 fiec\u0103rui detaliu, utiliz\u00e2nd poten\u021bialul ascuns nelimitat al electronicii \u0219i introduc\u00e2nd tehnologii care nu sunt disponibile pentru al\u021bi produc\u0103tori. <\/p>\n<p>\u00cen procesul de creare de noi ceasuri, Casio ia cele mai \u00eendr\u0103zne\u021be decizii, f\u0103r\u0103 a se limita la g\u00e2ndirea standard.<\/p>\n<p>Ceasurile func\u021bionale de mari dimensiuni, cu design sportiv, vor sublinia pozi\u021bia de via\u021b\u0103 activ\u0103 a proprietarului lor.<\/p>\n<p>Acoperirea neobrit\u0103 care absoarbe lumina continu\u0103 s\u0103 str\u0103luceasc\u0103 \u00een \u00eentuneric chiar \u0219i dup\u0103 o scurt\u0103 expunere la lumin\u0103.<\/p>\n<p>Ceas cronograf cu cronometru cu o precizie de 1\/10s \u0219i un timp de m\u0103surare de 1h.<\/p>\n<p>Coroan\u0103 protejat\u0103. Fundul carcasei cu \u00eenchidere cu \u0219urub.<\/p>","protected":false},"excerpt":{"rendered":"<p>Casio se g\u00e2nde\u0219te cu aten\u021bie la viitorul ceasurilor. Scopul este un ceas care s\u0103 fie solicitat \u00eentr-o varietate de aplica\u021bii \u0219i s\u0103 afi\u0219eze ora cu cea mai mare precizie. Atunci c\u00e2nd produce ceasuri, Casio acord\u0103 o aten\u021bie maxim\u0103 fiec\u0103rui detaliu, utiliz\u00e2nd poten\u021bialul ascuns nelimitat al electronicii \u0219i introduc\u00e2nd tehnologii care nu sunt disponibile pentru al\u021bi [&hellip;]<\/p>\n","protected":false},"featured_media":35569,"comment_status":"closed","ping_status":"open","template":"","meta":{"_acf_changed":false},"product_brand":[],"product_cat":[27,20,536],"product_tag":[],"class_list":{"0":"post-35568","1":"product","2":"type-product","3":"status-publish","4":"has-post-thumbnail","6":"product_cat-casio","7":"product_cat-ceasuri-barbati","8":"product_cat-edifice","9":"pa_brand-casio","10":"pa_brand-edifice","11":"pa_braslet-plastic","12":"pa_corpus-53-mm","13":"pa_forma-rotund","14":"pa_funcii-cronograf","15":"pa_funcii-data","16":"pa_garatia-24-luni","17":"pa_korpus-argintiu","18":"pa_korpus-negru","19":"pa_kvarc-quartz","20":"pa_material-otel-inoxidabil","21":"pa_mehanizm-quartz","22":"pa_remeshok-negru","23":"pa_steklo-cristal-mineral","24":"pa_strana-japonia","25":"pa_voda-10-atm","27":"first","28":"instock","29":"purchasable","30":"product-type-simple"},"acf":[],"_links":{"self":[{"href":"https:\/\/ceasuri.md\/ru\/wp-json\/wp\/v2\/product\/35568","targetHints":{"allow":["GET"]}}],"collection":[{"href":"https:\/\/ceasuri.md\/ru\/wp-json\/wp\/v2\/product"}],"about":[{"href":"https:\/\/ceasuri.md\/ru\/wp-json\/wp\/v2\/types\/product"}],"replies":[{"embeddable":true,"href":"https:\/\/ceasuri.md\/ru\/wp-json\/wp\/v2\/comments?post=35568"}],"wp:featuredmedia":[{"embeddable":true,"href":"https:\/\/ceasuri.md\/ru\/wp-json\/wp\/v2\/media\/35569"}],"wp:attachment":[{"href":"https:\/\/ceasuri.md\/ru\/wp-json\/wp\/v2\/media?parent=35568"}],"wp:term":[{"taxonomy":"product_brand","embeddable":true,"href":"https:\/\/ceasuri.md\/ru\/wp-json\/wp\/v2\/product_brand?post=35568"},{"taxonomy":"product_cat","embeddable":true,"href":"https:\/\/ceasuri.md\/ru\/wp-json\/wp\/v2\/product_cat?post=35568"},{"taxonomy":"product_tag","embeddable":true,"href":"https:\/\/ceasuri.md\/ru\/wp-json\/wp\/v2\/product_tag?post=35568"}],"curies":[{"name":"wp","href":"https:\/\/api.w.org\/{rel}","templated":true}]}}