{"id":35548,"date":"2026-04-02T20:51:08","date_gmt":"2026-04-02T17:51:08","guid":{"rendered":"http:\/\/new.ceasuri.md\/shop\/uncategorized\/casio-baby-g-bsa-b100-2a\/"},"modified":"2026-04-20T00:06:11","modified_gmt":"2026-04-19T21:06:11","slug":"casio-baby-g-bsa-b100-2a","status":"publish","type":"product","link":"https:\/\/ceasuri.md\/ru\/shop\/branduri\/casio\/casio-baby-g-bsa-b100-2a\/","title":{"rendered":"\u0427\u0430\u0441\u044b CASIO BABY-G BSA-B100-2A"},"content":{"rendered":"<p>Acest model este capabil s\u0103 se conecteze cu dispozitive mobile care sus\u021bin confortabil exerci\u021biile \u0219i antrenamentele zilnice.<\/p>\n<p>Echipat cu func\u021bii utile pentru gestionarea zilnic\u0103 a s\u0103n\u0103t\u0103\u021bii \u0219i pentru sport, cum ar fi o lumin\u0103 LED dubl\u0103 automat\u0103, o func\u021bie de m\u0103surare a num\u0103rului de pa\u0219i, un cronometru care poate m\u0103sura p\u00e2n\u0103 la 5 \u00d7 20 seturi \u0219i o memorie maxim\u0103 de 200 de ture.<\/p>\n<p>\u00cen plus, gestionarea \u00eenregistr\u0103rii activit\u0103\u021bii zilnice \u0219i set\u0103rile pentru exerci\u021bii fizice se realizeaz\u0103 prin conectarea la aplica\u021bia dedicat\u0103 &#8222;CASIO WATCHES&#8221; prin intermediul comunic\u0103rii Bluetooth\u00ae. Aceasta permite, de asemenea, purt\u0103torilor s\u0103 calculeze caloriile \u0219i s\u0103 stabileasc\u0103 obiective pentru num\u0103rul de pa\u0219i. Func\u021biile originale ale ceasului, cum ar fi ajustarea automat\u0103 a orei, sunt, de asemenea, realizate prin conectarea la aplica\u021bie.<\/p>","protected":false},"excerpt":{"rendered":"<p>Acest model este capabil s\u0103 se conecteze cu dispozitive mobile care sus\u021bin confortabil exerci\u021biile \u0219i antrenamentele zilnice. Echipat cu func\u021bii utile pentru gestionarea zilnic\u0103 a s\u0103n\u0103t\u0103\u021bii \u0219i pentru sport, cum ar fi o lumin\u0103 LED dubl\u0103 automat\u0103, o func\u021bie de m\u0103surare a num\u0103rului de pa\u0219i, un cronometru care poate m\u0103sura p\u00e2n\u0103 la 5 \u00d7 20 [&hellip;]<\/p>\n","protected":false},"featured_media":35549,"comment_status":"closed","ping_status":"open","template":"","meta":{"_acf_changed":false},"product_brand":[],"product_cat":[27,25],"product_tag":[],"class_list":{"0":"post-35548","1":"product","2":"type-product","3":"status-publish","4":"has-post-thumbnail","6":"product_cat-casio","7":"product_cat-ceasuri-dama","8":"pa_brand-casio","9":"pa_braslet-plastic","10":"pa_corpus-41-mm","11":"pa_forma-rotund","12":"pa_funcii-accelerometru","13":"pa_funcii-alarma","14":"pa_funcii-bluetooth-smart","15":"pa_funcii-calendar","16":"pa_funcii-cronometru","17":"pa_funcii-dual-time","18":"pa_funcii-iluminare","19":"pa_funcii-pedometru","20":"pa_garatia-24-luni","21":"pa_korpus-albastru-inchis","22":"pa_kvarc-quartz","23":"pa_material-plastic","24":"pa_mehanizm-quartz","25":"pa_remeshok-albastru-inchis","26":"pa_steklo-cristal-mineral","27":"pa_strana-japonia","28":"pa_voda-10-atm","30":"first","31":"instock","32":"purchasable","33":"product-type-simple"},"acf":[],"_links":{"self":[{"href":"https:\/\/ceasuri.md\/ru\/wp-json\/wp\/v2\/product\/35548","targetHints":{"allow":["GET"]}}],"collection":[{"href":"https:\/\/ceasuri.md\/ru\/wp-json\/wp\/v2\/product"}],"about":[{"href":"https:\/\/ceasuri.md\/ru\/wp-json\/wp\/v2\/types\/product"}],"replies":[{"embeddable":true,"href":"https:\/\/ceasuri.md\/ru\/wp-json\/wp\/v2\/comments?post=35548"}],"wp:featuredmedia":[{"embeddable":true,"href":"https:\/\/ceasuri.md\/ru\/wp-json\/wp\/v2\/media\/35549"}],"wp:attachment":[{"href":"https:\/\/ceasuri.md\/ru\/wp-json\/wp\/v2\/media?parent=35548"}],"wp:term":[{"taxonomy":"product_brand","embeddable":true,"href":"https:\/\/ceasuri.md\/ru\/wp-json\/wp\/v2\/product_brand?post=35548"},{"taxonomy":"product_cat","embeddable":true,"href":"https:\/\/ceasuri.md\/ru\/wp-json\/wp\/v2\/product_cat?post=35548"},{"taxonomy":"product_tag","embeddable":true,"href":"https:\/\/ceasuri.md\/ru\/wp-json\/wp\/v2\/product_tag?post=35548"}],"curies":[{"name":"wp","href":"https:\/\/api.w.org\/{rel}","templated":true}]}}