{"id":35540,"date":"2021-11-30T17:41:00","date_gmt":"2021-11-30T15:41:00","guid":{"rendered":"http:\/\/new.ceasuri.md\/shop\/uncategorized\/appella-4153-2011\/"},"modified":"2026-05-01T15:17:34","modified_gmt":"2026-05-01T12:17:34","slug":"appella-4153-2011","status":"publish","type":"product","link":"https:\/\/ceasuri.md\/ru\/shop\/branduri\/appella\/appella-4153-2011\/","title":{"rendered":"\u0427\u0430\u0441\u044b APPELLA 4153-2011"},"content":{"rendered":"<p>Appella produce ceasuri de calitate din 1943. Marca este m\u00e2ndr\u0103 de originile sale \u0219i nu este de mirare: cuvintele \u201eSwiss made\u201d au devenit de mult timp nume familiare, iar mi\u0219c\u0103rile Ronda \u0219i ETA sunt recunoscute \u00een \u00eentreaga lume.<\/p>\n<p>Luxul discret este ADN-ul m\u0103rcii Appella. Estetica brandului se bazeaz\u0103 pe forme simple ale carcasei \u0219i pe cadrane ghio\u0219ate \u0219i laconice iscusite.<\/p>","protected":false},"excerpt":{"rendered":"<p>Appella produce ceasuri de calitate din 1943. Marca este m\u00e2ndr\u0103 de originile sale \u0219i nu este de mirare: cuvintele \u201eSwiss made\u201d au devenit de mult timp nume familiare, iar mi\u0219c\u0103rile Ronda \u0219i ETA sunt recunoscute \u00een \u00eentreaga lume. Luxul discret este ADN-ul m\u0103rcii Appella. Estetica brandului se bazeaz\u0103 pe forme simple ale carcasei \u0219i pe [&hellip;]<\/p>\n","protected":false},"featured_media":35541,"comment_status":"closed","ping_status":"open","template":"","meta":{"_acf_changed":false},"product_brand":[],"product_cat":[340,20,23],"product_tag":[696,695],"class_list":{"0":"post-35540","1":"product","2":"type-product","3":"status-publish","4":"has-post-thumbnail","6":"product_cat-appella","7":"product_cat-ceasuri-barbati","8":"product_cat-sale-ceasuri-barbati","9":"product_tag-696","10":"product_tag-695","11":"pa_brand-appella","12":"pa_braslet-piele","13":"pa_corpus-44-mm","14":"pa_forma-atipica","15":"pa_funcii-data","16":"pa_garatia-6-luni","17":"pa_korpus-bicolor","18":"pa_kvarc-quartz","19":"pa_material-otel-inoxidabil","20":"pa_mehanizm-quartz","21":"pa_remeshok-maro","22":"pa_steklo-cristal-mineral","23":"pa_strana-elvetia","24":"pa_voda-3-atm","26":"first","27":"instock","28":"sale","29":"purchasable","30":"product-type-simple"},"acf":[],"_links":{"self":[{"href":"https:\/\/ceasuri.md\/ru\/wp-json\/wp\/v2\/product\/35540","targetHints":{"allow":["GET"]}}],"collection":[{"href":"https:\/\/ceasuri.md\/ru\/wp-json\/wp\/v2\/product"}],"about":[{"href":"https:\/\/ceasuri.md\/ru\/wp-json\/wp\/v2\/types\/product"}],"replies":[{"embeddable":true,"href":"https:\/\/ceasuri.md\/ru\/wp-json\/wp\/v2\/comments?post=35540"}],"wp:featuredmedia":[{"embeddable":true,"href":"https:\/\/ceasuri.md\/ru\/wp-json\/wp\/v2\/media\/35541"}],"wp:attachment":[{"href":"https:\/\/ceasuri.md\/ru\/wp-json\/wp\/v2\/media?parent=35540"}],"wp:term":[{"taxonomy":"product_brand","embeddable":true,"href":"https:\/\/ceasuri.md\/ru\/wp-json\/wp\/v2\/product_brand?post=35540"},{"taxonomy":"product_cat","embeddable":true,"href":"https:\/\/ceasuri.md\/ru\/wp-json\/wp\/v2\/product_cat?post=35540"},{"taxonomy":"product_tag","embeddable":true,"href":"https:\/\/ceasuri.md\/ru\/wp-json\/wp\/v2\/product_tag?post=35540"}],"curies":[{"name":"wp","href":"https:\/\/api.w.org\/{rel}","templated":true}]}}