{"id":35434,"date":"2026-04-02T20:49:37","date_gmt":"2026-04-02T17:49:37","guid":{"rendered":"http:\/\/new.ceasuri.md\/shop\/uncategorized\/jacques-lemans-uefa-u-36b\/"},"modified":"2026-04-16T21:03:01","modified_gmt":"2026-04-16T18:03:01","slug":"jacques-lemans-uefa-u-36b","status":"publish","type":"product","link":"https:\/\/ceasuri.md\/ru\/shop\/branduri\/jacques-lemans\/jacques-lemans-uefa-u-36b\/","title":{"rendered":"Ceas JACQUES LEMANS U-36B"},"content":{"rendered":"<p>Jacques Lemans este una dintre cele mai mari companii de ceasuri de m\u00e2n\u0103 din lume. Ceasurile Jacques Lemans sunt produse \u00een Austria de peste 40 de ani.<\/p>\n<p>Principiul principal al companiei este calitatea excelent\u0103 la un pre\u021b corect.<\/p>\n<p>Marca este reprezentat\u0103 de actorul hollywoodian Kevin Costner \u0219i de campioana olimpic\u0103 de la Sochi, Anna Fite. Compania este un partener al UEFA Champions League.<\/p>","protected":false},"excerpt":{"rendered":"<p>Jacques Lemans este una dintre cele mai mari companii de ceasuri de m\u00e2n\u0103 din lume. Ceasurile Jacques Lemans sunt produse \u00een Austria de peste 40 de ani. Principiul principal al companiei este calitatea excelent\u0103 la un pre\u021b corect. Marca este reprezentat\u0103 de actorul hollywoodian Kevin Costner \u0219i de campioana olimpic\u0103 de la Sochi, Anna Fite. [&hellip;]<\/p>\n","protected":false},"featured_media":35435,"comment_status":"closed","ping_status":"open","template":"","meta":{"_acf_changed":false},"product_brand":[],"product_cat":[20,206,23],"product_tag":[],"class_list":{"0":"post-35434","1":"product","2":"type-product","3":"status-publish","4":"has-post-thumbnail","6":"product_cat-ceasuri-barbati","7":"product_cat-jacques-lemans","8":"product_cat-sale-ceasuri-barbati","9":"pa_brand-jacques-lemans","10":"pa_braslet-piele","11":"pa_corpus-44-mm","12":"pa_forma-rotund","13":"pa_funcii-cronograf","14":"pa_funcii-data","15":"pa_garatia-6-luni","16":"pa_korpus-argintiu","17":"pa_kvarc-quartz","18":"pa_material-otel-inoxidabil","19":"pa_mehanizm-quartz","20":"pa_remeshok-bicolor","21":"pa_steklo-cristal-mineral","22":"pa_strana-austria","23":"pa_voda-10-atm","25":"first","26":"instock","27":"sale","28":"purchasable","29":"product-type-simple"},"acf":[],"_links":{"self":[{"href":"https:\/\/ceasuri.md\/ru\/wp-json\/wp\/v2\/product\/35434","targetHints":{"allow":["GET"]}}],"collection":[{"href":"https:\/\/ceasuri.md\/ru\/wp-json\/wp\/v2\/product"}],"about":[{"href":"https:\/\/ceasuri.md\/ru\/wp-json\/wp\/v2\/types\/product"}],"replies":[{"embeddable":true,"href":"https:\/\/ceasuri.md\/ru\/wp-json\/wp\/v2\/comments?post=35434"}],"wp:featuredmedia":[{"embeddable":true,"href":"https:\/\/ceasuri.md\/ru\/wp-json\/wp\/v2\/media\/35435"}],"wp:attachment":[{"href":"https:\/\/ceasuri.md\/ru\/wp-json\/wp\/v2\/media?parent=35434"}],"wp:term":[{"taxonomy":"product_brand","embeddable":true,"href":"https:\/\/ceasuri.md\/ru\/wp-json\/wp\/v2\/product_brand?post=35434"},{"taxonomy":"product_cat","embeddable":true,"href":"https:\/\/ceasuri.md\/ru\/wp-json\/wp\/v2\/product_cat?post=35434"},{"taxonomy":"product_tag","embeddable":true,"href":"https:\/\/ceasuri.md\/ru\/wp-json\/wp\/v2\/product_tag?post=35434"}],"curies":[{"name":"wp","href":"https:\/\/api.w.org\/{rel}","templated":true}]}}