{"id":35427,"date":"2026-04-02T20:49:37","date_gmt":"2026-04-02T17:49:37","guid":{"rendered":"http:\/\/new.ceasuri.md\/shop\/uncategorized\/casio-collection-trt-110h-1a\/"},"modified":"2026-04-17T13:12:40","modified_gmt":"2026-04-17T10:12:40","slug":"casio-collection-trt-110h-1a","status":"publish","type":"product","link":"https:\/\/ceasuri.md\/ru\/shop\/branduri\/casio\/casio-collection-trt-110h-1a\/","title":{"rendered":"Ceas CASIO COLLECTION TRT-110H-1A"},"content":{"rendered":"<p>Casio se g\u00e2nde\u0219te cu aten\u021bie la viitorul ceasurilor de m\u00e2n\u0103.Scopul este un ceas care s\u0103 fie solicitat \u00een diverse domenii de aplicare \u0219i care s\u0103 afi\u0219eze ora cu cea mai mare precizie.<\/p>\n<p>\u00cen produc\u021bia de ceasuri, Casio acord\u0103 o aten\u021bie maxim\u0103 fiec\u0103rui detaliu, utiliz\u00e2nd poten\u021bialul ascuns nelimitat al electronicii \u0219i introduc\u00e2nd tehnologii care nu sunt disponibile pentru al\u021bi produc\u0103tori.<\/p>\n<p>\u00cen procesul de creare de noi ceasuri, Casio nu se limiteaz\u0103 la g\u00e2ndirea standard, ci ia cele mai \u00eendr\u0103zne\u021be decizii.<\/p>\n<p>Ceasul multifunc\u021bional cu cronometru este perfect pentru sport.<\/p>\n<p>Lumina de fundal electroluminescent\u0103 lumineaz\u0103 \u00eentregul cadran, dup\u0103 eliberarea butonului, str\u0103lucirea continu\u0103 pentru un anumit timp.<\/p>\n<p>Al doilea fus orar. Format de timp de 12 \u0219i 24 de ore.<\/p>\n<p>Cronometru cu o precizie de citire de 1\/100s \u0219i timp de m\u0103surare 10000h. Cronograf divizat.<\/p>\n<p>Cronometru cu num\u0103r\u0103toare invers\u0103 de la 1s la 24h.<\/p>","protected":false},"excerpt":{"rendered":"<p>Casio se g\u00e2nde\u0219te cu aten\u021bie la viitorul ceasurilor de m\u00e2n\u0103.Scopul este un ceas care s\u0103 fie solicitat \u00een diverse domenii de aplicare \u0219i care s\u0103 afi\u0219eze ora cu cea mai mare precizie. \u00cen produc\u021bia de ceasuri, Casio acord\u0103 o aten\u021bie maxim\u0103 fiec\u0103rui detaliu, utiliz\u00e2nd poten\u021bialul ascuns nelimitat al electronicii \u0219i introduc\u00e2nd tehnologii care nu sunt [&hellip;]<\/p>\n","protected":false},"featured_media":35428,"comment_status":"closed","ping_status":"open","template":"","meta":{"_acf_changed":false},"product_brand":[],"product_cat":[27,20],"product_tag":[],"class_list":{"0":"post-35427","1":"product","2":"type-product","3":"status-publish","4":"has-post-thumbnail","6":"product_cat-casio","7":"product_cat-ceasuri-barbati","8":"pa_brand-casio","9":"pa_braslet-plastic","10":"pa_corpus-48-mm","11":"pa_forma-rotund","12":"pa_funcii-alarma","13":"pa_funcii-calendar","14":"pa_funcii-cronometru","15":"pa_funcii-dual-time","16":"pa_funcii-iluminare","17":"pa_garatia-24-luni","18":"pa_korpus-negru","19":"pa_kvarc-quartz","20":"pa_material-plastic","21":"pa_mehanizm-electronic","22":"pa_remeshok-negru","23":"pa_steklo-plastic","24":"pa_strana-japonia","25":"pa_voda-10-atm","27":"first","28":"instock","29":"purchasable","30":"product-type-simple"},"acf":[],"_links":{"self":[{"href":"https:\/\/ceasuri.md\/ru\/wp-json\/wp\/v2\/product\/35427","targetHints":{"allow":["GET"]}}],"collection":[{"href":"https:\/\/ceasuri.md\/ru\/wp-json\/wp\/v2\/product"}],"about":[{"href":"https:\/\/ceasuri.md\/ru\/wp-json\/wp\/v2\/types\/product"}],"replies":[{"embeddable":true,"href":"https:\/\/ceasuri.md\/ru\/wp-json\/wp\/v2\/comments?post=35427"}],"wp:featuredmedia":[{"embeddable":true,"href":"https:\/\/ceasuri.md\/ru\/wp-json\/wp\/v2\/media\/35428"}],"wp:attachment":[{"href":"https:\/\/ceasuri.md\/ru\/wp-json\/wp\/v2\/media?parent=35427"}],"wp:term":[{"taxonomy":"product_brand","embeddable":true,"href":"https:\/\/ceasuri.md\/ru\/wp-json\/wp\/v2\/product_brand?post=35427"},{"taxonomy":"product_cat","embeddable":true,"href":"https:\/\/ceasuri.md\/ru\/wp-json\/wp\/v2\/product_cat?post=35427"},{"taxonomy":"product_tag","embeddable":true,"href":"https:\/\/ceasuri.md\/ru\/wp-json\/wp\/v2\/product_tag?post=35427"}],"curies":[{"name":"wp","href":"https:\/\/api.w.org\/{rel}","templated":true}]}}