{"id":35210,"date":"2026-04-02T20:47:15","date_gmt":"2026-04-02T17:47:15","guid":{"rendered":"http:\/\/new.ceasuri.md\/shop\/uncategorized\/romanson-titanium-tl1247mw-wh\/"},"modified":"2026-04-07T03:35:11","modified_gmt":"2026-04-07T00:35:11","slug":"romanson-titanium-tl1247mw-wh","status":"publish","type":"product","link":"https:\/\/ceasuri.md\/ru\/shop\/branduri\/romanson\/romanson-titanium-tl1247mw-wh\/","title":{"rendered":"Ceas ROMANSON TITANIUM TL1247MW WH"},"content":{"rendered":"<p>Romanson, numit dup\u0103 ora\u0219ul elve\u021bian Romanshorn, exist\u0103 de peste 30 de ani.<\/p>\n<p>In tot timpul activit\u0103\u021bii sale, compania a lansat c\u00e2teva zeci de colec\u021bii, fiecare dintre ele oferind un stil unic, deosebit. Seriile emblematice din istoria companiei au fost Eleve, Modish, Opus, Trofish, Premier \u0219i alte c\u00e2teva modele anterioare.<\/p>\n<p>Majoritatea produselor sunt fabricate din aliaje de titan \u0219i o\u021bel inoxidabil. Colec\u021biile de elit\u0103 sunt realizate din tungsten \u0219i ceramic\u0103. Sticla ceasurilor Romanson este protejat\u0103 \u00een mod fiabil \u00eempotriva \u0219ocurilor \u0219i a p\u0103trunderii umezelii. \u00cen cazul \u00een care modelul are logo-ul Saphire Glass, cadranul este acoperit cu sticl\u0103 de safir scump\u0103.<\/p>\n<p>Cu c\u00e2\u021biva ani \u00een urm\u0103, marca Romanson a fost onorat\u0103 cu certificatul interna\u021bional de calitate ISO 9001, care i-a consolidat definitiv pozi\u021bia pe pia\u021ba mondial\u0103 a produc\u021biei de ceasuri.<\/p>","protected":false},"excerpt":{"rendered":"<p>Romanson, numit dup\u0103 ora\u0219ul elve\u021bian Romanshorn, exist\u0103 de peste 30 de ani. In tot timpul activit\u0103\u021bii sale, compania a lansat c\u00e2teva zeci de colec\u021bii, fiecare dintre ele oferind un stil unic, deosebit. Seriile emblematice din istoria companiei au fost Eleve, Modish, Opus, Trofish, Premier \u0219i alte c\u00e2teva modele anterioare. Majoritatea produselor sunt fabricate din aliaje [&hellip;]<\/p>\n","protected":false},"featured_media":35211,"comment_status":"closed","ping_status":"open","template":"","meta":{"_acf_changed":false},"product_brand":[],"product_cat":[20,395,23],"product_tag":[],"class_list":{"0":"post-35210","1":"product","2":"type-product","3":"status-publish","4":"has-post-thumbnail","6":"product_cat-ceasuri-barbati","7":"product_cat-romanson","8":"product_cat-sale-ceasuri-barbati","9":"pa_brand-romanson","10":"pa_braslet-piele","11":"pa_corpus-37-mm","12":"pa_forma-octogonala","13":"pa_funcii-offset-second-hand","14":"pa_garatia-6-luni","15":"pa_korpus-gri","16":"pa_material-titan","17":"pa_mehanizm-quartz","18":"pa_remeshok-alb","19":"pa_steklo-cristal-mineral","20":"pa_strana-coreea-de-sud","21":"pa_voda-3-atm","23":"first","24":"instock","25":"sale","26":"purchasable","27":"product-type-simple"},"acf":[],"_links":{"self":[{"href":"https:\/\/ceasuri.md\/ru\/wp-json\/wp\/v2\/product\/35210","targetHints":{"allow":["GET"]}}],"collection":[{"href":"https:\/\/ceasuri.md\/ru\/wp-json\/wp\/v2\/product"}],"about":[{"href":"https:\/\/ceasuri.md\/ru\/wp-json\/wp\/v2\/types\/product"}],"replies":[{"embeddable":true,"href":"https:\/\/ceasuri.md\/ru\/wp-json\/wp\/v2\/comments?post=35210"}],"wp:featuredmedia":[{"embeddable":true,"href":"https:\/\/ceasuri.md\/ru\/wp-json\/wp\/v2\/media\/35211"}],"wp:attachment":[{"href":"https:\/\/ceasuri.md\/ru\/wp-json\/wp\/v2\/media?parent=35210"}],"wp:term":[{"taxonomy":"product_brand","embeddable":true,"href":"https:\/\/ceasuri.md\/ru\/wp-json\/wp\/v2\/product_brand?post=35210"},{"taxonomy":"product_cat","embeddable":true,"href":"https:\/\/ceasuri.md\/ru\/wp-json\/wp\/v2\/product_cat?post=35210"},{"taxonomy":"product_tag","embeddable":true,"href":"https:\/\/ceasuri.md\/ru\/wp-json\/wp\/v2\/product_tag?post=35210"}],"curies":[{"name":"wp","href":"https:\/\/api.w.org\/{rel}","templated":true}]}}