{"id":35183,"date":"2026-04-02T20:46:45","date_gmt":"2026-04-02T17:46:45","guid":{"rendered":"http:\/\/new.ceasuri.md\/shop\/uncategorized\/storm-synth-rose-gold\/"},"modified":"2026-04-28T14:41:31","modified_gmt":"2026-04-28T11:41:31","slug":"storm-synth-rose-gold","status":"publish","type":"product","link":"https:\/\/ceasuri.md\/ru\/shop\/sale\/sale-ceasuri-barbati\/storm-synth-rose-gold\/","title":{"rendered":"\u0427\u0430\u0441\u044b STORM SYNTH"},"content":{"rendered":"<p>Ceasul Storm Synth are un total de 9 m\u00e2ini, dintre care doar dou\u0103 sunt m\u00e2ini reale care arat\u0103 ora, celelalte \u0219ase sunt m\u00e2ini decorative mobile, exist\u0103 \u0219i o secund\u0103.<\/p>\n<p>Aceast\u0103 edi\u021bie limitat\u0103 urmeaz\u0103 exemplul cadranelor de ceasuri pe care este dificil de citit ora. \u00cen loc de sisteme juc\u0103u\u0219e sau de m\u00e2ini rotitoare, Storm Synth v\u0103 oblig\u0103 s\u0103 str\u00e2mba\u021bi din ochi pentru a vedea clar orele.<\/p>\n<p>Pentru a \u00eencurca procesul de citire a orei, exist\u0103 p\u00e2n\u0103 la nou\u0103 indici pe Synth! Trei dintre ele corespund timpului real, \u00een timp ce celelalte sunt menite doar s\u0103 deruteze utilizatorul.<\/p>\n<p>Pentru a u\u0219ura citirea orei, acele unui ceas real au v\u00e2rfuri ascu\u021bite abia vizibile.<\/p>\n<p>Ceas \u00een edi\u021bie limitat\u0103. Acest ceas este num\u0103rul 0050 din 3.000.<\/p>","protected":false},"excerpt":{"rendered":"<p>Ceasul Storm Synth are un total de 9 m\u00e2ini, dintre care doar dou\u0103 sunt m\u00e2ini reale care arat\u0103 ora, celelalte \u0219ase sunt m\u00e2ini decorative mobile, exist\u0103 \u0219i o secund\u0103. Aceast\u0103 edi\u021bie limitat\u0103 urmeaz\u0103 exemplul cadranelor de ceasuri pe care este dificil de citit ora. \u00cen loc de sisteme juc\u0103u\u0219e sau de m\u00e2ini rotitoare, Storm Synth [&hellip;]<\/p>\n","protected":false},"featured_media":35184,"comment_status":"closed","ping_status":"open","template":"","meta":{"_acf_changed":false},"product_brand":[],"product_cat":[20,205,23,394],"product_tag":[],"class_list":{"0":"post-35183","1":"product","2":"type-product","3":"status-publish","4":"has-post-thumbnail","6":"product_cat-ceasuri-barbati","7":"product_cat-limited-edition","8":"product_cat-sale-ceasuri-barbati","9":"product_cat-storm","10":"pa_brand-storm","11":"pa_braslet-otel-inoxidabil","12":"pa_corpus-38x38-mm","13":"pa_forma-patrat","14":"pa_funcii-limited-edition","15":"pa_funcii-semischelet","16":"pa_garatia-6-luni","17":"pa_korpus-negru","18":"pa_kvarc-quartz","19":"pa_material-otel-inoxidabil","20":"pa_mehanizm-quartz","21":"pa_remeshok-negru","22":"pa_steklo-cristal-mineral","23":"pa_strana-marea-britanie","24":"pa_voda-3-atm","26":"first","27":"instock","28":"sale","29":"purchasable","30":"product-type-simple"},"acf":[],"_links":{"self":[{"href":"https:\/\/ceasuri.md\/ru\/wp-json\/wp\/v2\/product\/35183","targetHints":{"allow":["GET"]}}],"collection":[{"href":"https:\/\/ceasuri.md\/ru\/wp-json\/wp\/v2\/product"}],"about":[{"href":"https:\/\/ceasuri.md\/ru\/wp-json\/wp\/v2\/types\/product"}],"replies":[{"embeddable":true,"href":"https:\/\/ceasuri.md\/ru\/wp-json\/wp\/v2\/comments?post=35183"}],"wp:featuredmedia":[{"embeddable":true,"href":"https:\/\/ceasuri.md\/ru\/wp-json\/wp\/v2\/media\/35184"}],"wp:attachment":[{"href":"https:\/\/ceasuri.md\/ru\/wp-json\/wp\/v2\/media?parent=35183"}],"wp:term":[{"taxonomy":"product_brand","embeddable":true,"href":"https:\/\/ceasuri.md\/ru\/wp-json\/wp\/v2\/product_brand?post=35183"},{"taxonomy":"product_cat","embeddable":true,"href":"https:\/\/ceasuri.md\/ru\/wp-json\/wp\/v2\/product_cat?post=35183"},{"taxonomy":"product_tag","embeddable":true,"href":"https:\/\/ceasuri.md\/ru\/wp-json\/wp\/v2\/product_tag?post=35183"}],"curies":[{"name":"wp","href":"https:\/\/api.w.org\/{rel}","templated":true}]}}