{"id":35160,"date":"2026-04-02T20:46:45","date_gmt":"2026-04-02T17:46:45","guid":{"rendered":"http:\/\/new.ceasuri.md\/shop\/uncategorized\/casio-illuminator-stl-s110h-1a\/"},"modified":"2026-04-07T03:34:55","modified_gmt":"2026-04-07T00:34:55","slug":"casio-illuminator-stl-s110h-1a","status":"publish","type":"product","link":"https:\/\/ceasuri.md\/ru\/shop\/branduri\/casio\/casio-illuminator-stl-s110h-1a\/","title":{"rendered":"Ceas CASIO ILLUMINATOR STL-S110H-1A"},"content":{"rendered":"<p>Un ceas simplu \u0219i confortabil, cu o gam\u0103 larg\u0103 de func\u021bii &#8211; perfect pentru activit\u0103\u021bile sportive.<\/p>\n<p>Alimentat cu energie solar\u0103, indicator de baterie. Cadranul este iluminat de un LED. Func\u021bie automat\u0103 de economisire a energiei. Autonomie a bateriei de 11 luni f\u0103r\u0103 re\u00eenc\u0103rcare, 38 de luni cu func\u021bia de economisire a energiei activat\u0103.<\/p>\n<p>Cronometru cu o precizie de citire de 1\/100s \u0219i un timp de m\u0103surare de 100h. Memorie pentru 120 de etape. Num\u0103rul etapei \u0219i cel mai bun timp.<\/p>\n<p>Dou\u0103 cronometre cu num\u0103r\u0103toare invers\u0103 de la 5s la 100min cu num\u0103r de repet\u0103ri reglabil de la 1 la 10.<\/p>\n<p>Ora mondial\u0103. Format de 12 \u0219i 24 de ore.<\/p>\n<p>Func\u021bie de activare\/dezactivare a sunetului.<\/p>","protected":false},"excerpt":{"rendered":"<p>Un ceas simplu \u0219i confortabil, cu o gam\u0103 larg\u0103 de func\u021bii &#8211; perfect pentru activit\u0103\u021bile sportive. Alimentat cu energie solar\u0103, indicator de baterie. Cadranul este iluminat de un LED. Func\u021bie automat\u0103 de economisire a energiei. Autonomie a bateriei de 11 luni f\u0103r\u0103 re\u00eenc\u0103rcare, 38 de luni cu func\u021bia de economisire a energiei activat\u0103. Cronometru cu [&hellip;]<\/p>\n","protected":false},"featured_media":35161,"comment_status":"closed","ping_status":"open","template":"","meta":{"_acf_changed":false},"product_brand":[],"product_cat":[27,20],"product_tag":[],"class_list":{"0":"post-35160","1":"product","2":"type-product","3":"status-publish","4":"has-post-thumbnail","6":"product_cat-casio","7":"product_cat-ceasuri-barbati","8":"pa_brand-casio","9":"pa_braslet-plastic","10":"pa_corpus-55-mm","11":"pa_forma-rotund","12":"pa_funcii-alarma","13":"pa_funcii-calendar","14":"pa_funcii-cronometru","15":"pa_funcii-iluminare","16":"pa_funcii-rezerva-de-energie","17":"pa_funcii-timp-mondial","18":"pa_garatia-24-luni","19":"pa_korpus-argintiu","20":"pa_korpus-negru","21":"pa_korpus-portocaliu","22":"pa_material-plastic","23":"pa_mehanizm-baterie-solara","24":"pa_remeshok-negru","25":"pa_steklo-plastic","26":"pa_strana-japonia","27":"pa_voda-10-atm","29":"first","30":"instock","31":"purchasable","32":"product-type-simple"},"acf":[],"_links":{"self":[{"href":"https:\/\/ceasuri.md\/ru\/wp-json\/wp\/v2\/product\/35160","targetHints":{"allow":["GET"]}}],"collection":[{"href":"https:\/\/ceasuri.md\/ru\/wp-json\/wp\/v2\/product"}],"about":[{"href":"https:\/\/ceasuri.md\/ru\/wp-json\/wp\/v2\/types\/product"}],"replies":[{"embeddable":true,"href":"https:\/\/ceasuri.md\/ru\/wp-json\/wp\/v2\/comments?post=35160"}],"wp:featuredmedia":[{"embeddable":true,"href":"https:\/\/ceasuri.md\/ru\/wp-json\/wp\/v2\/media\/35161"}],"wp:attachment":[{"href":"https:\/\/ceasuri.md\/ru\/wp-json\/wp\/v2\/media?parent=35160"}],"wp:term":[{"taxonomy":"product_brand","embeddable":true,"href":"https:\/\/ceasuri.md\/ru\/wp-json\/wp\/v2\/product_brand?post=35160"},{"taxonomy":"product_cat","embeddable":true,"href":"https:\/\/ceasuri.md\/ru\/wp-json\/wp\/v2\/product_cat?post=35160"},{"taxonomy":"product_tag","embeddable":true,"href":"https:\/\/ceasuri.md\/ru\/wp-json\/wp\/v2\/product_tag?post=35160"}],"curies":[{"name":"wp","href":"https:\/\/api.w.org\/{rel}","templated":true}]}}