{"id":35000,"date":"2026-04-02T20:45:05","date_gmt":"2026-04-02T17:45:05","guid":{"rendered":"http:\/\/new.ceasuri.md\/shop\/uncategorized\/swiss-military-by-chrono-sm34061-02\/"},"modified":"2026-04-20T00:58:48","modified_gmt":"2026-04-19T21:58:48","slug":"swiss-military-by-chrono-sm34061-02","status":"publish","type":"product","link":"https:\/\/ceasuri.md\/ru\/shop\/branduri\/swiss-military\/swiss-military-by-chrono-sm34061-02\/","title":{"rendered":"\u0427\u0430\u0441\u044b SWISS MILITARY BY CHRONO SM34061.02"},"content":{"rendered":"<p>Acest ceas cronograf multifunc\u021bional fiabil este un must-have pentru aventurierii \u00een aer liber \u0219i pasiona\u021bii de sport. Ceasul edi\u021bie special\u0103 este foarte versatil \u0219i este un asistent multifunc\u021bional \u00een orice situa\u021bie. Ceasul este echipat cu un altimetru, indicator meteo cu presiune atmosferic\u0103 absolut\u0103 \u0219i relativ\u0103, cronometru, indicator de fus orar, alarm\u0103 \u0219i cronometru. Electronica de \u00eenalt\u0103 precizie din interiorul cronografului multifunc\u021bional controleaz\u0103 aceste diverse func\u021bii, \u00een timp ce construc\u021bia cu fund dublu protejeaz\u0103 senzorii speciali.<\/p>\n<p>Carcasa acestui ceas cronograf multifunc\u021bional pentru b\u0103rba\u021bi este realizat\u0103 din o\u021bel inoxidabil rezistent, iar culoarea neagr\u0103 a lunetei se datoreaz\u0103 unei acoperiri PDV de \u00eenalt\u0103 calitate. Punctele ro\u0219ii proeminente adaug\u0103 o not\u0103 luminoas\u0103 la designul monocrom.<\/p>\n<p>\u00cen plus, acest ceas elve\u021bian este dotat cu caracteristici de \u00eenalt\u0103 calitate, potrivite pentru ceasurile sport militare. Un cristal de safir rezistent la zg\u00e2rieturi acoper\u0103 cadranul ro\u0219u atractiv al ceasului. M\u00e2inile \u0219i indicatoarele orare foarte lizibile sunt luminescente \u0219i str\u0103lucesc \u00een \u00eentuneric.<\/p>\n<p>Pentru o purtare maxim\u0103 \u0219i adecvare la exterior, acest ceas cronograf multifunc\u021bional este prev\u0103zut cu o curea din cauciuc. Ceasul este echipat cu o mi\u0219care de cronograf Swiss Made \u0219i este asamblat manual.<\/p>","protected":false},"excerpt":{"rendered":"<p>Acest ceas cronograf multifunc\u021bional fiabil este un must-have pentru aventurierii \u00een aer liber \u0219i pasiona\u021bii de sport. Ceasul edi\u021bie special\u0103 este foarte versatil \u0219i este un asistent multifunc\u021bional \u00een orice situa\u021bie. Ceasul este echipat cu un altimetru, indicator meteo cu presiune atmosferic\u0103 absolut\u0103 \u0219i relativ\u0103, cronometru, indicator de fus orar, alarm\u0103 \u0219i cronometru. Electronica de [&hellip;]<\/p>\n","protected":false},"featured_media":35001,"comment_status":"closed","ping_status":"open","template":"","meta":{"_acf_changed":false},"product_brand":[],"product_cat":[20,106,572],"product_tag":[],"class_list":{"0":"post-35000","1":"product","2":"type-product","3":"status-publish","4":"has-post-thumbnail","6":"product_cat-ceasuri-barbati","7":"product_cat-ceasuri-premium","8":"product_cat-swiss-military","9":"pa_brand-swiss-military","10":"pa_braslet-cauciuc","11":"pa_corpus-45-mm","12":"pa_forma-rotund","13":"pa_funcii-alarma","14":"pa_funcii-cronometru","15":"pa_funcii-data","16":"pa_funcii-iluminare","17":"pa_funcii-ziua-saptamanii","18":"pa_garatia-24-luni","19":"pa_korpus-argintiu","20":"pa_kvarc-quartz","21":"pa_material-otel-inoxidabil","22":"pa_mehanizm-quartz","23":"pa_remeshok-negru","24":"pa_steklo-cristal-safir","25":"pa_strana-elvetia","26":"pa_voda-10-atm","28":"first","29":"instock","30":"purchasable","31":"product-type-simple"},"acf":[],"_links":{"self":[{"href":"https:\/\/ceasuri.md\/ru\/wp-json\/wp\/v2\/product\/35000","targetHints":{"allow":["GET"]}}],"collection":[{"href":"https:\/\/ceasuri.md\/ru\/wp-json\/wp\/v2\/product"}],"about":[{"href":"https:\/\/ceasuri.md\/ru\/wp-json\/wp\/v2\/types\/product"}],"replies":[{"embeddable":true,"href":"https:\/\/ceasuri.md\/ru\/wp-json\/wp\/v2\/comments?post=35000"}],"wp:featuredmedia":[{"embeddable":true,"href":"https:\/\/ceasuri.md\/ru\/wp-json\/wp\/v2\/media\/35001"}],"wp:attachment":[{"href":"https:\/\/ceasuri.md\/ru\/wp-json\/wp\/v2\/media?parent=35000"}],"wp:term":[{"taxonomy":"product_brand","embeddable":true,"href":"https:\/\/ceasuri.md\/ru\/wp-json\/wp\/v2\/product_brand?post=35000"},{"taxonomy":"product_cat","embeddable":true,"href":"https:\/\/ceasuri.md\/ru\/wp-json\/wp\/v2\/product_cat?post=35000"},{"taxonomy":"product_tag","embeddable":true,"href":"https:\/\/ceasuri.md\/ru\/wp-json\/wp\/v2\/product_tag?post=35000"}],"curies":[{"name":"wp","href":"https:\/\/api.w.org\/{rel}","templated":true}]}}