{"id":34809,"date":"2026-04-02T20:43:39","date_gmt":"2026-04-02T17:43:39","guid":{"rendered":"http:\/\/new.ceasuri.md\/shop\/uncategorized\/swiss-military-by-chrono-sm30201-29\/"},"modified":"2026-04-20T00:57:32","modified_gmt":"2026-04-19T21:57:32","slug":"swiss-military-by-chrono-sm30201-29","status":"publish","type":"product","link":"https:\/\/ceasuri.md\/ru\/shop\/branduri\/swiss-military\/swiss-military-by-chrono-sm30201-29\/","title":{"rendered":"Ceas SWISS MILITARY BY CHRONO SM30201.29"},"content":{"rendered":"<p>Un ceas elve\u021bian bun nu este neap\u0103rat un model clasic plictisitor de culori alb-negru. Produc\u0103torii moderni de ceasuri elve\u021biene produc produse nu numai \u00een ceea ce prive\u0219te calitatea, ci \u0219i designul, stabilind standarde din ce \u00een ce mai \u00eenalte la care aspir\u0103 \u00eentreaga lume. O astfel de marc\u0103 este Swiss Military by Chrono, care produce celebrele ceasuri cronograf \u00een stilul s\u0103u sportiv caracteristic. Designul carismatic, \u00een care dinamica \u0219i impulsul ritmului modern al vie\u021bii se simt clar, poate fi urm\u0103rit \u00een fiecare model de ceasuri de m\u00e2n\u0103 Swiss Military.<\/p>\n<p>Semnul caracteristic al m\u0103rcii este un p\u0103trat ro\u0219u cu o cruce alb\u0103 \u00een mijloc, pe care designerii \u00eel plaseaz\u0103 pe cadran. \u00cen acela\u0219i timp, toate produsele respect\u0103 pe deplin cele mai bune tradi\u021bii ale fabric\u0103rii elve\u021biene \u2013 precizia bijuteriilor din mecanismul ceasului \u0219i siguran\u021ba \u00een fiecare detaliu. De mai bine de 30 de ani, produc\u0103torul oficial al m\u0103rcii produce ceasuri de m\u00e2n\u0103 \u00een conformitate cu standardele oficiale de calitate elve\u021biene, iar \u00een tot acest timp, nivelul standard de calitate, precum \u0219i frumuse\u021bea \u0219i designul ceasurilor continu\u0103 s\u0103 creasc\u0103.<\/p>\n<p>Ca rezultat, fiecare model Swiss Military \u2013 are caracteristici excelente care \u00eel fac s\u0103 fie alegerea num\u0103rul unu a clien\u021bilor care prefer\u0103 combina\u021bia dintre clasic \u0219i modernitate \u00een cea mai bun\u0103 form\u0103. Dar cuvintele, dup\u0103 cum \u0219tim cu to\u021bii, nu pot surprinde pe deplin toate avantajele colec\u021biilor actuale ale m\u0103rcii. Nu trebuie dec\u00e2t s\u0103 vede\u021bi aceste ceasuri cu ochii vo\u0219tri pentru a aprecia \u0219i sim\u021bi ce \u00eenseamn\u0103 o adev\u0103rat\u0103 marc\u0103 de fabrica\u021bie elve\u021bian\u0103, licen\u021biat\u0103 oficial \u00een Confedera\u021bia Elve\u021bian\u0103.<\/p>","protected":false},"excerpt":{"rendered":"<p>Un ceas elve\u021bian bun nu este neap\u0103rat un model clasic plictisitor de culori alb-negru. Produc\u0103torii moderni de ceasuri elve\u021biene produc produse nu numai \u00een ceea ce prive\u0219te calitatea, ci \u0219i designul, stabilind standarde din ce \u00een ce mai \u00eenalte la care aspir\u0103 \u00eentreaga lume. O astfel de marc\u0103 este Swiss Military by Chrono, care produce [&hellip;]<\/p>\n","protected":false},"featured_media":34810,"comment_status":"closed","ping_status":"open","template":"","meta":{"_acf_changed":false},"product_brand":[],"product_cat":[25,572],"product_tag":[],"class_list":{"0":"post-34809","1":"product","2":"type-product","3":"status-publish","4":"has-post-thumbnail","6":"product_cat-ceasuri-dama","7":"product_cat-swiss-military","8":"pa_brand-swiss-military","9":"pa_braslet-piele","10":"pa_corpus-28-mm","11":"pa_forma-rotund","12":"pa_garatia-24-luni","13":"pa_korpus-auriu","14":"pa_kvarc-quartz","15":"pa_material-otel-inoxidabil","16":"pa_mehanizm-quartz","17":"pa_remeshok-negru","18":"pa_steklo-cristal-safir","19":"pa_strana-elvetia","20":"pa_voda-10-atm","22":"first","23":"instock","24":"purchasable","25":"product-type-simple"},"acf":[],"_links":{"self":[{"href":"https:\/\/ceasuri.md\/ru\/wp-json\/wp\/v2\/product\/34809","targetHints":{"allow":["GET"]}}],"collection":[{"href":"https:\/\/ceasuri.md\/ru\/wp-json\/wp\/v2\/product"}],"about":[{"href":"https:\/\/ceasuri.md\/ru\/wp-json\/wp\/v2\/types\/product"}],"replies":[{"embeddable":true,"href":"https:\/\/ceasuri.md\/ru\/wp-json\/wp\/v2\/comments?post=34809"}],"wp:featuredmedia":[{"embeddable":true,"href":"https:\/\/ceasuri.md\/ru\/wp-json\/wp\/v2\/media\/34810"}],"wp:attachment":[{"href":"https:\/\/ceasuri.md\/ru\/wp-json\/wp\/v2\/media?parent=34809"}],"wp:term":[{"taxonomy":"product_brand","embeddable":true,"href":"https:\/\/ceasuri.md\/ru\/wp-json\/wp\/v2\/product_brand?post=34809"},{"taxonomy":"product_cat","embeddable":true,"href":"https:\/\/ceasuri.md\/ru\/wp-json\/wp\/v2\/product_cat?post=34809"},{"taxonomy":"product_tag","embeddable":true,"href":"https:\/\/ceasuri.md\/ru\/wp-json\/wp\/v2\/product_tag?post=34809"}],"curies":[{"name":"wp","href":"https:\/\/api.w.org\/{rel}","templated":true}]}}