{"id":34292,"date":"2026-04-02T20:39:12","date_gmt":"2026-04-02T17:39:12","guid":{"rendered":"http:\/\/new.ceasuri.md\/shop\/uncategorized\/skagen-holst-slim-leather-skw2343\/"},"modified":"2026-04-20T00:52:45","modified_gmt":"2026-04-19T21:52:45","slug":"skagen-holst-slim-leather-skw2343","status":"publish","type":"product","link":"https:\/\/ceasuri.md\/ru\/shop\/branduri\/skagen\/skagen-holst-slim-leather-skw2343\/","title":{"rendered":"\u0427\u0430\u0441\u044b SKAGEN HOLST SLIM LEATHER SKW2343"},"content":{"rendered":"<p>Marca \u00ee\u0219i ia numele de la un mic sat de pescari de pe promontoriul peninsulei Jutland. Frumuse\u021bea acestui loc, care combin\u0103 lini\u0219tea plajelor sale pustii \u0219i dinamica celor dou\u0103 m\u0103ri, Marea Nordului \u0219i Marea Baltic\u0103, ale c\u0103ror ape se \u00eent\u00e2lnesc \u00eentr-un v\u00e2rtej tumultuos, reflect\u0103 poate cel mai bine conceptul m\u0103rcii de a combina durabilitatea, fiabilitatea \u0219i confortul cu un rafinament elegant.<\/p>","protected":false},"excerpt":{"rendered":"<p>Marca \u00ee\u0219i ia numele de la un mic sat de pescari de pe promontoriul peninsulei Jutland. Frumuse\u021bea acestui loc, care combin\u0103 lini\u0219tea plajelor sale pustii \u0219i dinamica celor dou\u0103 m\u0103ri, Marea Nordului \u0219i Marea Baltic\u0103, ale c\u0103ror ape se \u00eent\u00e2lnesc \u00eentr-un v\u00e2rtej tumultuos, reflect\u0103 poate cel mai bine conceptul m\u0103rcii de a combina durabilitatea, fiabilitatea [&hellip;]<\/p>\n","protected":false},"featured_media":34293,"comment_status":"closed","ping_status":"open","template":"","meta":{"_acf_changed":false},"product_brand":[],"product_cat":[25,297],"product_tag":[],"class_list":{"0":"post-34292","1":"product","2":"type-product","3":"status-publish","4":"has-post-thumbnail","6":"product_cat-ceasuri-dama","7":"product_cat-skagen","8":"pa_brand-skagen","9":"pa_braslet-piele","10":"pa_corpus-34-mm","11":"pa_forma-rotund","12":"pa_garatia-24-luni","13":"pa_korpus-argintiu","14":"pa_kvarc-quartz","15":"pa_material-otel-inoxidabil","16":"pa_mehanizm-quartz","17":"pa_remeshok-maro","18":"pa_steklo-cristal-mineral","19":"pa_strana-danemarca","20":"pa_voda-5-atm","22":"first","23":"instock","24":"purchasable","25":"product-type-simple"},"acf":[],"_links":{"self":[{"href":"https:\/\/ceasuri.md\/ru\/wp-json\/wp\/v2\/product\/34292","targetHints":{"allow":["GET"]}}],"collection":[{"href":"https:\/\/ceasuri.md\/ru\/wp-json\/wp\/v2\/product"}],"about":[{"href":"https:\/\/ceasuri.md\/ru\/wp-json\/wp\/v2\/types\/product"}],"replies":[{"embeddable":true,"href":"https:\/\/ceasuri.md\/ru\/wp-json\/wp\/v2\/comments?post=34292"}],"wp:featuredmedia":[{"embeddable":true,"href":"https:\/\/ceasuri.md\/ru\/wp-json\/wp\/v2\/media\/34293"}],"wp:attachment":[{"href":"https:\/\/ceasuri.md\/ru\/wp-json\/wp\/v2\/media?parent=34292"}],"wp:term":[{"taxonomy":"product_brand","embeddable":true,"href":"https:\/\/ceasuri.md\/ru\/wp-json\/wp\/v2\/product_brand?post=34292"},{"taxonomy":"product_cat","embeddable":true,"href":"https:\/\/ceasuri.md\/ru\/wp-json\/wp\/v2\/product_cat?post=34292"},{"taxonomy":"product_tag","embeddable":true,"href":"https:\/\/ceasuri.md\/ru\/wp-json\/wp\/v2\/product_tag?post=34292"}],"curies":[{"name":"wp","href":"https:\/\/api.w.org\/{rel}","templated":true}]}}