{"id":34219,"date":"2026-04-02T20:38:37","date_gmt":"2026-04-02T17:38:37","guid":{"rendered":"http:\/\/new.ceasuri.md\/shop\/uncategorized\/issey-miyake-trapezoid-silaz005\/"},"modified":"2026-04-20T00:27:56","modified_gmt":"2026-04-19T21:27:56","slug":"issey-miyake-trapezoid-silaz005","status":"publish","type":"product","link":"https:\/\/ceasuri.md\/ru\/shop\/branduri\/issey-miyake\/issey-miyake-trapezoid-silaz005\/","title":{"rendered":"Ceas ISSEY MIYAKE TRAPEZOID SILAZ005"},"content":{"rendered":"<p>Calitatea \u00eenalt\u0103 a produc\u021biei \u0219i designul unic al produselor oferite au atras rapid aten\u021bia adev\u0103ra\u021bilor cunosc\u0103tori de frumuse\u021be.<\/p>\n<p>Ast\u0103zi, ceasurile Issey Miyake sunt v\u00e2ndute \u00een \u00eentreaga lume.<\/p>\n<p>Modelele Issey Miyake pot fi g\u0103site \u00een peste 30 de \u021b\u0103ri de pe diferite continente.<\/p>","protected":false},"excerpt":{"rendered":"<p>Calitatea \u00eenalt\u0103 a produc\u021biei \u0219i designul unic al produselor oferite au atras rapid aten\u021bia adev\u0103ra\u021bilor cunosc\u0103tori de frumuse\u021be. Ast\u0103zi, ceasurile Issey Miyake sunt v\u00e2ndute \u00een \u00eentreaga lume. Modelele Issey Miyake pot fi g\u0103site \u00een peste 30 de \u021b\u0103ri de pe diferite continente.<\/p>","protected":false},"featured_media":34220,"comment_status":"closed","ping_status":"open","template":"","meta":{"_acf_changed":false},"product_brand":[],"product_cat":[20,568,23],"product_tag":[],"class_list":{"0":"post-34219","1":"product","2":"type-product","3":"status-publish","4":"has-post-thumbnail","6":"product_cat-ceasuri-barbati","7":"product_cat-issey-miyake","8":"product_cat-sale-ceasuri-barbati","9":"pa_brand-issey-miyake","10":"pa_braslet-cauciuc","11":"pa_corpus-43-mm","12":"pa_forma-rotund","13":"pa_funcii-cronograf","14":"pa_funcii-data","15":"pa_garatia-6-luni","16":"pa_korpus-argintiu","17":"pa_kvarc-quartz","18":"pa_material-otel-inoxidabil","19":"pa_mehanizm-quartz","20":"pa_remeshok-alb","21":"pa_steklo-cristal-mineral","22":"pa_strana-japonia","23":"pa_voda-5-atm","25":"first","26":"instock","27":"sale","28":"purchasable","29":"product-type-simple"},"acf":[],"_links":{"self":[{"href":"https:\/\/ceasuri.md\/ru\/wp-json\/wp\/v2\/product\/34219","targetHints":{"allow":["GET"]}}],"collection":[{"href":"https:\/\/ceasuri.md\/ru\/wp-json\/wp\/v2\/product"}],"about":[{"href":"https:\/\/ceasuri.md\/ru\/wp-json\/wp\/v2\/types\/product"}],"replies":[{"embeddable":true,"href":"https:\/\/ceasuri.md\/ru\/wp-json\/wp\/v2\/comments?post=34219"}],"wp:featuredmedia":[{"embeddable":true,"href":"https:\/\/ceasuri.md\/ru\/wp-json\/wp\/v2\/media\/34220"}],"wp:attachment":[{"href":"https:\/\/ceasuri.md\/ru\/wp-json\/wp\/v2\/media?parent=34219"}],"wp:term":[{"taxonomy":"product_brand","embeddable":true,"href":"https:\/\/ceasuri.md\/ru\/wp-json\/wp\/v2\/product_brand?post=34219"},{"taxonomy":"product_cat","embeddable":true,"href":"https:\/\/ceasuri.md\/ru\/wp-json\/wp\/v2\/product_cat?post=34219"},{"taxonomy":"product_tag","embeddable":true,"href":"https:\/\/ceasuri.md\/ru\/wp-json\/wp\/v2\/product_tag?post=34219"}],"curies":[{"name":"wp","href":"https:\/\/api.w.org\/{rel}","templated":true}]}}