{"id":34208,"date":"2026-04-02T20:38:37","date_gmt":"2026-04-02T17:38:37","guid":{"rendered":"http:\/\/new.ceasuri.md\/shop\/uncategorized\/issey-miyake-o-silaw004\/"},"modified":"2026-04-20T00:27:54","modified_gmt":"2026-04-19T21:27:54","slug":"issey-miyake-o-silaw004","status":"publish","type":"product","link":"https:\/\/ceasuri.md\/ru\/shop\/branduri\/issey-miyake\/issey-miyake-o-silaw004\/","title":{"rendered":"\u0427\u0430\u0441\u044b ISSEY MIYAKE O SILAW004"},"content":{"rendered":"<p>Designerul ceasului este Tokujin Yoshioka, unul dintre cei mai recunoscu\u021bi designeri contemporani. Transparen\u021ba, moliciunea apei \u0219i fluiditatea timpului l-au inspirat pe Tokujin Yoshioka s\u0103 creeze un ceas conceptual incredibil. Tokujin Yoshioka a inventat acest ceas, ca \u0219i cum ar fi fost creat din ap\u0103, pentru o dat\u0103 special\u0103 &#8211; cea de-a 10-a aniversare a designerului Issey Miyake.<\/p>\n<p>Datorit\u0103 transparen\u021bei sale, ceasul pare s\u0103 se dizolve pe \u00eencheietura m\u00e2inii.<\/p>\n<p>Ceas cu cuar\u021b.<\/p>\n<p>Carcasa metalic\u0103 a ceasului este \u00eenvelit\u0103 \u00een plastic super flexibil, u\u0219or \u0219i transparent.<\/p>","protected":false},"excerpt":{"rendered":"<p>Designerul ceasului este Tokujin Yoshioka, unul dintre cei mai recunoscu\u021bi designeri contemporani. Transparen\u021ba, moliciunea apei \u0219i fluiditatea timpului l-au inspirat pe Tokujin Yoshioka s\u0103 creeze un ceas conceptual incredibil. Tokujin Yoshioka a inventat acest ceas, ca \u0219i cum ar fi fost creat din ap\u0103, pentru o dat\u0103 special\u0103 &#8211; cea de-a 10-a aniversare a designerului [&hellip;]<\/p>\n","protected":false},"featured_media":34209,"comment_status":"closed","ping_status":"open","template":"","meta":{"_acf_changed":false},"product_brand":[],"product_cat":[25,568,26],"product_tag":[],"class_list":{"0":"post-34208","1":"product","2":"type-product","3":"status-publish","4":"has-post-thumbnail","6":"product_cat-ceasuri-dama","7":"product_cat-issey-miyake","8":"product_cat-sale-ceas-de-dama","9":"pa_brand-issey-miyake","10":"pa_braslet-rasina","11":"pa_forma-atipica","12":"pa_garatia-6-luni","13":"pa_korpus-rosu","14":"pa_kvarc-quartz","15":"pa_material-otel-inoxidabil","16":"pa_material-plastic","17":"pa_mehanizm-quartz","18":"pa_remeshok-rosu","19":"pa_steklo-cristal-mineral","20":"pa_strana-japonia","21":"pa_voda-3-atm","23":"first","24":"instock","25":"sale","26":"purchasable","27":"product-type-simple"},"acf":[],"_links":{"self":[{"href":"https:\/\/ceasuri.md\/ru\/wp-json\/wp\/v2\/product\/34208","targetHints":{"allow":["GET"]}}],"collection":[{"href":"https:\/\/ceasuri.md\/ru\/wp-json\/wp\/v2\/product"}],"about":[{"href":"https:\/\/ceasuri.md\/ru\/wp-json\/wp\/v2\/types\/product"}],"replies":[{"embeddable":true,"href":"https:\/\/ceasuri.md\/ru\/wp-json\/wp\/v2\/comments?post=34208"}],"wp:featuredmedia":[{"embeddable":true,"href":"https:\/\/ceasuri.md\/ru\/wp-json\/wp\/v2\/media\/34209"}],"wp:attachment":[{"href":"https:\/\/ceasuri.md\/ru\/wp-json\/wp\/v2\/media?parent=34208"}],"wp:term":[{"taxonomy":"product_brand","embeddable":true,"href":"https:\/\/ceasuri.md\/ru\/wp-json\/wp\/v2\/product_brand?post=34208"},{"taxonomy":"product_cat","embeddable":true,"href":"https:\/\/ceasuri.md\/ru\/wp-json\/wp\/v2\/product_cat?post=34208"},{"taxonomy":"product_tag","embeddable":true,"href":"https:\/\/ceasuri.md\/ru\/wp-json\/wp\/v2\/product_tag?post=34208"}],"curies":[{"name":"wp","href":"https:\/\/api.w.org\/{rel}","templated":true}]}}