{"id":34204,"date":"2021-11-30T19:05:00","date_gmt":"2021-11-30T17:05:00","guid":{"rendered":"http:\/\/new.ceasuri.md\/shop\/uncategorized\/issey-miyake-vue-silav004\/"},"modified":"2026-05-01T15:00:57","modified_gmt":"2026-05-01T12:00:57","slug":"issey-miyake-vue-silav004","status":"publish","type":"product","link":"https:\/\/ceasuri.md\/ru\/shop\/branduri\/issey-miyake\/issey-miyake-vue-silav004\/","title":{"rendered":"\u0427\u0430\u0441\u044b ISSEY MIYAKE VUE SILAV004"},"content":{"rendered":"<p>designului ceasului Vue este Yves Behar. Pe cadran exist\u0103 doar o singur\u0103 cifr\u0103 clar vizibil\u0103, care informeaz\u0103 despre ora curent\u0103, \u00een timp ce ora anterioar\u0103 dispare \u00eencet, iar urm\u0103toarea &#8211; la fel de \u00eencet apare. Minutele sunt num\u0103rate \u00een jos de o m\u00e2n\u0103 sub\u021bire din o\u021bel. Ceasul este caracterizat de un design inovator al carcasei: sticla este at\u00e2t de aproape de suprafa\u021ba de o\u021bel a carcasei \u00eenc\u00e2t pare c\u0103 cifrele sunt la \u00eendem\u00e2n\u0103!<\/p>\n<p>Yves Behar a primit peste 150 de premii prestigioase, iar lucr\u0103rile sale sunt incluse \u00een prezent \u00een expozi\u021bii la Muzeul de Art\u0103 Modern\u0103 din New York \u0219i San Francisco, la Centrul Pompidou din Paris, la Muzeul de Arte Aplicate din M\u00fcnchen, la Institutul de Art\u0103 din Chicago&#8230;<\/p>\n<p>Ceas cu cuar\u021b \u00eentr-o carcas\u0103 din o\u021bel cu acoperire IP, cristal mineral, protec\u021bie la ap\u0103 5 ATM, greutate 48 g, stil unisex.<\/p>","protected":false},"excerpt":{"rendered":"<p>designului ceasului Vue este Yves Behar. Pe cadran exist\u0103 doar o singur\u0103 cifr\u0103 clar vizibil\u0103, care informeaz\u0103 despre ora curent\u0103, \u00een timp ce ora anterioar\u0103 dispare \u00eencet, iar urm\u0103toarea &#8211; la fel de \u00eencet apare. Minutele sunt num\u0103rate \u00een jos de o m\u00e2n\u0103 sub\u021bire din o\u021bel. Ceasul este caracterizat de un design inovator al carcasei: [&hellip;]<\/p>\n","protected":false},"featured_media":34205,"comment_status":"closed","ping_status":"open","template":"","meta":{"_acf_changed":false},"product_brand":[],"product_cat":[20,568,23],"product_tag":[],"class_list":{"0":"post-34204","1":"product","2":"type-product","3":"status-publish","4":"has-post-thumbnail","6":"product_cat-ceasuri-barbati","7":"product_cat-issey-miyake","8":"product_cat-sale-ceasuri-barbati","9":"pa_brand-issey-miyake","10":"pa_braslet-piele","11":"pa_corpus-38-mm","12":"pa_forma-rotund","13":"pa_funcii-data","14":"pa_funcii-total-black","15":"pa_garatia-6-luni","16":"pa_korpus-negru","17":"pa_kvarc-quartz","18":"pa_material-otel-inoxidabil","19":"pa_mehanizm-quartz","20":"pa_remeshok-negru","21":"pa_steklo-cristal-mineral","22":"pa_strana-japonia","23":"pa_voda-5-atm","25":"first","26":"instock","27":"sale","28":"purchasable","29":"product-type-simple"},"acf":[],"_links":{"self":[{"href":"https:\/\/ceasuri.md\/ru\/wp-json\/wp\/v2\/product\/34204","targetHints":{"allow":["GET"]}}],"collection":[{"href":"https:\/\/ceasuri.md\/ru\/wp-json\/wp\/v2\/product"}],"about":[{"href":"https:\/\/ceasuri.md\/ru\/wp-json\/wp\/v2\/types\/product"}],"replies":[{"embeddable":true,"href":"https:\/\/ceasuri.md\/ru\/wp-json\/wp\/v2\/comments?post=34204"}],"wp:featuredmedia":[{"embeddable":true,"href":"https:\/\/ceasuri.md\/ru\/wp-json\/wp\/v2\/media\/34205"}],"wp:attachment":[{"href":"https:\/\/ceasuri.md\/ru\/wp-json\/wp\/v2\/media?parent=34204"}],"wp:term":[{"taxonomy":"product_brand","embeddable":true,"href":"https:\/\/ceasuri.md\/ru\/wp-json\/wp\/v2\/product_brand?post=34204"},{"taxonomy":"product_cat","embeddable":true,"href":"https:\/\/ceasuri.md\/ru\/wp-json\/wp\/v2\/product_cat?post=34204"},{"taxonomy":"product_tag","embeddable":true,"href":"https:\/\/ceasuri.md\/ru\/wp-json\/wp\/v2\/product_tag?post=34204"}],"curies":[{"name":"wp","href":"https:\/\/api.w.org\/{rel}","templated":true}]}}