{"id":34198,"date":"2026-04-02T20:38:37","date_gmt":"2026-04-02T17:38:37","guid":{"rendered":"http:\/\/new.ceasuri.md\/shop\/uncategorized\/storm-sienta-silver\/"},"modified":"2026-04-17T13:37:00","modified_gmt":"2026-04-17T10:37:00","slug":"storm-sienta-silver","status":"publish","type":"product","link":"https:\/\/ceasuri.md\/ru\/shop\/sale\/sale-ceas-de-dama\/storm-sienta-silver\/","title":{"rendered":"Ceas STORM SIENTA SILVER"},"content":{"rendered":"<p>Brandul de ceasuri Storm, originar din inima Marii Britanii, este renumit pentru designul s\u0103u \u00eendr\u0103zne\u021b \u0219i inovator, care se distinge constant \u00een peisajul tradi\u021bional al industriei de ceasuri. Fondat \u00een anul 1989, Storm \u0219i-a c\u00e2\u0219tigat rapid reputa\u021bia prin abordarea unic\u0103 a cre\u0103rii ceasurilor care combin\u0103 tehnologia modern\u0103 cu un stil aparte.<\/p>\n<p>Fiecare model de ceas Storm este o oper\u0103 de art\u0103 destinat\u0103 s\u0103 fac\u0103 o declara\u021bie \u00eendr\u0103znea\u021b\u0103 pe \u00eencheietura purt\u0103torului s\u0103u. De la br\u0103\u021b\u0103rile metalice caracteristice p\u00e2n\u0103 la cadranuri extravagante cu detalii intrigante, Storm nu se teme s\u0103 experimenteze cu forme, materiale \u0219i culori.<\/p>\n<p>Brandul Storm adopt\u0103 filozofia c\u0103 fiecare persoan\u0103 merit\u0103 s\u0103-\u0219i exprime individualitatea, \u0219i tocmai de aceea ofer\u0103 o gam\u0103 larg\u0103 de ceasuri pentru orice gust \u0219i stil. Fie c\u0103 prefer\u0103 modelele sobri \u0219i elegante sau cele viu colorate \u0219i pronun\u021bate, ceasurile Storm asigur\u0103 c\u0103 fiecare va g\u0103si ceva pe gustul s\u0103u \u00een colec\u021bia lor.<\/p>\n<p>F\u0103r\u0103 a compromite calitatea, ceasurile Storm combin\u0103 fiabilitatea \u0219i func\u021bionalitatea, ceea ce le face nu doar o alegere la mod\u0103, dar \u0219i practic\u0103. Ei sunt mereu \u00een pas cu cele mai recente tendin\u021be \u0219i inova\u021bii, asigur\u00e2ndu-se c\u0103 produsele lor r\u0103m\u00e2n relevante \u0219i c\u0103utate.Astfel, brandul Storm continu\u0103 s\u0103-\u0219i consolideze pozi\u021bia ca simbol al designului britanic, oferind ceasuri care sunt la fel de unice \u0219i diverse precum persoanele care le poart\u0103.<\/p>","protected":false},"excerpt":{"rendered":"<p>Brandul de ceasuri Storm, originar din inima Marii Britanii, este renumit pentru designul s\u0103u \u00eendr\u0103zne\u021b \u0219i inovator, care se distinge constant \u00een peisajul tradi\u021bional al industriei de ceasuri. Fondat \u00een anul 1989, Storm \u0219i-a c\u00e2\u0219tigat rapid reputa\u021bia prin abordarea unic\u0103 a cre\u0103rii ceasurilor care combin\u0103 tehnologia modern\u0103 cu un stil aparte. Fiecare model de ceas [&hellip;]<\/p>\n","protected":false},"featured_media":34199,"comment_status":"closed","ping_status":"open","template":"","meta":{"_acf_changed":false},"product_brand":[],"product_cat":[25,26,394],"product_tag":[],"class_list":{"0":"post-34198","1":"product","2":"type-product","3":"status-publish","4":"has-post-thumbnail","6":"product_cat-ceasuri-dama","7":"product_cat-sale-ceas-de-dama","8":"product_cat-storm","9":"pa_brand-storm","10":"pa_braslet-plastic","11":"pa_corpus-30-mm","12":"pa_forma-rotund","13":"pa_garatia-6-luni","14":"pa_korpus-alb","15":"pa_kvarc-quartz","16":"pa_material-otel-inoxidabil","17":"pa_mehanizm-quartz","18":"pa_remeshok-bicolor","19":"pa_steklo-cristal-mineral","20":"pa_strana-marea-britanie","21":"pa_voda-3-atm","23":"first","24":"instock","25":"sale","26":"purchasable","27":"product-type-simple"},"acf":[],"_links":{"self":[{"href":"https:\/\/ceasuri.md\/ru\/wp-json\/wp\/v2\/product\/34198","targetHints":{"allow":["GET"]}}],"collection":[{"href":"https:\/\/ceasuri.md\/ru\/wp-json\/wp\/v2\/product"}],"about":[{"href":"https:\/\/ceasuri.md\/ru\/wp-json\/wp\/v2\/types\/product"}],"replies":[{"embeddable":true,"href":"https:\/\/ceasuri.md\/ru\/wp-json\/wp\/v2\/comments?post=34198"}],"wp:featuredmedia":[{"embeddable":true,"href":"https:\/\/ceasuri.md\/ru\/wp-json\/wp\/v2\/media\/34199"}],"wp:attachment":[{"href":"https:\/\/ceasuri.md\/ru\/wp-json\/wp\/v2\/media?parent=34198"}],"wp:term":[{"taxonomy":"product_brand","embeddable":true,"href":"https:\/\/ceasuri.md\/ru\/wp-json\/wp\/v2\/product_brand?post=34198"},{"taxonomy":"product_cat","embeddable":true,"href":"https:\/\/ceasuri.md\/ru\/wp-json\/wp\/v2\/product_cat?post=34198"},{"taxonomy":"product_tag","embeddable":true,"href":"https:\/\/ceasuri.md\/ru\/wp-json\/wp\/v2\/product_tag?post=34198"}],"curies":[{"name":"wp","href":"https:\/\/api.w.org\/{rel}","templated":true}]}}