{"id":34182,"date":"2026-04-02T20:37:52","date_gmt":"2026-04-02T17:37:52","guid":{"rendered":"http:\/\/new.ceasuri.md\/shop\/uncategorized\/casio-collection-sgw-450h-2b\/"},"modified":"2026-04-07T03:29:58","modified_gmt":"2026-04-07T00:29:58","slug":"casio-collection-sgw-450h-2b","status":"publish","type":"product","link":"https:\/\/ceasuri.md\/ru\/shop\/branduri\/casio\/casio-collection-sgw-450h-2b\/","title":{"rendered":"Ceas CASIO COLLECTION SGW-450H-2B"},"content":{"rendered":"<p>Acest ceas analogic-digital are avantaje incontestabile: intuitivitatea citirilor analogice \u0219i precizia valorilor digitale.<\/p>\n<p>Lumina de fundal electroluminescent\u0103 lumineaz\u0103 \u00eentregul cadran \u0219i continu\u0103 s\u0103 lumineze pentru o perioad\u0103 de timp dup\u0103 ce butonul este eliberat.<\/p>\n<p>Modulul ceasului este proiectat s\u0103 func\u021bioneze la temperaturi sc\u0103zute.<\/p>\n<p>Altimetru &#8211; senzor de presiune barometric\u0103 \u00eencorporat, cu posibilitatea de a afi\u0219a rezultatele \u00een unit\u0103\u021bi de altitudine deasupra nivelului m\u0103rii (de la -700 la 10000 de metri). Barometru &#8211; m\u0103surare a presiunii atmosferice de la 260 la 1100 hPa (195 la 825 mmHg). Termometru de la -10\u00b0 la +60\u00b0C cu o precizie de 0,1\u00b0C.<\/p>\n<p>Cronometru cu o precizie de citire de 1\/100s \u0219i o durat\u0103 de m\u0103surare de 24 de ore.<\/p>\n<p>Cronometru cu num\u0103r\u0103toare invers\u0103 de la 1min la 24h. Ora universal\u0103.<\/p>\n<p>Format de 12 \u0219i 24 de ore.<\/p>","protected":false},"excerpt":{"rendered":"<p>Acest ceas analogic-digital are avantaje incontestabile: intuitivitatea citirilor analogice \u0219i precizia valorilor digitale. Lumina de fundal electroluminescent\u0103 lumineaz\u0103 \u00eentregul cadran \u0219i continu\u0103 s\u0103 lumineze pentru o perioad\u0103 de timp dup\u0103 ce butonul este eliberat. Modulul ceasului este proiectat s\u0103 func\u021bioneze la temperaturi sc\u0103zute. Altimetru &#8211; senzor de presiune barometric\u0103 \u00eencorporat, cu posibilitatea de a afi\u0219a [&hellip;]<\/p>\n","protected":false},"featured_media":34183,"comment_status":"closed","ping_status":"open","template":"","meta":{"_acf_changed":false},"product_brand":[],"product_cat":[27,20],"product_tag":[],"class_list":{"0":"post-34182","1":"product","2":"type-product","3":"status-publish","4":"has-post-thumbnail","6":"product_cat-casio","7":"product_cat-ceasuri-barbati","8":"pa_brand-casio","9":"pa_braslet-plastic","10":"pa_corpus-51-mm","11":"pa_forma-rotund","12":"pa_funcii-alarma","13":"pa_funcii-altimetru","14":"pa_funcii-barometru","15":"pa_funcii-calendar","16":"pa_funcii-cronometru","17":"pa_funcii-iluminare","18":"pa_funcii-termometru","19":"pa_funcii-timp-mondial","20":"pa_garatia-24-luni","21":"pa_korpus-albastru","22":"pa_korpus-negru","23":"pa_korpus-portocaliu","24":"pa_material-plastic","25":"pa_mehanizm-electronic","26":"pa_mehanizm-quartz","27":"pa_remeshok-negru","28":"pa_steklo-cristal-mineral","29":"pa_strana-japonia","30":"pa_voda-10-atm","32":"first","33":"instock","34":"purchasable","35":"product-type-simple"},"acf":[],"_links":{"self":[{"href":"https:\/\/ceasuri.md\/ru\/wp-json\/wp\/v2\/product\/34182","targetHints":{"allow":["GET"]}}],"collection":[{"href":"https:\/\/ceasuri.md\/ru\/wp-json\/wp\/v2\/product"}],"about":[{"href":"https:\/\/ceasuri.md\/ru\/wp-json\/wp\/v2\/types\/product"}],"replies":[{"embeddable":true,"href":"https:\/\/ceasuri.md\/ru\/wp-json\/wp\/v2\/comments?post=34182"}],"wp:featuredmedia":[{"embeddable":true,"href":"https:\/\/ceasuri.md\/ru\/wp-json\/wp\/v2\/media\/34183"}],"wp:attachment":[{"href":"https:\/\/ceasuri.md\/ru\/wp-json\/wp\/v2\/media?parent=34182"}],"wp:term":[{"taxonomy":"product_brand","embeddable":true,"href":"https:\/\/ceasuri.md\/ru\/wp-json\/wp\/v2\/product_brand?post=34182"},{"taxonomy":"product_cat","embeddable":true,"href":"https:\/\/ceasuri.md\/ru\/wp-json\/wp\/v2\/product_cat?post=34182"},{"taxonomy":"product_tag","embeddable":true,"href":"https:\/\/ceasuri.md\/ru\/wp-json\/wp\/v2\/product_tag?post=34182"}],"curies":[{"name":"wp","href":"https:\/\/api.w.org\/{rel}","templated":true}]}}