{"id":34170,"date":"2026-04-02T20:37:52","date_gmt":"2026-04-02T17:37:52","guid":{"rendered":"http:\/\/new.ceasuri.md\/shop\/uncategorized\/casio-collection-sgw-1000-2b\/"},"modified":"2026-04-20T00:10:40","modified_gmt":"2026-04-19T21:10:40","slug":"casio-collection-sgw-1000-2b","status":"publish","type":"product","link":"https:\/\/ceasuri.md\/ru\/shop\/branduri\/casio\/casio-collection-sgw-1000-2b\/","title":{"rendered":"\u0427\u0430\u0441\u044b CASIO COLLECTION SGW-1000-2B"},"content":{"rendered":"<p>Ceasurile Outgear \u00eentruchipeaz\u0103 tehnologia modern\u0103, frumuse\u021bea func\u021bional\u0103 \u0219i u\u0219urin\u021ba de utilizare &#8211; tot ceea ce ave\u021bi nevoie pentru vacan\u021bele active.<\/p>\n<p>Cadranul este luminat de un LED, func\u021bia de iluminare automat\u0103 lumineaz\u0103 cadranul atunci c\u00e2nd ceasul este \u00eentors spre fa\u021ba dumneavoastr\u0103.<\/p>\n<p>Modulul ceasului este conceput pentru a func\u021biona la temperaturi sc\u0103zute. Busol\u0103 digital\u0103 \u00eencorporat\u0103. Altimetru &#8211; senzor de presiune barometric\u0103 \u00eencorporat, cu posibilitatea de a afi\u0219a rezultatele \u00een unit\u0103\u021bi de altitudine deasupra nivelului m\u0103rii (de la -700 la 10000 de metri). Memorie a datelor altimetrului de p\u00e2n\u0103 la 30 de \u00eenregistr\u0103ri. Barometru &#8211; m\u0103surare a presiunii atmosferice de la 260 la 1100 hPa (195 la 825 mmHg). Termometru &#8211; de la -10\u00b0 la +60\u00b0C cu o precizie de 0,1\u00b0C. Ore de r\u0103s\u0103rit \u0219i apus de soare.<\/p>\n<p>Cronometru cu o precizie de 1\/10s \u0219i un timp de m\u0103surare de 1000h.<\/p>\n<p>Cronometru cu num\u0103r\u0103toare invers\u0103 de la 1min la 24h. Ora universal\u0103. Format de 12 \u0219i 24 de ore.<\/p>\n<p>Indicator de nivel al bateriei.<\/p>\n<p>Func\u021bie de activare\/dezactivare a sunetului.<\/p>","protected":false},"excerpt":{"rendered":"<p>Ceasurile Outgear \u00eentruchipeaz\u0103 tehnologia modern\u0103, frumuse\u021bea func\u021bional\u0103 \u0219i u\u0219urin\u021ba de utilizare &#8211; tot ceea ce ave\u021bi nevoie pentru vacan\u021bele active. Cadranul este luminat de un LED, func\u021bia de iluminare automat\u0103 lumineaz\u0103 cadranul atunci c\u00e2nd ceasul este \u00eentors spre fa\u021ba dumneavoastr\u0103. Modulul ceasului este conceput pentru a func\u021biona la temperaturi sc\u0103zute. Busol\u0103 digital\u0103 \u00eencorporat\u0103. Altimetru &#8211; [&hellip;]<\/p>\n","protected":false},"featured_media":34171,"comment_status":"closed","ping_status":"open","template":"","meta":{"_acf_changed":false},"product_brand":[],"product_cat":[27,20],"product_tag":[],"class_list":{"0":"post-34170","1":"product","2":"type-product","3":"status-publish","4":"has-post-thumbnail","6":"product_cat-casio","7":"product_cat-ceasuri-barbati","8":"pa_brand-casio","9":"pa_braslet-plastic","10":"pa_corpus-54-mm","11":"pa_forma-rotund","12":"pa_funcii-alarma","13":"pa_funcii-altimetru","14":"pa_funcii-barometru","15":"pa_funcii-busola","16":"pa_funcii-calendar","17":"pa_funcii-cronometru","18":"pa_funcii-iluminare","19":"pa_funcii-rezerva-de-energie","20":"pa_funcii-termometru","21":"pa_funcii-timp-mondial","22":"pa_garatia-24-luni","23":"pa_korpus-albastru-inchis","24":"pa_korpus-negru","25":"pa_korpus-verde","26":"pa_kvarc-quartz","27":"pa_material-plastic","28":"pa_mehanizm-electronic","29":"pa_remeshok-negru","30":"pa_steklo-plastic","31":"pa_strana-japonia","32":"pa_voda-10-atm","34":"first","35":"instock","36":"purchasable","37":"product-type-simple"},"acf":[],"_links":{"self":[{"href":"https:\/\/ceasuri.md\/ru\/wp-json\/wp\/v2\/product\/34170","targetHints":{"allow":["GET"]}}],"collection":[{"href":"https:\/\/ceasuri.md\/ru\/wp-json\/wp\/v2\/product"}],"about":[{"href":"https:\/\/ceasuri.md\/ru\/wp-json\/wp\/v2\/types\/product"}],"replies":[{"embeddable":true,"href":"https:\/\/ceasuri.md\/ru\/wp-json\/wp\/v2\/comments?post=34170"}],"wp:featuredmedia":[{"embeddable":true,"href":"https:\/\/ceasuri.md\/ru\/wp-json\/wp\/v2\/media\/34171"}],"wp:attachment":[{"href":"https:\/\/ceasuri.md\/ru\/wp-json\/wp\/v2\/media?parent=34170"}],"wp:term":[{"taxonomy":"product_brand","embeddable":true,"href":"https:\/\/ceasuri.md\/ru\/wp-json\/wp\/v2\/product_brand?post=34170"},{"taxonomy":"product_cat","embeddable":true,"href":"https:\/\/ceasuri.md\/ru\/wp-json\/wp\/v2\/product_cat?post=34170"},{"taxonomy":"product_tag","embeddable":true,"href":"https:\/\/ceasuri.md\/ru\/wp-json\/wp\/v2\/product_tag?post=34170"}],"curies":[{"name":"wp","href":"https:\/\/api.w.org\/{rel}","templated":true}]}}