{"id":34161,"date":"2026-04-02T20:37:52","date_gmt":"2026-04-02T17:37:52","guid":{"rendered":"http:\/\/new.ceasuri.md\/shop\/uncategorized\/casio-illuminator-sdb-100-1a\/"},"modified":"2026-04-07T03:29:54","modified_gmt":"2026-04-07T00:29:54","slug":"casio-illuminator-sdb-100-1a","status":"publish","type":"product","link":"https:\/\/ceasuri.md\/ru\/shop\/branduri\/casio\/casio-illuminator-sdb-100-1a\/","title":{"rendered":"Ceas CASIO ILLUMINATOR SDB-100-1A"},"content":{"rendered":"<p>Ceasurile Sporty Digital. Cadranul este luminat de un LED, func\u021bia de iluminare automat\u0103 lumineaz\u0103 cadranul atunci c\u00e2nd ceasul este \u00eentors spre fa\u021ba dumneavoastr\u0103.<\/p>\n<p>Al doilea fus orar.<\/p>\n<p>Cronometrul m\u0103soar\u0103 timpul \u0219i distan\u021ba, cu dou\u0103 citiri de precizie: 1\/100s (partea de jos a afi\u0219ajului \u00eenainte de 1h, centrul afi\u0219ajului \u00eenainte de 10h) \u0219i 1s (partea de jos a afi\u0219ajului dup\u0103 1h, centrul afi\u0219ajului dup\u0103 10h) \u0219i un timp de m\u0103surare de 100h sau o distan\u021b\u0103 total\u0103 parcurs\u0103 de 999,9 km (999,9 mile). Memorie pentru 61 de pa\u0219i, inclusiv data \u0219i ora pasului.<\/p>\n<p>Cronometru cu num\u0103r\u0103toare invers\u0103 de la 1min la 100h cu repeti\u021bie automat\u0103. Format de timp de 12 \u0219i 24 de ore.<\/p>","protected":false},"excerpt":{"rendered":"<p>Ceasurile Sporty Digital. Cadranul este luminat de un LED, func\u021bia de iluminare automat\u0103 lumineaz\u0103 cadranul atunci c\u00e2nd ceasul este \u00eentors spre fa\u021ba dumneavoastr\u0103. Al doilea fus orar. Cronometrul m\u0103soar\u0103 timpul \u0219i distan\u021ba, cu dou\u0103 citiri de precizie: 1\/100s (partea de jos a afi\u0219ajului \u00eenainte de 1h, centrul afi\u0219ajului \u00eenainte de 10h) \u0219i 1s (partea de [&hellip;]<\/p>\n","protected":false},"featured_media":34162,"comment_status":"closed","ping_status":"open","template":"","meta":{"_acf_changed":false},"product_brand":[],"product_cat":[27,20,25],"product_tag":[],"class_list":{"0":"post-34161","1":"product","2":"type-product","3":"status-publish","4":"has-post-thumbnail","6":"product_cat-casio","7":"product_cat-ceasuri-barbati","8":"product_cat-ceasuri-dama","9":"pa_brand-casio","10":"pa_braslet-plastic","11":"pa_corpus-44-mm","12":"pa_forma-patrat","13":"pa_funcii-alarma","14":"pa_funcii-calendar","15":"pa_funcii-cronometru","16":"pa_funcii-dual-time","17":"pa_funcii-iluminare","18":"pa_garatia-24-luni","19":"pa_korpus-argintiu","20":"pa_korpus-negru","21":"pa_material-otel-inoxidabil","22":"pa_material-plastic","23":"pa_mehanizm-electronic","24":"pa_remeshok-negru","25":"pa_steklo-plastic","26":"pa_strana-japonia","27":"pa_voda-5-atm","29":"first","30":"instock","31":"purchasable","32":"product-type-simple"},"acf":[],"_links":{"self":[{"href":"https:\/\/ceasuri.md\/ru\/wp-json\/wp\/v2\/product\/34161","targetHints":{"allow":["GET"]}}],"collection":[{"href":"https:\/\/ceasuri.md\/ru\/wp-json\/wp\/v2\/product"}],"about":[{"href":"https:\/\/ceasuri.md\/ru\/wp-json\/wp\/v2\/types\/product"}],"replies":[{"embeddable":true,"href":"https:\/\/ceasuri.md\/ru\/wp-json\/wp\/v2\/comments?post=34161"}],"wp:featuredmedia":[{"embeddable":true,"href":"https:\/\/ceasuri.md\/ru\/wp-json\/wp\/v2\/media\/34162"}],"wp:attachment":[{"href":"https:\/\/ceasuri.md\/ru\/wp-json\/wp\/v2\/media?parent=34161"}],"wp:term":[{"taxonomy":"product_brand","embeddable":true,"href":"https:\/\/ceasuri.md\/ru\/wp-json\/wp\/v2\/product_brand?post=34161"},{"taxonomy":"product_cat","embeddable":true,"href":"https:\/\/ceasuri.md\/ru\/wp-json\/wp\/v2\/product_cat?post=34161"},{"taxonomy":"product_tag","embeddable":true,"href":"https:\/\/ceasuri.md\/ru\/wp-json\/wp\/v2\/product_tag?post=34161"}],"curies":[{"name":"wp","href":"https:\/\/api.w.org\/{rel}","templated":true}]}}