{"id":33743,"date":"2026-04-02T20:33:08","date_gmt":"2026-04-02T17:33:08","guid":{"rendered":"http:\/\/new.ceasuri.md\/shop\/uncategorized\/casio-pro-trek-prw-6000y-1e\/"},"modified":"2026-04-07T03:27:50","modified_gmt":"2026-04-07T00:27:50","slug":"casio-pro-trek-prw-6000y-1e","status":"publish","type":"product","link":"https:\/\/ceasuri.md\/ru\/shop\/branduri\/casio\/casio-pro-trek-prw-6000y-1e\/","title":{"rendered":"Ceas CASIO PRO TREK PRW-6000Y-1E"},"content":{"rendered":"<p>Mul\u021bi fani ai alpinismului \u0219i entuzia\u0219ti ai stilului de via\u021b\u0103 activ \u0219tiu c\u0103 PRO TREK este ceasul pe care v\u0103 pute\u021bi baza.<\/p>\n<p>Cadranul este iluminat de un LED; \u00een cazul \u00een care lumina este insuficient\u0103, iluminarea este pornit\u0103 automat atunci c\u00e2nd \u00eencheietura m\u00e2inii este \u00eentoars\u0103 spre fa\u021b\u0103. Func\u021bia de hublou dublu ilumineaz\u0103 nu numai cadranul, ci \u0219i \u00eentregul afi\u0219aj digital. Stratul de neobrit care absoarbe lumina continu\u0103 s\u0103 str\u0103luceasc\u0103 \u00een \u00eentuneric chiar \u0219i dup\u0103 o scurt\u0103 expunere la lumin\u0103.<\/p>\n<p>Alimentat cu energie solar\u0103, indicator de \u00eenc\u0103rcare a bateriei. Modulul ceasului este proiectat s\u0103 func\u021bioneze la temperaturi sc\u0103zute. Func\u021bie automat\u0103 de economisire a energiei. Durata de via\u021b\u0103 a bateriei f\u0103r\u0103 re\u00eenc\u0103rcare &#8211; 6 luni, atunci c\u00e2nd func\u021bia de economisire a energiei este activat\u0103 &#8211; 23 de luni.<\/p>\n<p>Busol\u0103 digital\u0103 \u00eencorporat\u0103. Altimetru &#8211; senzor de presiune barometric\u0103 \u00eencorporat, cu posibilitatea de a afi\u0219a rezultatele \u00een unit\u0103\u021bi de altitudine deasupra nivelului m\u0103rii (de la -700 la 10000 de metri).Barometru &#8211; m\u0103surarea presiunii atmosferice de la 260 la 1100 hPa (195 la 825 mmHg). Senzor de temperatur\u0103 \u00eencorporat de la -10\u00b0 la +60\u00b0C cu o precizie de 0,1\u00b0C.<\/p>\n<p>Corec\u021bie a orei radio pentru cea mai mare parte a Europei, SUA, Japonia \u0219i China.<\/p>\n<p>Sistem Smart Access cu coroan\u0103 electronic\u0103 pentru acces u\u0219or \u0219i convenabil la toate func\u021biile importante ale ceasului.Ap\u0103sarea sau rotirea coroanei v\u0103 permite s\u0103 comuta\u021bi \u00eentre diferite moduri \u0219i s\u0103 activa\u021bi alarma, cronometrul, cronometrul \u0219i s\u0103 regla\u021bi func\u021bia de or\u0103 universal\u0103.<\/p>\n<p>Cronometru cu o precizie de 1\/100sec \u0219i timp de m\u0103surare de 24h.<\/p>\n<p>Cronometru cu num\u0103r\u0103toare invers\u0103 de la 1s la 1h.<\/p>\n<p>Ora mondial\u0103. Format de timp de 12 \u0219i 24 de ore.<\/p>\n<p>Func\u021bie de mute\/dezactivare a sunetului.<\/p>\n<p>Curea din plastic \u00eent\u0103rit\u0103 cu fibr\u0103 de carbon pentru o durabilitate sporit\u0103.<\/p>","protected":false},"excerpt":{"rendered":"<p>Mul\u021bi fani ai alpinismului \u0219i entuzia\u0219ti ai stilului de via\u021b\u0103 activ \u0219tiu c\u0103 PRO TREK este ceasul pe care v\u0103 pute\u021bi baza. Cadranul este iluminat de un LED; \u00een cazul \u00een care lumina este insuficient\u0103, iluminarea este pornit\u0103 automat atunci c\u00e2nd \u00eencheietura m\u00e2inii este \u00eentoars\u0103 spre fa\u021b\u0103. Func\u021bia de hublou dublu ilumineaz\u0103 nu numai cadranul, [&hellip;]<\/p>\n","protected":false},"featured_media":33744,"comment_status":"closed","ping_status":"open","template":"","meta":{"_acf_changed":false},"product_brand":[],"product_cat":[27,571,20],"product_tag":[],"class_list":{"0":"post-33743","1":"product","2":"type-product","3":"status-publish","4":"has-post-thumbnail","6":"product_cat-casio","7":"product_cat-casio-protrek","8":"product_cat-ceasuri-barbati","9":"pa_brand-casio","10":"pa_brand-casio-protrek","11":"pa_braslet-plastic","12":"pa_corpus-52-mm","13":"pa_forma-rotund","14":"pa_funcii-alarma","15":"pa_funcii-altimetru","16":"pa_funcii-barometru","17":"pa_funcii-busola","18":"pa_funcii-calendar","19":"pa_funcii-cronometru","20":"pa_funcii-iluminare","21":"pa_funcii-rezerva-de-energie","22":"pa_funcii-termometru","23":"pa_funcii-timp-mondial","24":"pa_garatia-24-luni","25":"pa_korpus-negru","26":"pa_korpus-portocaliu","27":"pa_material-otel-inoxidabil","28":"pa_material-plastic","29":"pa_mehanizm-baterie-solara","30":"pa_remeshok-negru","31":"pa_steklo-cristal-mineral","32":"pa_strana-japonia","33":"pa_voda-10-atm","35":"first","36":"instock","37":"purchasable","38":"product-type-simple"},"acf":[],"_links":{"self":[{"href":"https:\/\/ceasuri.md\/ru\/wp-json\/wp\/v2\/product\/33743","targetHints":{"allow":["GET"]}}],"collection":[{"href":"https:\/\/ceasuri.md\/ru\/wp-json\/wp\/v2\/product"}],"about":[{"href":"https:\/\/ceasuri.md\/ru\/wp-json\/wp\/v2\/types\/product"}],"replies":[{"embeddable":true,"href":"https:\/\/ceasuri.md\/ru\/wp-json\/wp\/v2\/comments?post=33743"}],"wp:featuredmedia":[{"embeddable":true,"href":"https:\/\/ceasuri.md\/ru\/wp-json\/wp\/v2\/media\/33744"}],"wp:attachment":[{"href":"https:\/\/ceasuri.md\/ru\/wp-json\/wp\/v2\/media?parent=33743"}],"wp:term":[{"taxonomy":"product_brand","embeddable":true,"href":"https:\/\/ceasuri.md\/ru\/wp-json\/wp\/v2\/product_brand?post=33743"},{"taxonomy":"product_cat","embeddable":true,"href":"https:\/\/ceasuri.md\/ru\/wp-json\/wp\/v2\/product_cat?post=33743"},{"taxonomy":"product_tag","embeddable":true,"href":"https:\/\/ceasuri.md\/ru\/wp-json\/wp\/v2\/product_tag?post=33743"}],"curies":[{"name":"wp","href":"https:\/\/api.w.org\/{rel}","templated":true}]}}