{"id":33739,"date":"2026-04-02T20:33:08","date_gmt":"2026-04-02T17:33:08","guid":{"rendered":"http:\/\/new.ceasuri.md\/shop\/uncategorized\/casio-pro-trek-prw-5100-1\/"},"modified":"2026-04-20T00:10:38","modified_gmt":"2026-04-19T21:10:38","slug":"casio-pro-trek-prw-5100-1","status":"publish","type":"product","link":"https:\/\/ceasuri.md\/ru\/shop\/branduri\/casio\/casio-pro-trek-prw-5100-1\/","title":{"rendered":"Ceas CASIO PRO TREK PRW-5100-1"},"content":{"rendered":"<p>Alimentat cu energie solar\u0103, indicator al nivelului bateriei. Iluminare de fundal cu LED-uri complet automat\u0103, care se aprinde numai \u00een condi\u021bii de lumin\u0103 slab\u0103.<\/p>\n<p>Modulul ceasului este proiectat s\u0103 func\u021bioneze la temperaturi sc\u0103zute. Func\u021bie automat\u0103 de economisire a energiei.<\/p>\n<p \/>\n<p>Corec\u021bie a orei prin semnal radio din Germania, China, SUA \u0219i Japonia. Ora mondial\u0103.<\/p>\n<p>Cronometru cu o precizie de 1\/100sec \u0219i timp de m\u0103surare de 1h. Cronometru cu num\u0103r\u0103toare invers\u0103 de la 1min la 1 or\u0103. Formatul de timp de 12 \u0219i 24 de ore.<\/p>\n<p>Busol\u0103 digital\u0103 \u00eencorporat\u0103 cu senzor direc\u021bional. Altimetru &#8211; senzor de presiune barometric\u0103 \u00eencorporat, cu posibilitatea de a afi\u0219a rezultatele \u00een unit\u0103\u021bi de altitudine deasupra nivelului m\u0103rii (de la -700 la 10000 de metri), istoric al ascensiunilor de p\u00e2n\u0103 la 40 de \u00eenregistr\u0103ri (\u00een\u0103l\u021bimea atins\u0103, data, ziua, luna, ora). Barometru &#8211; m\u0103surare a presiunii atmosferice de la 260 la 1100 hPa (195 la 825 mmHg). Termometru &#8211; de la -10 la 60\u00b0C.<\/p>\n<p>Func\u021bie de mute\/dezactivare a sunetului.<\/p>","protected":false},"excerpt":{"rendered":"<p>Alimentat cu energie solar\u0103, indicator al nivelului bateriei. Iluminare de fundal cu LED-uri complet automat\u0103, care se aprinde numai \u00een condi\u021bii de lumin\u0103 slab\u0103. Modulul ceasului este proiectat s\u0103 func\u021bioneze la temperaturi sc\u0103zute. Func\u021bie automat\u0103 de economisire a energiei. Corec\u021bie a orei prin semnal radio din Germania, China, SUA \u0219i Japonia. Ora mondial\u0103. Cronometru cu [&hellip;]<\/p>\n","protected":false},"featured_media":33740,"comment_status":"closed","ping_status":"open","template":"","meta":{"_acf_changed":false},"product_brand":[],"product_cat":[27,571,20],"product_tag":[],"class_list":{"0":"post-33739","1":"product","2":"type-product","3":"status-publish","4":"has-post-thumbnail","6":"product_cat-casio","7":"product_cat-casio-protrek","8":"product_cat-ceasuri-barbati","9":"pa_brand-casio","10":"pa_brand-casio-protrek","11":"pa_braslet-plastic","12":"pa_corpus-50-mm","13":"pa_forma-rotund","14":"pa_funcii-alarma","15":"pa_funcii-altimetru","16":"pa_funcii-barometru","17":"pa_funcii-busola","18":"pa_funcii-calendar","19":"pa_funcii-cronometru","20":"pa_funcii-iluminare","21":"pa_funcii-rezerva-de-energie","22":"pa_funcii-termometru","23":"pa_funcii-timp-mondial","24":"pa_garatia-24-luni","25":"pa_korpus-negru","26":"pa_kvarc-quartz","27":"pa_material-plastic","28":"pa_mehanizm-baterie-solara","29":"pa_remeshok-negru","30":"pa_steklo-cristal-mineral","31":"pa_strana-japonia","32":"pa_voda-10-atm","34":"first","35":"instock","36":"purchasable","37":"product-type-simple"},"acf":[],"_links":{"self":[{"href":"https:\/\/ceasuri.md\/ru\/wp-json\/wp\/v2\/product\/33739","targetHints":{"allow":["GET"]}}],"collection":[{"href":"https:\/\/ceasuri.md\/ru\/wp-json\/wp\/v2\/product"}],"about":[{"href":"https:\/\/ceasuri.md\/ru\/wp-json\/wp\/v2\/types\/product"}],"replies":[{"embeddable":true,"href":"https:\/\/ceasuri.md\/ru\/wp-json\/wp\/v2\/comments?post=33739"}],"wp:featuredmedia":[{"embeddable":true,"href":"https:\/\/ceasuri.md\/ru\/wp-json\/wp\/v2\/media\/33740"}],"wp:attachment":[{"href":"https:\/\/ceasuri.md\/ru\/wp-json\/wp\/v2\/media?parent=33739"}],"wp:term":[{"taxonomy":"product_brand","embeddable":true,"href":"https:\/\/ceasuri.md\/ru\/wp-json\/wp\/v2\/product_brand?post=33739"},{"taxonomy":"product_cat","embeddable":true,"href":"https:\/\/ceasuri.md\/ru\/wp-json\/wp\/v2\/product_cat?post=33739"},{"taxonomy":"product_tag","embeddable":true,"href":"https:\/\/ceasuri.md\/ru\/wp-json\/wp\/v2\/product_tag?post=33739"}],"curies":[{"name":"wp","href":"https:\/\/api.w.org\/{rel}","templated":true}]}}