{"id":33732,"date":"2026-04-02T20:33:08","date_gmt":"2026-04-02T17:33:08","guid":{"rendered":"http:\/\/new.ceasuri.md\/shop\/uncategorized\/casio-pro-trek-prw-5000t-7\/"},"modified":"2026-04-20T00:10:38","modified_gmt":"2026-04-19T21:10:38","slug":"casio-pro-trek-prw-5000t-7","status":"publish","type":"product","link":"https:\/\/ceasuri.md\/ru\/shop\/branduri\/casio\/casio-pro-trek-prw-5000t-7\/","title":{"rendered":"\u0427\u0430\u0441\u044b CASIO PRO TREK PRW-5000T-7"},"content":{"rendered":"<p>Alimentat cu energie solar\u0103, indicator al nivelului bateriei. Modulul ceasului este proiectat s\u0103 func\u021bioneze la temperaturi sc\u0103zute.<\/p>\n<p>Iluminare de fundal cu LED-uri complet automat\u0103, care se aprinde numai \u00een condi\u021bii de lumin\u0103 slab\u0103. Func\u021bie automat\u0103 de economisire a energiei (dezactiveaz\u0103 afi\u0219ajul LCD). Durata de via\u021b\u0103 a bateriei f\u0103r\u0103 re\u00eenc\u0103rcare &#8211; 5 luni, cu func\u021bia de economisire a energiei pornit\u0103 &#8211; 23 de luni.<\/p>\n<p>Corec\u021bie a orei prin semnal radio din Germania, China, SUA \u0219i Japonia. Ora mondial\u0103. Format de 12 \u0219i 24 de ore.<\/p>\n<p>Cronometru cu precizie de 1\/100sec \u0219i timp de m\u0103surare de 60min. Cronometru cu num\u0103r\u0103toare invers\u0103 de la 1min la 1 or\u0103.<\/p>\n<p>Busol\u0103 digital\u0103 \u00eencorporat\u0103 cu senzor direc\u021bional. Altimetru &#8211; senzor de presiune barometric\u0103 \u00eencorporat, cu posibilitatea de a afi\u0219a rezultatele \u00een unit\u0103\u021bi de altitudine deasupra nivelului m\u0103rii (de la -700 la 10000 de metri), istoric al ascensiunilor de p\u00e2n\u0103 la 14 \u00eenregistr\u0103ri (\u00een\u0103l\u021bimea atins\u0103, data, ziua, luna, ora). Barometru &#8211; m\u0103surare a presiunii atmosferice de la 260 la 1100 hPa (7, 65 la 32,45 mmHg), grafic\u0103. Termometru de la -10 la 60\u00b0C.<\/p>\n<p>Func\u021bie de mute\/dezactivare a sunetului.<\/p>","protected":false},"excerpt":{"rendered":"<p>Alimentat cu energie solar\u0103, indicator al nivelului bateriei. Modulul ceasului este proiectat s\u0103 func\u021bioneze la temperaturi sc\u0103zute. Iluminare de fundal cu LED-uri complet automat\u0103, care se aprinde numai \u00een condi\u021bii de lumin\u0103 slab\u0103. Func\u021bie automat\u0103 de economisire a energiei (dezactiveaz\u0103 afi\u0219ajul LCD). Durata de via\u021b\u0103 a bateriei f\u0103r\u0103 re\u00eenc\u0103rcare &#8211; 5 luni, cu func\u021bia de [&hellip;]<\/p>\n","protected":false},"featured_media":33733,"comment_status":"closed","ping_status":"open","template":"","meta":{"_acf_changed":false},"product_brand":[],"product_cat":[27,571,20],"product_tag":[],"class_list":{"0":"post-33732","1":"product","2":"type-product","3":"status-publish","4":"has-post-thumbnail","6":"product_cat-casio","7":"product_cat-casio-protrek","8":"product_cat-ceasuri-barbati","9":"pa_brand-casio","10":"pa_brand-casio-protrek","11":"pa_braslet-titan","12":"pa_corpus-50-mm","13":"pa_forma-rotund","14":"pa_funcii-alarma","15":"pa_funcii-altimetru","16":"pa_funcii-barometru","17":"pa_funcii-busola","18":"pa_funcii-calendar","19":"pa_funcii-cronometru","20":"pa_funcii-iluminare","21":"pa_funcii-rezerva-de-energie","22":"pa_funcii-termometru","23":"pa_funcii-timp-mondial","24":"pa_garatia-24-luni","25":"pa_korpus-argintiu","26":"pa_korpus-negru","27":"pa_kvarc-quartz","28":"pa_material-otel-inoxidabil","29":"pa_material-plastic","30":"pa_mehanizm-baterie-solara","31":"pa_remeshok-argintiu","32":"pa_steklo-cristal-mineral","33":"pa_strana-japonia","34":"pa_voda-10-atm","36":"first","37":"outofstock","38":"purchasable","39":"product-type-simple"},"acf":[],"_links":{"self":[{"href":"https:\/\/ceasuri.md\/ru\/wp-json\/wp\/v2\/product\/33732","targetHints":{"allow":["GET"]}}],"collection":[{"href":"https:\/\/ceasuri.md\/ru\/wp-json\/wp\/v2\/product"}],"about":[{"href":"https:\/\/ceasuri.md\/ru\/wp-json\/wp\/v2\/types\/product"}],"replies":[{"embeddable":true,"href":"https:\/\/ceasuri.md\/ru\/wp-json\/wp\/v2\/comments?post=33732"}],"wp:featuredmedia":[{"embeddable":true,"href":"https:\/\/ceasuri.md\/ru\/wp-json\/wp\/v2\/media\/33733"}],"wp:attachment":[{"href":"https:\/\/ceasuri.md\/ru\/wp-json\/wp\/v2\/media?parent=33732"}],"wp:term":[{"taxonomy":"product_brand","embeddable":true,"href":"https:\/\/ceasuri.md\/ru\/wp-json\/wp\/v2\/product_brand?post=33732"},{"taxonomy":"product_cat","embeddable":true,"href":"https:\/\/ceasuri.md\/ru\/wp-json\/wp\/v2\/product_cat?post=33732"},{"taxonomy":"product_tag","embeddable":true,"href":"https:\/\/ceasuri.md\/ru\/wp-json\/wp\/v2\/product_tag?post=33732"}],"curies":[{"name":"wp","href":"https:\/\/api.w.org\/{rel}","templated":true}]}}