{"id":33724,"date":"2026-04-02T20:33:08","date_gmt":"2026-04-02T17:33:08","guid":{"rendered":"http:\/\/new.ceasuri.md\/shop\/uncategorized\/casio-pro-trek-prw-2000-1\/"},"modified":"2026-04-07T03:27:47","modified_gmt":"2026-04-07T00:27:47","slug":"casio-pro-trek-prw-2000-1","status":"publish","type":"product","link":"https:\/\/ceasuri.md\/ru\/shop\/branduri\/casio\/casio-pro-trek-prw-2000-1\/","title":{"rendered":"Ceas CASIO PRO TREK PRW-2000-1"},"content":{"rendered":"<p>O linie de ceasuri care a devenit popular\u0103 \u00eenc\u0103 de la \u00eenceputurile sale pe pia\u021ba ceasurilor. Conceput pentru c\u0103l\u0103torii \u0219i entuzia\u0219tii activit\u0103\u021bilor \u00een aer liber, versatilul PRW-2000 va fi, de asemenea, pe placul pasiona\u021bilor de stil de via\u021b\u0103 activ.<\/p>\n<p>Lumina de fundal electroluminescent\u0103 lumineaz\u0103 \u00eentregul cadran. Lumina de fundal se activeaz\u0103 atunci c\u00e2nd lumina este insuficient\u0103 \u0219i se dezactiveaz\u0103 atunci c\u00e2nd lumina este suficient\u0103. Alimentat cu energie solar\u0103, indicator de \u00eenc\u0103rcare a bateriei. Modulul ceasului este proiectat s\u0103 func\u021bioneze la temperaturi sc\u0103zute.<\/p>\n<p>Tehnologia Multi Band 6 v\u0103 permite s\u0103 recep\u021biona\u021bi semnale de la \u0219ase turnuri radio situate \u00een diferite p\u0103r\u021bi ale globului, care transmit semnale de timp de la ceasuri atomice specifice. Corectarea orei curente prin semnal radio \u00een aproape toat\u0103 Europa, SUA, Japonia \u0219i China.<\/p>\n<p>Busol\u0103 digital\u0103 \u00eencorporat\u0103. Altimetru: altitudine maxim\u0103 &#8211; 10000 de metri deasupra nivelului m\u0103rii, func\u021bie de \u00eensumare a tuturor altitudinilor parcurse. Afi\u0219eaz\u0103 ora r\u0103s\u0103ritului \u0219i a apusului soarelui la latitudinea curent\u0103. Barometru &#8211; m\u0103surare a presiunii atmosferice de la 260 la 1100 hPa (195 la 825 mmHg). Indicator de temperatur\u0103 \u00eencorporat de la -10 la +60 grade C.<\/p>\n<p>Ora mondial\u0103.<\/p>\n<p>Cronometru cu o precizie de 1\/100sec \u0219i timp de m\u0103surare de 24h.<\/p>\n<p>Cronometru cu num\u0103r\u0103toare invers\u0103 de la 1min la 24h.<\/p>\n<p>Format de timp de 12\/24 ore.<\/p>","protected":false},"excerpt":{"rendered":"<p>O linie de ceasuri care a devenit popular\u0103 \u00eenc\u0103 de la \u00eenceputurile sale pe pia\u021ba ceasurilor. Conceput pentru c\u0103l\u0103torii \u0219i entuzia\u0219tii activit\u0103\u021bilor \u00een aer liber, versatilul PRW-2000 va fi, de asemenea, pe placul pasiona\u021bilor de stil de via\u021b\u0103 activ. Lumina de fundal electroluminescent\u0103 lumineaz\u0103 \u00eentregul cadran. Lumina de fundal se activeaz\u0103 atunci c\u00e2nd lumina este [&hellip;]<\/p>\n","protected":false},"featured_media":33725,"comment_status":"closed","ping_status":"open","template":"","meta":{"_acf_changed":false},"product_brand":[],"product_cat":[27,571,20],"product_tag":[],"class_list":{"0":"post-33724","1":"product","2":"type-product","3":"status-publish","4":"has-post-thumbnail","6":"product_cat-casio","7":"product_cat-casio-protrek","8":"product_cat-ceasuri-barbati","9":"pa_brand-casio","10":"pa_brand-casio-protrek","11":"pa_braslet-plastic","12":"pa_corpus-51-mm","13":"pa_forma-rotund","14":"pa_funcii-alarma","15":"pa_funcii-altimetru","16":"pa_funcii-barometru","17":"pa_funcii-busola","18":"pa_funcii-calendar","19":"pa_funcii-cronometru","20":"pa_funcii-iluminare","21":"pa_funcii-rezerva-de-energie","22":"pa_funcii-termometru","23":"pa_funcii-timp-mondial","24":"pa_garatia-24-luni","25":"pa_korpus-argintiu","26":"pa_korpus-negru","27":"pa_material-plastic","28":"pa_mehanizm-baterie-solara","29":"pa_mehanizm-electronic","30":"pa_remeshok-negru","31":"pa_steklo-cristal-mineral","32":"pa_strana-japonia","33":"pa_voda-10-atm","35":"first","36":"instock","37":"purchasable","38":"product-type-simple"},"acf":[],"_links":{"self":[{"href":"https:\/\/ceasuri.md\/ru\/wp-json\/wp\/v2\/product\/33724","targetHints":{"allow":["GET"]}}],"collection":[{"href":"https:\/\/ceasuri.md\/ru\/wp-json\/wp\/v2\/product"}],"about":[{"href":"https:\/\/ceasuri.md\/ru\/wp-json\/wp\/v2\/types\/product"}],"replies":[{"embeddable":true,"href":"https:\/\/ceasuri.md\/ru\/wp-json\/wp\/v2\/comments?post=33724"}],"wp:featuredmedia":[{"embeddable":true,"href":"https:\/\/ceasuri.md\/ru\/wp-json\/wp\/v2\/media\/33725"}],"wp:attachment":[{"href":"https:\/\/ceasuri.md\/ru\/wp-json\/wp\/v2\/media?parent=33724"}],"wp:term":[{"taxonomy":"product_brand","embeddable":true,"href":"https:\/\/ceasuri.md\/ru\/wp-json\/wp\/v2\/product_brand?post=33724"},{"taxonomy":"product_cat","embeddable":true,"href":"https:\/\/ceasuri.md\/ru\/wp-json\/wp\/v2\/product_cat?post=33724"},{"taxonomy":"product_tag","embeddable":true,"href":"https:\/\/ceasuri.md\/ru\/wp-json\/wp\/v2\/product_tag?post=33724"}],"curies":[{"name":"wp","href":"https:\/\/api.w.org\/{rel}","templated":true}]}}