{"id":33578,"date":"2026-04-02T20:31:03","date_gmt":"2026-04-02T17:31:03","guid":{"rendered":"http:\/\/new.ceasuri.md\/shop\/uncategorized\/poljot-international-gorbatchov-2427-1546513\/"},"modified":"2026-04-22T16:16:15","modified_gmt":"2026-04-22T13:16:15","slug":"poljot-international-gorbatchov-2427-1546513","status":"publish","type":"product","link":"https:\/\/ceasuri.md\/ru\/shop\/branduri\/poljot-international\/poljot-international-gorbatchov-2427-1546513\/","title":{"rendered":"\u0427\u0430\u0441\u044b POLJOT INTERNATIONAL GORBATCHOV LE 2427.1546513"},"content":{"rendered":"<p>Ceasul b\u0103rb\u0103tesc Alexander Shorokhoff Gorbatchov este mai mult dec\u00e2t un simplu ceas; este istorie vie la \u00eencheietura m\u00e2inii tale.<br \/>\nUnicitatea acestei edi\u021bii limitate, reeditat\u0103 \u00een onoarea celei de-a 25-a anivers\u0103ri a manufacturii, const\u0103 \u00een simbolismul s\u0103u profund: dou\u0103 steaguri de pe cadran reprezint\u0103 tranzi\u021bia de la URSS la Federa\u021bia Rus\u0103. Cuvintele care au devenit simboluri ale acelei ere a schimb\u0103rii sunt inscrip\u021bionate de-a lungul marginii ceasului: \u201ePerestroika\u201d, \u201eGlasnost\u201d, \u201eDemocra\u021bie\u201d \u0219i \u201ePace\u201d, transform\u00e2nd accesoriul \u00eentr-un manifest puternic al libert\u0103\u021bii \u0219i respectului reciproc.<br \/>\nAceast\u0103 versiune actualizat\u0103 a acestui bestseller legendar este echipat\u0103 cu un mecanism automat modern, iar \u00een loc de cifre, cadranul prezint\u0103 indici rafina\u021bi din aur roz.<br \/>\nAcesta nu este doar un ceas, ci un accesoriu pentru b\u0103rba\u021bii puternici \u0219i \u00eencrez\u0103tori care apreciaz\u0103 amploarea evenimentelor istorice \u0219i contribu\u021bia indivizilor la istoria lumii.<br \/>\nO edi\u021bie limitat\u0103 de doar 250 de buc\u0103\u021bi face din acest model o pies\u0103 de colec\u021bie rar\u0103. Sunt disponibile modelele cu nr. 165 \u0219i 211.<\/p>","protected":false},"excerpt":{"rendered":"<p>Ceasul b\u0103rb\u0103tesc Alexander Shorokhoff Gorbatchov este mai mult dec\u00e2t un simplu ceas; este istorie vie la \u00eencheietura m\u00e2inii tale. Unicitatea acestei edi\u021bii limitate, reeditat\u0103 \u00een onoarea celei de-a 25-a anivers\u0103ri a manufacturii, const\u0103 \u00een simbolismul s\u0103u profund: dou\u0103 steaguri de pe cadran reprezint\u0103 tranzi\u021bia de la URSS la Federa\u021bia Rus\u0103. Cuvintele care au devenit simboluri [&hellip;]<\/p>\n","protected":false},"featured_media":33579,"comment_status":"closed","ping_status":"open","template":"","meta":{"_acf_changed":false},"product_brand":[],"product_cat":[20,106,205,569],"product_tag":[595,691,692],"class_list":{"0":"post-33578","1":"product","2":"type-product","3":"status-publish","4":"has-post-thumbnail","6":"product_cat-ceasuri-barbati","7":"product_cat-ceasuri-premium","8":"product_cat-limited-edition","9":"product_cat-poljot-international","10":"product_tag-cronograf","11":"product_tag-691","12":"product_tag-692","13":"pa_brand-poljot-international","14":"pa_braslet-piele","15":"pa_corpus-43-mm","16":"pa_forma-rotund","17":"pa_funcii-data","18":"pa_funcii-limited-edition","19":"pa_funcii-ziua-saptamanii","20":"pa_garatia-24-luni","21":"pa_korpus-argintiu","22":"pa_material-otel-inoxidabil","23":"pa_mehanizm-mecanic","24":"pa_mehanizm-mecanism-automatic","25":"pa_remeshok-negru","26":"pa_steklo-cristal-safir","27":"pa_strana-germania","28":"pa_voda-5-atm","30":"first","31":"instock","32":"purchasable","33":"product-type-simple"},"acf":[],"_links":{"self":[{"href":"https:\/\/ceasuri.md\/ru\/wp-json\/wp\/v2\/product\/33578","targetHints":{"allow":["GET"]}}],"collection":[{"href":"https:\/\/ceasuri.md\/ru\/wp-json\/wp\/v2\/product"}],"about":[{"href":"https:\/\/ceasuri.md\/ru\/wp-json\/wp\/v2\/types\/product"}],"replies":[{"embeddable":true,"href":"https:\/\/ceasuri.md\/ru\/wp-json\/wp\/v2\/comments?post=33578"}],"wp:featuredmedia":[{"embeddable":true,"href":"https:\/\/ceasuri.md\/ru\/wp-json\/wp\/v2\/media\/33579"}],"wp:attachment":[{"href":"https:\/\/ceasuri.md\/ru\/wp-json\/wp\/v2\/media?parent=33578"}],"wp:term":[{"taxonomy":"product_brand","embeddable":true,"href":"https:\/\/ceasuri.md\/ru\/wp-json\/wp\/v2\/product_brand?post=33578"},{"taxonomy":"product_cat","embeddable":true,"href":"https:\/\/ceasuri.md\/ru\/wp-json\/wp\/v2\/product_cat?post=33578"},{"taxonomy":"product_tag","embeddable":true,"href":"https:\/\/ceasuri.md\/ru\/wp-json\/wp\/v2\/product_tag?post=33578"}],"curies":[{"name":"wp","href":"https:\/\/api.w.org\/{rel}","templated":true}]}}